{"id":1888,"date":"2020-12-27T19:02:34","date_gmt":"2020-12-27T17:02:34","guid":{"rendered":"https:\/\/alkaline.lv\/?post_type=product&#038;p=1888"},"modified":"2025-04-09T11:37:46","modified_gmt":"2025-04-09T08:37:46","slug":"suma-delta-l4-8-trauku-mazgasanas-lidzeklis-20l","status":"publish","type":"product","link":"https:\/\/alkaline.lv\/en\/products\/suma-delta-l4-8-trauku-mazgasanas-lidzeklis-20l\/","title":{"rendered":"L\u012bdzeklis meh\u0101niskai trauku mazg\u0101\u0161anai SUMA DELTA L4.8, 20L"},"content":{"rendered":"<p><strong>L\u012bdzeklis meh\u0101niskai trauku mazg\u0101\u0161anai Diversey L4.8 SUMA DELTA 20 L &#8211;\u00a0<\/strong>koncentr\u0101ts<\/p>\n<p>\u0160\u0137idrais\u00a0mazg\u0101\u0161anas l\u012bdzeklis autom\u0101tiskai trauku mazg\u0101\u0161anai ciet\u0101\u00a0\u016bden\u012b<\/p>\n<p><strong>Suma Delta L4.8<\/strong>\u00a0ir koncentr\u0113ts, s\u0101rmains mazg\u0101\u0161anas l\u012bdzeklis autom\u0101tiskai trauku mazg\u0101\u0161anai, kas \u012bpa\u0161i veidots, lai nodro\u0161in\u0101tu vislab\u0101ko t\u012br\u012b\u0161anu ciet\u0101 \u016bden\u012b. Tas ir \u0161\u0137idrs mazg\u0101\u0161anas l\u012bdzeklis lieto\u0161anai trauku mazg\u0101jam\u0101s ma\u0161\u012bn\u0101s ar papl\u0101ti vai kust\u012bgiem groziem. L\u012bdzeklis satur s\u0101rma un katlakmens inhibitoru mais\u012bjumu, kas sniedz lielisku rezult\u0101tu, \u012bpa\u0161i attiec\u012bb\u0101 uz katlakmens no\u0146em\u0161anu ciet\u0101 \u016bden\u012b.<\/p>\n<p><strong>Priek\u0161roc\u012bbas<\/strong><\/p>\n<ul>\n<li>No\u0146em taukus un piekaltu\u0161u \u0113dienu paliekas<\/li>\n<li>L\u012bdzek\u013ca koncentr\u0113t\u0101 formula nodro\u0161ina ekonomisku izlietojumu<\/li>\n<li>Nov\u0113r\u0161 katlakmens veido\u0161anos trauku mazg\u0101jam\u0101s ma\u0161\u012bn\u0101s pat ciet\u0101 \u016bden\u012b<\/li>\n<\/ul>\n<p><strong>Instrukcija<\/strong><\/p>\n<div class=\"simple-content\">\n<div>\n<p><strong>Suma\u00a0Delta L4.8<\/strong> parasti tiek lietots ar autom\u0101tisko izsmidzin\u0101t\u0101ju <strong>Diversey Care<\/strong>. Tom\u0113r, to var lietot ar\u012b ma\u0161\u012bn\u0101s ar ieb\u016bv\u0113to m\u0113r\u012bjumu sist\u0113mu. Lai sasniegtu vislab\u0101kos rezult\u0101tus ciet\u0101 \u016bden\u012b, lietojiet koncentr\u0101ciju 1 g\/l l\u012bdz 3 g\/l, atkar\u012bb\u0101 no vietas un \u016bdens ciet\u012bbas. Lietojot pirmo reizi, izskalojiet s\u016bkni un doz\u0113\u0161anas sist\u0113mas \u0161\u013c\u016btenes, lai nov\u0113rstu iesp\u0113jamu kristaliz\u0101ciju produktu sajauk\u0161an\u0101s d\u0113\u013c.<\/p>\n<p><strong>Dro\u0161a lieto\u0161ana un uzglab\u0101\u0161ana<\/strong><\/p>\n<p>Lieto\u0161ana: Pilna inform\u0101cija par piesardz\u012bgu lieto\u0161anu un produkta utiliz\u0101ciju ir pieejama Datu lap\u0101.<\/p>\n<\/div>\n<\/div>\n<p><strong>pH: 12<\/strong><\/p>\n<p><strong>Tilpums: 20L<\/strong><\/p>\n<p>&nbsp;<\/p>\n","protected":false},"excerpt":{"rendered":"<div class=\"item_meta\"><\/div>\n<div><\/div>\n","protected":false},"featured_media":1889,"template":"","meta":{"inline_featured_image":false},"product_cat":[89],"product_tag":[],"class_list":{"0":"post-1888","1":"product","2":"type-product","3":"status-publish","4":"has-post-thumbnail","6":"product_cat-trauku-masinam","8":"first","9":"instock","10":"taxable","11":"shipping-taxable","12":"purchasable","13":"product-type-simple","14":"add-to-wishlist-after_add_to_cart"},"_links":{"self":[{"href":"https:\/\/alkaline.lv\/en\/wp-json\/wp\/v2\/product\/1888"}],"collection":[{"href":"https:\/\/alkaline.lv\/en\/wp-json\/wp\/v2\/product"}],"about":[{"href":"https:\/\/alkaline.lv\/en\/wp-json\/wp\/v2\/types\/product"}],"wp:featuredmedia":[{"embeddable":true,"href":"https:\/\/alkaline.lv\/en\/wp-json\/wp\/v2\/media\/1889"}],"wp:attachment":[{"href":"https:\/\/alkaline.lv\/en\/wp-json\/wp\/v2\/media?parent=1888"}],"wp:term":[{"taxonomy":"product_cat","embeddable":true,"href":"https:\/\/alkaline.lv\/en\/wp-json\/wp\/v2\/product_cat?post=1888"},{"taxonomy":"product_tag","embeddable":true,"href":"https:\/\/alkaline.lv\/en\/wp-json\/wp\/v2\/product_tag?post=1888"}],"curies":[{"name":"wp","href":"https:\/\/api.w.org\/{rel}","templated":true}]}}