{"id":1890,"date":"2020-12-27T19:11:40","date_gmt":"2020-12-27T17:11:40","guid":{"rendered":"https:\/\/alkaline.lv\/?post_type=product&#038;p=1890"},"modified":"2023-11-24T16:36:48","modified_gmt":"2023-11-24T14:36:48","slug":"suma-quick-foam-d1-trauku-mazgasanas-lidzeklis-ar-putu-dozatoru-475-ml","status":"publish","type":"product","link":"https:\/\/alkaline.lv\/en\/products\/suma-quick-foam-d1-trauku-mazgasanas-lidzeklis-ar-putu-dozatoru-475-ml\/","title":{"rendered":"Trauku mazg\u0101\u0161anas l\u012bdzeklis ar putu dozatoru SUMA QUICK FOAM D1  475 ml"},"content":{"rendered":"<p>Koncentr\u0113ts mazg\u0101\u0161anas l\u012bdzeklis &#8211; putas, kas paredz\u0113ts trauku, pannu, katlu, galda un virtuves piederumu manu\u0101lai mazg\u0101\u0161anai.<\/p>\n<ul>\n<li>\u013boti koncentr\u0113ts produkts<\/li>\n<li>Doz\u0113\u0161anas s\u016bknis biez\u0101m put\u0101m<\/li>\n<li>\u013boti ekonomisks pat\u0113ri\u0146\u0161<\/li>\n<li>Neatst\u0101j sv\u012btras<\/li>\n<li>Labi nomazg\u0101jas<\/li>\n<li>Neitr\u0101ls ph<\/li>\n<\/ul>\n<p><strong>Suma Quick Foam D1.6<\/strong>\u00a0novatorisk\u0101 roku trauku mazg\u0101\u0161anas sist\u0113ma ir koncentr\u0113ts putojo\u0161s mazg\u0101\u0161anas l\u012bdzeklis visu veidu trauku mazg\u0101\u0161anai. Optim\u0101l\u0101 virsmakt\u012bvo vielu kombin\u0101cija efekt\u012bvi no\u0146em taukus un sp\u012bt\u012bgus p\u0101rtikas traipus. Viegli noskalojams un neatst\u0101j sv\u012btras uz trauku virsmas. Pateicoties stabilaj\u0101m un koncentr\u0113taj\u0101m put\u0101m, viena produkta da\u013ca \u013cauj mazg\u0101t lielu daudzumu trauku. Neprasa m\u0113rc\u0113\u0161anu.<\/p>\n<p>Vienu reizi nospie\u017eot s\u016bkni, rodas biezas putas, kas ir pietiekamas, lai mazg\u0101tu tr\u012bs komplektus (3 dak\u0161i\u0146as, 3 na\u017ei, 3 pl\u0101ksnes, 3 gl\u0101zes). Ar vienu pudeli pietiek, lai mazg\u0101tu 1500 komplektus (dak\u0161i\u0146as, na\u017eus, \u0161\u0137\u012bvjus, gl\u0101zes).<\/p>\n<p>600 devas = 1800 izmazg\u0101tas galda piederumu vien\u012bbas.<\/p>\n<p><strong>pH 5.5<\/strong><\/p>\n<p><strong>Tilpums: 475 ml<\/strong><\/p>\n<p>&nbsp;<\/p>\n","protected":false},"excerpt":{"rendered":"<div class=\"item_meta\"><\/div>\n<div><\/div>\n","protected":false},"featured_media":1891,"template":"","meta":{"inline_featured_image":false},"product_cat":[371],"product_tag":[],"class_list":{"0":"post-1890","1":"product","2":"type-product","3":"status-publish","4":"has-post-thumbnail","6":"product_cat-trauku-mazgasanas-lidzekli-mazajos-iepakojumos","8":"first","9":"instock","10":"taxable","11":"shipping-taxable","12":"purchasable","13":"product-type-simple","14":"add-to-wishlist-after_add_to_cart"},"_links":{"self":[{"href":"https:\/\/alkaline.lv\/en\/wp-json\/wp\/v2\/product\/1890"}],"collection":[{"href":"https:\/\/alkaline.lv\/en\/wp-json\/wp\/v2\/product"}],"about":[{"href":"https:\/\/alkaline.lv\/en\/wp-json\/wp\/v2\/types\/product"}],"wp:featuredmedia":[{"embeddable":true,"href":"https:\/\/alkaline.lv\/en\/wp-json\/wp\/v2\/media\/1891"}],"wp:attachment":[{"href":"https:\/\/alkaline.lv\/en\/wp-json\/wp\/v2\/media?parent=1890"}],"wp:term":[{"taxonomy":"product_cat","embeddable":true,"href":"https:\/\/alkaline.lv\/en\/wp-json\/wp\/v2\/product_cat?post=1890"},{"taxonomy":"product_tag","embeddable":true,"href":"https:\/\/alkaline.lv\/en\/wp-json\/wp\/v2\/product_tag?post=1890"}],"curies":[{"name":"wp","href":"https:\/\/api.w.org\/{rel}","templated":true}]}}