{"id":1893,"date":"2020-12-27T19:21:05","date_gmt":"2020-12-27T17:21:05","guid":{"rendered":"https:\/\/alkaline.lv\/?post_type=product&#038;p=1893"},"modified":"2025-04-09T10:27:04","modified_gmt":"2025-04-09T07:27:04","slug":"suma-crystal-a8-trauku-skalosanas-lidzeklis-5-l","status":"publish","type":"product","link":"https:\/\/alkaline.lv\/en\/products\/suma-crystal-a8-trauku-skalosanas-lidzeklis-5-l\/","title":{"rendered":"Skalo\u0161anas l\u012bdzeklis trauku mazg\u0101jam\u0101m ma\u0161\u012bn\u0101m SUMA CRYSTAL A8, 5 L"},"content":{"rendered":"<p><strong>Skalo\u0161anas l\u012bdzeklis trauku mazg\u0101jam\u0101m ma\u0161\u012bn\u0101m Suma CRYSTAL A8 5L &#8211;\u00a0koncentr\u0101ts<\/strong><\/p>\n<p>Koncentr\u0113ts skalo\u0161anas l\u012bdzeklis ar mazu puto\u0161anu. Lieliski piem\u0113rota videi ar cietu \u016bdeni. Ieteicams lietot kop\u0101 ar polikarbon\u0101ta trauku. Piem\u0113rots visu veidu trauku mazg\u0101jam\u0101m ma\u0161\u012bn\u0101m, kur ir autom\u0101tiskais izsmidzin\u0101t\u0101js.<\/p>\n<ul>\n<li>Zema puto\u0161ana<\/li>\n<li>S\u0101\u013cu atdal\u012b\u0161ana no cieta \u016bdens<\/li>\n<li>Neitraliz\u0113 mazg\u0101\u0161anas l\u012bdzek\u013cu atliekas uz traukiem<\/li>\n<li>Augsta koncentr\u0101cija<\/li>\n<\/ul>\n<p>Deva: 0,25-0,5 g uz 1 litru \u016bdens<\/p>\n<ul>\n<li>Veicina \u0101tru \u017e\u0101v\u0113\u0161anu<\/li>\n<li>Nav sadal\u012b\u0161an\u0101s<\/li>\n<li>Labi darbojas pat ciet\u0101 \u016bden\u012b<\/li>\n<li>Ekonomisks augstas koncentr\u0101cijas d\u0113\u013c<\/li>\n<li>Izvairieties no saskares ar \u0101du, ac\u012bm un ap\u0123\u0113rbu.<\/li>\n<li>Valk\u0101jiet piem\u0113rotus cimdus un sejas aizsargus.<\/li>\n<li>Neieelpot.<\/li>\n<\/ul>\n<p><strong>Tilpums: 5L<\/strong><\/p>\n<p>&nbsp;<\/p>\n","protected":false},"excerpt":{"rendered":"<div class=\"item_meta\"><\/div>\n<div><\/div>\n","protected":false},"featured_media":1895,"template":"","meta":{"inline_featured_image":false},"product_cat":[373],"product_tag":[],"class_list":{"0":"post-1893","1":"product","2":"type-product","3":"status-publish","4":"has-post-thumbnail","6":"product_cat-trauku-masinam-skalosanas-lidzekli","8":"first","9":"instock","10":"taxable","11":"shipping-taxable","12":"purchasable","13":"product-type-simple","14":"add-to-wishlist-after_add_to_cart"},"_links":{"self":[{"href":"https:\/\/alkaline.lv\/en\/wp-json\/wp\/v2\/product\/1893"}],"collection":[{"href":"https:\/\/alkaline.lv\/en\/wp-json\/wp\/v2\/product"}],"about":[{"href":"https:\/\/alkaline.lv\/en\/wp-json\/wp\/v2\/types\/product"}],"wp:featuredmedia":[{"embeddable":true,"href":"https:\/\/alkaline.lv\/en\/wp-json\/wp\/v2\/media\/1895"}],"wp:attachment":[{"href":"https:\/\/alkaline.lv\/en\/wp-json\/wp\/v2\/media?parent=1893"}],"wp:term":[{"taxonomy":"product_cat","embeddable":true,"href":"https:\/\/alkaline.lv\/en\/wp-json\/wp\/v2\/product_cat?post=1893"},{"taxonomy":"product_tag","embeddable":true,"href":"https:\/\/alkaline.lv\/en\/wp-json\/wp\/v2\/product_tag?post=1893"}],"curies":[{"name":"wp","href":"https:\/\/api.w.org\/{rel}","templated":true}]}}