{"id":1904,"date":"2020-12-27T20:00:45","date_gmt":"2020-12-27T18:00:45","guid":{"rendered":"https:\/\/alkaline.lv\/?post_type=product&#038;p=1904"},"modified":"2024-07-23T14:23:03","modified_gmt":"2024-07-23T11:23:03","slug":"taski-jontec-luna-pusmatets-gridu-vasks-5-l","status":"publish","type":"product","link":"https:\/\/alkaline.lv\/en\/products\/taski-jontec-luna-pusmatets-gridu-vasks-5-l\/","title":{"rendered":"Pusmat\u0113ts gr\u012bdu vasks TASKI JONTEC LUNA, 5 L"},"content":{"rendered":"<p>Jontec Luna ir pla\u0161i pielietojams gr\u012bdas aizsargsl\u0101nis uz polim\u0113ru b\u0101zes z\u012bdaini sp\u012bd\u012bga gr\u012bdas p\u0101rkl\u0101juma ieg\u016b\u0161anai.<br \/>\nProdukts pie\u0161\u0137ir gr\u012bdai vienm\u0113r\u012bgi skaistu sp\u012bdumu, veido \u012bpa\u0161i notur\u012bgu aizsargk\u0101rtu, kas pasarg\u0101 gr\u012bdu no \u0101tras nodil\u0161anas un atvieglo ikdienas uzkop\u0161anu, k\u0101 ar\u012b samazina gr\u012bdas sl\u012bd\u0113\u0161anu, saska\u0146\u0101 ar starptautiskajiem standartiem (ASTM D-2047).<br \/>\nTas \u0101tri \u017e\u016bst un pielietojams visda\u017e\u0101d\u0101ko gr\u012bdu segumiem, piem., vinila, PVC, linoleja, akmens, koka, kor\u0137a un betona gr\u012bd\u0101m.<\/p>\n<p><strong>Tilpums: 5L<\/strong><\/p>\n<p>&nbsp;<\/p>\n","protected":false},"excerpt":{"rendered":"<div class=\"item_meta\"><\/div>\n<div><\/div>\n","protected":false},"featured_media":1905,"template":"","meta":{"inline_featured_image":false},"product_cat":[76],"product_tag":[],"class_list":{"0":"post-1904","1":"product","2":"type-product","3":"status-publish","4":"has-post-thumbnail","6":"product_cat-gridu-vaskosanai-un-atjaunosanai","8":"first","9":"instock","10":"taxable","11":"shipping-taxable","12":"purchasable","13":"product-type-simple","14":"add-to-wishlist-after_add_to_cart"},"_links":{"self":[{"href":"https:\/\/alkaline.lv\/en\/wp-json\/wp\/v2\/product\/1904"}],"collection":[{"href":"https:\/\/alkaline.lv\/en\/wp-json\/wp\/v2\/product"}],"about":[{"href":"https:\/\/alkaline.lv\/en\/wp-json\/wp\/v2\/types\/product"}],"wp:featuredmedia":[{"embeddable":true,"href":"https:\/\/alkaline.lv\/en\/wp-json\/wp\/v2\/media\/1905"}],"wp:attachment":[{"href":"https:\/\/alkaline.lv\/en\/wp-json\/wp\/v2\/media?parent=1904"}],"wp:term":[{"taxonomy":"product_cat","embeddable":true,"href":"https:\/\/alkaline.lv\/en\/wp-json\/wp\/v2\/product_cat?post=1904"},{"taxonomy":"product_tag","embeddable":true,"href":"https:\/\/alkaline.lv\/en\/wp-json\/wp\/v2\/product_tag?post=1904"}],"curies":[{"name":"wp","href":"https:\/\/api.w.org\/{rel}","templated":true}]}}