{"id":1906,"date":"2020-12-27T20:04:53","date_gmt":"2020-12-27T18:04:53","guid":{"rendered":"https:\/\/alkaline.lv\/?post_type=product&#038;p=1906"},"modified":"2024-07-23T14:22:21","modified_gmt":"2024-07-23T11:22:21","slug":"taski-jontec-matt-matets-gridu-vasks-5-l","status":"publish","type":"product","link":"https:\/\/alkaline.lv\/en\/products\/taski-jontec-matt-matets-gridu-vasks-5-l\/","title":{"rendered":"Mat\u0113ts gr\u012bdu vasks TASKI JONTEC MATT, 5 L"},"content":{"rendered":"<p>Produkts piem\u0113rots visu veidu cietiem gr\u012bdu segumiem, piem., PVC, linolejam, vinilazbesta, m\u0101ksl\u012bg\u0101 akmens un glud\u0101 dab\u012bg\u0101 akmens gr\u012bd\u0101m.<br \/>\nJontec Matt ir notur\u012bgs pret spirtu &#8211; tas aizsarg\u0101 gr\u012bdas virsmas pret spirtu saturo\u0161iem dezinfekcijas l\u012bdzek\u013ciem.<br \/>\nAtjauno gr\u012bdas dabisko izskatu un veido aizsargk\u0101rtu, kas to pasarg\u0101 no \u0101tras nolieto\u0161an\u0101s.<br \/>\nSamazina gr\u012bdas sl\u012bd\u0113\u0161anu.<\/p>\n<p><strong>Tilpums: 5L<\/strong><\/p>\n<p>&nbsp;<\/p>\n","protected":false},"excerpt":{"rendered":"<div class=\"item_meta\"><\/div>\n<div><\/div>\n","protected":false},"featured_media":1907,"template":"","meta":{"inline_featured_image":false},"product_cat":[76],"product_tag":[],"class_list":{"0":"post-1906","1":"product","2":"type-product","3":"status-publish","4":"has-post-thumbnail","6":"product_cat-gridu-vaskosanai-un-atjaunosanai","8":"first","9":"instock","10":"taxable","11":"shipping-taxable","12":"purchasable","13":"product-type-simple","14":"add-to-wishlist-after_add_to_cart"},"_links":{"self":[{"href":"https:\/\/alkaline.lv\/en\/wp-json\/wp\/v2\/product\/1906"}],"collection":[{"href":"https:\/\/alkaline.lv\/en\/wp-json\/wp\/v2\/product"}],"about":[{"href":"https:\/\/alkaline.lv\/en\/wp-json\/wp\/v2\/types\/product"}],"wp:featuredmedia":[{"embeddable":true,"href":"https:\/\/alkaline.lv\/en\/wp-json\/wp\/v2\/media\/1907"}],"wp:attachment":[{"href":"https:\/\/alkaline.lv\/en\/wp-json\/wp\/v2\/media?parent=1906"}],"wp:term":[{"taxonomy":"product_cat","embeddable":true,"href":"https:\/\/alkaline.lv\/en\/wp-json\/wp\/v2\/product_cat?post=1906"},{"taxonomy":"product_tag","embeddable":true,"href":"https:\/\/alkaline.lv\/en\/wp-json\/wp\/v2\/product_tag?post=1906"}],"curies":[{"name":"wp","href":"https:\/\/api.w.org\/{rel}","templated":true}]}}