{"id":1908,"date":"2020-12-27T20:10:59","date_gmt":"2020-12-27T18:10:59","guid":{"rendered":"https:\/\/alkaline.lv\/?post_type=product&#038;p=1908"},"modified":"2024-04-01T19:16:43","modified_gmt":"2024-04-01T16:16:43","slug":"taski-jontec-linobase-gruntsvasks-dabigajam-linolejam-5-l","status":"publish","type":"product","link":"https:\/\/alkaline.lv\/en\/products\/taski-jontec-linobase-gruntsvasks-dabigajam-linolejam-5-l\/","title":{"rendered":"Gruntsvasks dab\u012bgajam linolejam TASKI JONTEC LINOBASE, 5 L"},"content":{"rendered":"<p>Notur\u012bgs gruntsvasks linoleja gr\u012bd\u0101m.<br \/>\n<strong>Priek\u0161roc\u012bbas:\u00a0<\/strong><br \/>\n&#8211; LinoSECURE\u2122 sist\u0113ma ilgsto\u0161ai linoleja gr\u012bdu aizsardz\u012bbai;<br \/>\n&#8211; Grunt\u0113 un aizsarg\u0101 jaunu linoleju, saglab\u0101jot t\u0101 s\u0101kotn\u0113jo izskatu gadiem;<br \/>\n&#8211; Atjauno boj\u0101tas un porainas gr\u012bdas, izl\u012bdzina virsmu un atjauno kr\u0101su pat vecam, nodilu\u0161am linolejam;<br \/>\n&#8211; Atbilsto\u0161a pamatk\u0101rta (grunts), uz kuras kl\u0101t vasku. Samazina vaska k\u0101rtas p\u0101rv\u0113r\u0161anos pulver\u012b un paaugstina t\u0101 notur\u012bbu;<br \/>\n&#8211; Ja meh\u0101niski saboj\u0101ts, var t\u012br\u012bt un atjaunot.<\/p>\n<p><strong>Tilpums: 5L<\/strong><\/p>\n<p>&nbsp;<\/p>\n","protected":false},"excerpt":{"rendered":"<div class=\"item_meta\"><\/div>\n<div><\/div>\n","protected":false},"featured_media":1909,"template":"","meta":{"inline_featured_image":false},"product_cat":[76],"product_tag":[],"class_list":{"0":"post-1908","1":"product","2":"type-product","3":"status-publish","4":"has-post-thumbnail","6":"product_cat-gridu-vaskosanai-un-atjaunosanai","8":"first","9":"instock","10":"taxable","11":"shipping-taxable","12":"purchasable","13":"product-type-simple","14":"add-to-wishlist-after_add_to_cart"},"_links":{"self":[{"href":"https:\/\/alkaline.lv\/en\/wp-json\/wp\/v2\/product\/1908"}],"collection":[{"href":"https:\/\/alkaline.lv\/en\/wp-json\/wp\/v2\/product"}],"about":[{"href":"https:\/\/alkaline.lv\/en\/wp-json\/wp\/v2\/types\/product"}],"wp:featuredmedia":[{"embeddable":true,"href":"https:\/\/alkaline.lv\/en\/wp-json\/wp\/v2\/media\/1909"}],"wp:attachment":[{"href":"https:\/\/alkaline.lv\/en\/wp-json\/wp\/v2\/media?parent=1908"}],"wp:term":[{"taxonomy":"product_cat","embeddable":true,"href":"https:\/\/alkaline.lv\/en\/wp-json\/wp\/v2\/product_cat?post=1908"},{"taxonomy":"product_tag","embeddable":true,"href":"https:\/\/alkaline.lv\/en\/wp-json\/wp\/v2\/product_tag?post=1908"}],"curies":[{"name":"wp","href":"https:\/\/api.w.org\/{rel}","templated":true}]}}