{"id":1917,"date":"2020-12-27T20:39:56","date_gmt":"2020-12-27T18:39:56","guid":{"rendered":"https:\/\/alkaline.lv\/?post_type=product&#038;p=1917"},"modified":"2025-02-21T09:36:52","modified_gmt":"2025-02-21T07:36:52","slug":"taski-jontec-300-universals-neitrals-tirisanas-lidzeklis-5l","status":"publish","type":"product","link":"https:\/\/alkaline.lv\/en\/products\/taski-jontec-300-universals-neitrals-tirisanas-lidzeklis-5l\/","title":{"rendered":"Univers\u0101ls neitr\u0101ls gr\u012bdu t\u012br\u012b\u0161anas l\u012bdzeklis TASKI JONTEC 300, 5L"},"content":{"rendered":"<p><strong>Univers\u0101ls mazputojo\u0161s, neitr\u0101ls gr\u012bdu t\u012br\u012b\u0161anas l\u012bdzeklis Diversey TASKI JONTEC 300 5 L &#8211; koncentr\u0101ts<\/strong><\/p>\n<p>\u013boti koncentr\u0113ts, mazputojo\u0161s, neitr\u0101ls gr\u012bdu t\u012br\u012b\u0161anas l\u012bdzeklis. Piem\u0113rots visu cietu, \u016bdensnotur\u012bgu gr\u012bdu uzkop\u0161anai. Paredz\u0113ts lietot\u00a0<strong>TASKI\u00a0<\/strong>kombin\u0113taj\u0101s gr\u012bdu uzkop\u0161anas iek\u0101rt\u0101s, kas apr\u012bkotas ar\u00a0<strong>TASKI IntelliDose<\/strong>\u00a0doz\u0113\u0161anas sist\u0113mu. Uz \u0161\u012b produkta eti\u0137etes nav b\u012bstam\u012bbas simbolu, t\u0101p\u0113c tas ir maksim\u0101li dro\u0161s lietojot, transport\u0113jot un uzglab\u0101jot.<\/p>\n<p>\u012apa\u0161\u012bbas<\/p>\n<p>\u2022 Paredz\u0113ts lietot\u00a0<strong>TASKI\u00a0<\/strong>kombin\u0113taj\u0101s gr\u012bdu uzkop\u0161anas iek\u0101rt\u0101s ar\u00a0<strong>TASKI Intellidose<\/strong>\u00a0autom\u0101tisko doz\u0113\u0161anas sist\u0113mu<\/p>\n<p>\u2022 pH neitr\u0101ls<\/p>\n<p>\u2022 Neatst\u0101j \u0161v\u012bkas<\/p>\n<p>\u2022 Bez kr\u0101sas<\/p>\n<p>\u2022 Mazputojo\u0161s, \u0101tri iedarbojas un no\u017e\u016bst<\/p>\n<p>\u2022 \u013boti koncentr\u0113ts da\u017e\u0101du virsmakt\u012bvo vielu mais\u012bjums<\/p>\n<p><strong>Priek\u0161roc\u012bbas<\/strong><\/p>\n<p>\u2022 Notur\u012bgs un kvalitat\u012bvs uzkop\u0161anas rezult\u0101ts<\/p>\n<p>\u2022 Dro\u0161a lieto\u0161ana<\/p>\n<p>\u2022 Uzlabo gr\u012bdu kr\u0101su<\/p>\n<p>\u2022 Minim\u0101ls risks jut\u012bgiem cilv\u0113kiem<\/p>\n<p>\u2022 \u013boti ekonomisks, jo nodro\u0161ina lielisku uzkop\u0161anas rezult\u0101tu pat pie neliel\u0101m dev\u0101m<\/p>\n<p>\u2022 Videi draudz\u012bgs<\/p>\n<p><strong>Lieto\u0161anas instrukcija<\/strong><\/p>\n<p><strong>Doz\u0113\u0161ana:\u00a0<\/strong>Lai izv\u0113l\u0113tos at\u0161\u0137aid\u012b\u0161anas pak\u0101pi, iev\u0113rot\u00a0<strong>TASKI IntelliDose<\/strong>\u00a0sist\u0113mas lieto\u0161anas nor\u0101d\u012bjumus. (Ieteicam\u0101 deva 0.2%)<\/p>\n<p><strong>Lieto\u0161ana<\/strong><\/p>\n<p>Inform\u0101ciju par produkta lieto\u0161anu skat\u012bt\u00a0<strong>TASKI lntelliDose<\/strong>\u00a0sist\u0113mas lieto\u0161anas instrukcij\u0101.<\/p>\n<p><strong>pH: 8,5-9<\/strong><\/p>\n<p><strong>Tilpums: 5L<\/strong><\/p>\n<p>&nbsp;<\/p>\n","protected":false},"excerpt":{"rendered":"<p>Univers\u0101ls mazputojo\u0161s, neitr\u0101ls gr\u012bdu t\u012br\u012b\u0161anas l\u012bdzeklis Diversey TASKI JONTEC 300 5 L &#8211; koncentr\u0101ts \u013boti koncentr\u0113ts, mazputojo\u0161s, neitr\u0101ls gr\u012bdu t\u012br\u012b\u0161anas l\u012bdzeklis. Piem\u0113rots visu cietu, \u016bdensnotur\u012bgu gr\u012bdu uzkop\u0161anai. Paredz\u0113ts lietot\u00a0TASKI\u00a0kombin\u0113taj\u0101s gr\u012bdu uzkop\u0161anas iek\u0101rt\u0101s, kas apr\u012bkotas ar\u00a0TASKI IntelliDose\u00a0doz\u0113\u0161anas sist\u0113mu. Uz \u0161\u012b produkta eti\u0137etes nav b\u012bstam\u012bbas simbolu, t\u0101p\u0113c tas ir maksim\u0101li dro\u0161s lietojot, transport\u0113jot un uzglab\u0101jot. \u012apa\u0161\u012bbas \u2022 [&hellip;]<\/p>\n","protected":false},"featured_media":1919,"template":"","meta":{"inline_featured_image":false},"product_cat":[1776,1775],"product_tag":[],"class_list":{"0":"post-1917","1":"product","2":"type-product","3":"status-publish","4":"has-post-thumbnail","6":"product_cat-gridu-ikdienas-uzkopsanai","7":"product_cat-virsmu-ikdienas-uzkopsanai","9":"first","10":"instock","11":"taxable","12":"shipping-taxable","13":"purchasable","14":"product-type-simple","15":"add-to-wishlist-after_add_to_cart"},"_links":{"self":[{"href":"https:\/\/alkaline.lv\/en\/wp-json\/wp\/v2\/product\/1917","targetHints":{"allow":["GET"]}}],"collection":[{"href":"https:\/\/alkaline.lv\/en\/wp-json\/wp\/v2\/product"}],"about":[{"href":"https:\/\/alkaline.lv\/en\/wp-json\/wp\/v2\/types\/product"}],"wp:featuredmedia":[{"embeddable":true,"href":"https:\/\/alkaline.lv\/en\/wp-json\/wp\/v2\/media\/1919"}],"wp:attachment":[{"href":"https:\/\/alkaline.lv\/en\/wp-json\/wp\/v2\/media?parent=1917"}],"wp:term":[{"taxonomy":"product_cat","embeddable":true,"href":"https:\/\/alkaline.lv\/en\/wp-json\/wp\/v2\/product_cat?post=1917"},{"taxonomy":"product_tag","embeddable":true,"href":"https:\/\/alkaline.lv\/en\/wp-json\/wp\/v2\/product_tag?post=1917"}],"curies":[{"name":"wp","href":"https:\/\/api.w.org\/{rel}","templated":true}]}}