{"id":1920,"date":"2020-12-27T20:48:39","date_gmt":"2020-12-27T18:48:39","guid":{"rendered":"https:\/\/alkaline.lv\/?post_type=product&#038;p=1920"},"modified":"2025-10-06T10:04:24","modified_gmt":"2025-10-06T07:04:24","slug":"cif-wood-floor-cleaner-koka-gridu-tirisanas-lidzeklis-5l","status":"publish","type":"product","link":"https:\/\/alkaline.lv\/en\/products\/cif-wood-floor-cleaner-koka-gridu-tirisanas-lidzeklis-5l\/","title":{"rendered":"Koka gr\u012bdu t\u012br\u012b\u0161anas l\u012bdzeklis CIF Wood Floor Cleaner, 5L"},"content":{"rendered":"<p>Lamin\u0101ta un cietu gr\u012bdu t\u012br\u012b\u0161anas l\u012bdzeklis. Likvid\u0113 net\u012brumus.\u00a0Pie\u0161\u0137ir gr\u012bdai sp\u012bdumu.\u00a0Nav nepiecie\u0161ams noskalot.<br \/>\nPiem\u0113rots: apstr\u0101d\u0101ta koka,\u00a0piem\u0113ram, lakota koka un lamin\u0101ta gr\u012bdu t\u012br\u012b\u0161anai.<br \/>\nPiem\u0113rots ar\u012b virtuves skap\u012b\u0161u,\u00a0mazg\u0101jamu koka m\u0113be\u013cu, vinila un keramikas fl\u012b\u017eu t\u012br\u012b\u0161anai.<br \/>\n<strong>Nav ieteicams<\/strong>\u00a0t\u012br\u012bt ant\u012bkas koka m\u0113beles, neapstr\u0101d\u0101ta, vaskota, kr\u0101sota vai pul\u0113ta koka virsmas.<\/p>\n<p><strong>Tilpums: 5L<\/strong><\/p>\n<p>&nbsp;<\/p>\n","protected":false},"excerpt":{"rendered":"<div class=\"item_meta\"><\/div>\n<div><\/div>\n","protected":false},"featured_media":2042,"template":"","meta":{"inline_featured_image":false},"product_cat":[1776],"product_tag":[],"class_list":{"0":"post-1920","1":"product","2":"type-product","3":"status-publish","4":"has-post-thumbnail","6":"product_cat-gridu-ikdienas-uzkopsanai","8":"first","9":"instock","10":"taxable","11":"shipping-taxable","12":"purchasable","13":"product-type-simple","14":"add-to-wishlist-after_add_to_cart"},"_links":{"self":[{"href":"https:\/\/alkaline.lv\/en\/wp-json\/wp\/v2\/product\/1920","targetHints":{"allow":["GET"]}}],"collection":[{"href":"https:\/\/alkaline.lv\/en\/wp-json\/wp\/v2\/product"}],"about":[{"href":"https:\/\/alkaline.lv\/en\/wp-json\/wp\/v2\/types\/product"}],"wp:featuredmedia":[{"embeddable":true,"href":"https:\/\/alkaline.lv\/en\/wp-json\/wp\/v2\/media\/2042"}],"wp:attachment":[{"href":"https:\/\/alkaline.lv\/en\/wp-json\/wp\/v2\/media?parent=1920"}],"wp:term":[{"taxonomy":"product_cat","embeddable":true,"href":"https:\/\/alkaline.lv\/en\/wp-json\/wp\/v2\/product_cat?post=1920"},{"taxonomy":"product_tag","embeddable":true,"href":"https:\/\/alkaline.lv\/en\/wp-json\/wp\/v2\/product_tag?post=1920"}],"curies":[{"name":"wp","href":"https:\/\/api.w.org\/{rel}","templated":true}]}}