{"id":1935,"date":"2020-12-29T17:36:44","date_gmt":"2020-12-29T15:36:44","guid":{"rendered":"https:\/\/alkaline.lv\/?post_type=product&#038;p=1935"},"modified":"2022-11-02T19:05:54","modified_gmt":"2022-11-02T17:05:54","slug":"bezkontaktu-dozators-roku-dvieliem-rullos-katrin-system-electric-towel-melns","status":"publish","type":"product","link":"https:\/\/alkaline.lv\/en\/products\/bezkontaktu-dozators-roku-dvieliem-rullos-katrin-system-electric-towel-melns\/","title":{"rendered":"Bezkontaktu dozators roku dvie\u013ciem ru\u013c\u013cos KATRIN System Electric Towel, Melns"},"content":{"rendered":"<ul>\n<li>Sader\u012bgs ar KATRIN System pap\u012bra roku dvie\u013ciem ru\u013c\u013cos.<\/li>\n<li>\u0100trs darb\u012bb\u0101 un vienk\u0101r\u0161s apkopei<\/li>\n<li>Augsta ietilp\u012bba &#8211; 180m (800 loksnes) pap\u012bra dvie\u013ca pietiek 400-500 roku slauc\u012b\u0161anas reiz\u0113m<\/li>\n<li>Kontrol\u0113ts pap\u012bra pat\u0113ri\u0146\u0161<\/li>\n<li>Autom\u0101tiski padod n\u0101kamo loksni<\/li>\n<li>Baro\u0161ana: 4 x LR20 1.5V baterijas (nav komplekt\u0101)<\/li>\n<li>Pieejam\u0101s kr\u0101sas: balts \/ melns<\/li>\n<li>Izm\u0113ri: 434 x 299 x 234 mm<\/li>\n<\/ul>\n<p>&nbsp;<\/p>\n","protected":false},"excerpt":{"rendered":"<p>Sader\u012bgs ar KATRIN System pap\u012bra roku dvie\u013ciem ru\u013c\u013cos. \u0100trs darb\u012bb\u0101 un vienk\u0101r\u0161s apkopei Augsta ietilp\u012bba &#8211; 180m (800 loksnes) pap\u012bra dvie\u013ca pietiek 400-500 roku slauc\u012b\u0161anas reiz\u0113m Kontrol\u0113ts pap\u012bra pat\u0113ri\u0146\u0161 Autom\u0101tiski padod n\u0101kamo loksni Baro\u0161ana: 4 x LR20 1.5V baterijas (nav komplekt\u0101) Pieejam\u0101s kr\u0101sas: balts \/ melns Izm\u0113ri: 434 x 299 x 234 mm &nbsp;<\/p>\n","protected":false},"featured_media":1936,"template":"","meta":{"inline_featured_image":false},"product_cat":[105],"product_tag":[],"class_list":{"0":"post-1935","1":"product","2":"type-product","3":"status-publish","4":"has-post-thumbnail","6":"product_cat-elektriskie-turetaji","8":"first","9":"instock","10":"taxable","11":"shipping-taxable","12":"purchasable","13":"product-type-simple","14":"add-to-wishlist-after_add_to_cart"},"_links":{"self":[{"href":"https:\/\/alkaline.lv\/en\/wp-json\/wp\/v2\/product\/1935","targetHints":{"allow":["GET"]}}],"collection":[{"href":"https:\/\/alkaline.lv\/en\/wp-json\/wp\/v2\/product"}],"about":[{"href":"https:\/\/alkaline.lv\/en\/wp-json\/wp\/v2\/types\/product"}],"wp:featuredmedia":[{"embeddable":true,"href":"https:\/\/alkaline.lv\/en\/wp-json\/wp\/v2\/media\/1936"}],"wp:attachment":[{"href":"https:\/\/alkaline.lv\/en\/wp-json\/wp\/v2\/media?parent=1935"}],"wp:term":[{"taxonomy":"product_cat","embeddable":true,"href":"https:\/\/alkaline.lv\/en\/wp-json\/wp\/v2\/product_cat?post=1935"},{"taxonomy":"product_tag","embeddable":true,"href":"https:\/\/alkaline.lv\/en\/wp-json\/wp\/v2\/product_tag?post=1935"}],"curies":[{"name":"wp","href":"https:\/\/api.w.org\/{rel}","templated":true}]}}