{"id":1939,"date":"2020-12-29T17:46:14","date_gmt":"2020-12-29T15:46:14","guid":{"rendered":"https:\/\/alkaline.lv\/?post_type=product&#038;p=1939"},"modified":"2022-11-02T19:08:05","modified_gmt":"2022-11-02T17:08:05","slug":"mehanisks-dozators-roku-dvieliem-rullos-katrin-system-towel-melns","status":"publish","type":"product","link":"https:\/\/alkaline.lv\/en\/products\/mehanisks-dozators-roku-dvieliem-rullos-katrin-system-towel-melns\/","title":{"rendered":"Meh\u0101nisks dozators roku dvie\u013ciem ru\u013c\u013cos KATRIN System Towel, melns"},"content":{"rendered":"<p>Pap\u012bra dvie\u013cu tur\u0113t\u0101js dvie\u013ciem ru\u013c\u013cos.<\/p>\n<p>Plastmasas tur\u0113t\u0101js balt\u0101 kr\u0101s\u0101.<\/p>\n<p>Prec\u012bza un dro\u0161a loksnes nopl\u0113\u0161ana.<\/p>\n<p>Pap\u012bra ru\u013c\u013ca ievieto\u0161ana padev\u0113j\u0101 tiek veikta vienk\u0101r\u0161i \u013caujot pap\u012bram br\u012bvi krist, pavelkot to l\u012bdz mar\u0137\u0113juma l\u012bnijai un tad aizverot v\u0101ku.<\/p>\n<p>Piln\u012bb\u0101 atverams nogrie\u0161anas meh\u0101nisms, tas ir \u0113rti pieejams un viegli izt\u012br\u0101ms.<\/p>\n<p>Pap\u012bra padevei ver izmantot \u0113rti lietojamu nospie\u017eamu (PUSH) paneli.<\/p>\n<p>V\u0101jredz\u012bg\u0101m person\u0101m uz nospie\u017eam\u0101 (PUSH) pane\u013ca ir nor\u0101d\u012bjumi Braila rakst\u0101.<\/p>\n<p>Kontrol\u0113ts pat\u0113ri\u0146\u0161, minim\u0101la pap\u012bra vilk\u0161anas pretest\u012bba un liela ietilp\u012bba: 420-800 loksnes rull\u012b atkar\u012bb\u0101 no kvalit\u0101tes.<\/p>\n<p>Sl\u0113dzeni var izmantot ar vai bez atsl\u0113gas.<\/p>\n<p>Svars: 3.202 kg. Izm\u0113rs: 403x335x216mm.<\/p>\n","protected":false},"excerpt":{"rendered":"<div class=\"item_meta\"><\/div>\n<div><\/div>\n","protected":false},"featured_media":1940,"template":"","meta":{"inline_featured_image":false},"product_cat":[105],"product_tag":[],"class_list":{"0":"post-1939","1":"product","2":"type-product","3":"status-publish","4":"has-post-thumbnail","6":"product_cat-elektriskie-turetaji","8":"first","9":"instock","10":"taxable","11":"shipping-taxable","12":"purchasable","13":"product-type-simple","14":"add-to-wishlist-after_add_to_cart"},"_links":{"self":[{"href":"https:\/\/alkaline.lv\/en\/wp-json\/wp\/v2\/product\/1939","targetHints":{"allow":["GET"]}}],"collection":[{"href":"https:\/\/alkaline.lv\/en\/wp-json\/wp\/v2\/product"}],"about":[{"href":"https:\/\/alkaline.lv\/en\/wp-json\/wp\/v2\/types\/product"}],"wp:featuredmedia":[{"embeddable":true,"href":"https:\/\/alkaline.lv\/en\/wp-json\/wp\/v2\/media\/1940"}],"wp:attachment":[{"href":"https:\/\/alkaline.lv\/en\/wp-json\/wp\/v2\/media?parent=1939"}],"wp:term":[{"taxonomy":"product_cat","embeddable":true,"href":"https:\/\/alkaline.lv\/en\/wp-json\/wp\/v2\/product_cat?post=1939"},{"taxonomy":"product_tag","embeddable":true,"href":"https:\/\/alkaline.lv\/en\/wp-json\/wp\/v2\/product_tag?post=1939"}],"curies":[{"name":"wp","href":"https:\/\/api.w.org\/{rel}","templated":true}]}}