{"id":1946,"date":"2020-12-29T18:05:13","date_gmt":"2020-12-29T16:05:13","guid":{"rendered":"https:\/\/alkaline.lv\/?post_type=product&#038;p=1946"},"modified":"2024-02-29T09:15:20","modified_gmt":"2024-02-29T07:15:20","slug":"turetajs-roku-dvieliem-rullos-katrin-centerfeed-s-melns","status":"publish","type":"product","link":"https:\/\/alkaline.lv\/en\/products\/turetajs-roku-dvieliem-rullos-katrin-centerfeed-s-melns\/","title":{"rendered":"Tur\u0113t\u0101js roku dvie\u013ciem ru\u013c\u013cos KATRIN Centerfeed S, melns"},"content":{"rendered":"<p>KATRIN padev\u0113js S dvie\u013ciem ru\u013c\u013cos.<\/p>\n<p>Jaunu rulli var viegli ievietot pa atveri ievieto\u0161anas nodal\u012bjum\u0101.<\/p>\n<p>Dro\u0161a nogrie\u0161anas sist\u0113ma.<\/p>\n<p>Var izmantot S izm\u0113ra da\u017e\u0101du veidu pap\u012bra dvie\u013cus ru\u013c\u013cos &#8211; gan bez serde\u0146iem, gan ar iz\u0146emamiem serde\u0146iem.<\/p>\n<p>Svars: 1,182kg. Izm\u0113rs: 186x356x174mm.<\/p>\n","protected":false},"excerpt":{"rendered":"<div class=\"item_meta\"><\/div>\n<div><\/div>\n","protected":false},"featured_media":70364,"template":"","meta":{"inline_featured_image":false},"product_cat":[105],"product_tag":[],"class_list":{"0":"post-1946","1":"product","2":"type-product","3":"status-publish","4":"has-post-thumbnail","6":"product_cat-elektriskie-turetaji","8":"first","9":"instock","10":"taxable","11":"shipping-taxable","12":"purchasable","13":"product-type-simple","14":"add-to-wishlist-after_add_to_cart"},"_links":{"self":[{"href":"https:\/\/alkaline.lv\/en\/wp-json\/wp\/v2\/product\/1946","targetHints":{"allow":["GET"]}}],"collection":[{"href":"https:\/\/alkaline.lv\/en\/wp-json\/wp\/v2\/product"}],"about":[{"href":"https:\/\/alkaline.lv\/en\/wp-json\/wp\/v2\/types\/product"}],"wp:featuredmedia":[{"embeddable":true,"href":"https:\/\/alkaline.lv\/en\/wp-json\/wp\/v2\/media\/70364"}],"wp:attachment":[{"href":"https:\/\/alkaline.lv\/en\/wp-json\/wp\/v2\/media?parent=1946"}],"wp:term":[{"taxonomy":"product_cat","embeddable":true,"href":"https:\/\/alkaline.lv\/en\/wp-json\/wp\/v2\/product_cat?post=1946"},{"taxonomy":"product_tag","embeddable":true,"href":"https:\/\/alkaline.lv\/en\/wp-json\/wp\/v2\/product_tag?post=1946"}],"curies":[{"name":"wp","href":"https:\/\/api.w.org\/{rel}","templated":true}]}}