{"id":1947,"date":"2020-12-29T18:08:32","date_gmt":"2020-12-29T16:08:32","guid":{"rendered":"https:\/\/alkaline.lv\/?post_type=product&#038;p=1947"},"modified":"2024-01-18T20:44:11","modified_gmt":"2024-01-18T18:44:11","slug":"turetajs-roku-dvieliem-rullos-katrin-centerfeed-m-balts","status":"publish","type":"product","link":"https:\/\/alkaline.lv\/en\/products\/turetajs-roku-dvieliem-rullos-katrin-centerfeed-m-balts\/","title":{"rendered":"Tur\u0113t\u0101js roku dvie\u013ciem ru\u013c\u013cos KATRIN Centerfeed M, balts"},"content":{"rendered":"<p>KATRIN padev\u0113js M dvie\u013ciem ru\u013c\u013cos.<\/p>\n<p>Balt\u0101 kr\u0101s\u0101, no iztur\u012bgas plastmasas.<\/p>\n<p>Jaunu rulli var viegli ievietot pa atveri ievieto\u0161anas nodal\u012bjum\u0101.<\/p>\n<p>Dro\u0161a nogrie\u0161anas sist\u0113ma.<\/p>\n<p>Var izmantot M izm\u0113ra da\u017e\u0101du veidu pap\u012bra dvie\u013cus ru\u013c\u013cos &#8211; gan bez serde\u0146iem, gan ar iz\u0146emamiem serde\u0146iem.<\/p>\n<p>Svars: 1.586kg. Izm\u0113rs: 260x230x388mm.<\/p>\n","protected":false},"excerpt":{"rendered":"<p>KATRIN padev\u0113js M dvie\u013ciem ru\u013c\u013cos. Balt\u0101 kr\u0101s\u0101, no iztur\u012bgas plastmasas. Jaunu rulli var viegli ievietot pa atveri ievieto\u0161anas nodal\u012bjum\u0101. Dro\u0161a nogrie\u0161anas sist\u0113ma. Var izmantot M izm\u0113ra da\u017e\u0101du veidu pap\u012bra dvie\u013cus ru\u013c\u013cos &#8211; gan bez serde\u0146iem, gan ar iz\u0146emamiem serde\u0146iem. Svars: 1.586kg. Izm\u0113rs: 260x230x388mm.<\/p>\n","protected":false},"featured_media":70372,"template":"","meta":{"inline_featured_image":false},"product_cat":[105],"product_tag":[],"class_list":{"0":"post-1947","1":"product","2":"type-product","3":"status-publish","4":"has-post-thumbnail","6":"product_cat-elektriskie-turetaji","8":"first","9":"instock","10":"taxable","11":"shipping-taxable","12":"purchasable","13":"product-type-simple","14":"add-to-wishlist-after_add_to_cart"},"_links":{"self":[{"href":"https:\/\/alkaline.lv\/en\/wp-json\/wp\/v2\/product\/1947"}],"collection":[{"href":"https:\/\/alkaline.lv\/en\/wp-json\/wp\/v2\/product"}],"about":[{"href":"https:\/\/alkaline.lv\/en\/wp-json\/wp\/v2\/types\/product"}],"wp:featuredmedia":[{"embeddable":true,"href":"https:\/\/alkaline.lv\/en\/wp-json\/wp\/v2\/media\/70372"}],"wp:attachment":[{"href":"https:\/\/alkaline.lv\/en\/wp-json\/wp\/v2\/media?parent=1947"}],"wp:term":[{"taxonomy":"product_cat","embeddable":true,"href":"https:\/\/alkaline.lv\/en\/wp-json\/wp\/v2\/product_cat?post=1947"},{"taxonomy":"product_tag","embeddable":true,"href":"https:\/\/alkaline.lv\/en\/wp-json\/wp\/v2\/product_tag?post=1947"}],"curies":[{"name":"wp","href":"https:\/\/api.w.org\/{rel}","templated":true}]}}