{"id":1949,"date":"2020-12-29T18:12:25","date_gmt":"2020-12-29T16:12:25","guid":{"rendered":"https:\/\/alkaline.lv\/?post_type=product&#038;p=1949"},"modified":"2024-01-18T20:42:39","modified_gmt":"2024-01-18T18:42:39","slug":"turetajs-roku-dvieliem-rullos-katrin-centerfeed-m-melns","status":"publish","type":"product","link":"https:\/\/alkaline.lv\/en\/products\/turetajs-roku-dvieliem-rullos-katrin-centerfeed-m-melns\/","title":{"rendered":"Tur\u0113t\u0101js roku dvie\u013ciem ru\u013c\u013cos KATRIN Centerfeed M, melns"},"content":{"rendered":"<p>KATRIN padev\u0113js M dvie\u013ciem ru\u013c\u013cos.<\/p>\n<p>Meln\u0101 kr\u0101s\u0101, no iztur\u012bgas plastmasas.<\/p>\n<p>Jaunu rulli var viegli ievietot pa atveri ievieto\u0161anas nodal\u012bjum\u0101.<\/p>\n<p>Dro\u0161a nogrie\u0161anas sist\u0113ma.<\/p>\n<p>Var izmantot M izm\u0113ra da\u017e\u0101du veidu pap\u012bra dvie\u013cus ru\u013c\u013cos &#8211; gan bez serde\u0146iem, gan ar iz\u0146emamiem serde\u0146iem.<\/p>\n<p>Svars: 1.586kg. Izm\u0113rs: 260x230x388mm.<\/p>\n","protected":false},"excerpt":{"rendered":"<div class=\"item_meta\"><\/div>\n<div><\/div>\n","protected":false},"featured_media":70370,"template":"","meta":{"inline_featured_image":false},"product_cat":[105],"product_tag":[],"class_list":{"0":"post-1949","1":"product","2":"type-product","3":"status-publish","4":"has-post-thumbnail","6":"product_cat-elektriskie-turetaji","8":"first","9":"instock","10":"taxable","11":"shipping-taxable","12":"purchasable","13":"product-type-simple","14":"add-to-wishlist-after_add_to_cart"},"_links":{"self":[{"href":"https:\/\/alkaline.lv\/en\/wp-json\/wp\/v2\/product\/1949"}],"collection":[{"href":"https:\/\/alkaline.lv\/en\/wp-json\/wp\/v2\/product"}],"about":[{"href":"https:\/\/alkaline.lv\/en\/wp-json\/wp\/v2\/types\/product"}],"wp:featuredmedia":[{"embeddable":true,"href":"https:\/\/alkaline.lv\/en\/wp-json\/wp\/v2\/media\/70370"}],"wp:attachment":[{"href":"https:\/\/alkaline.lv\/en\/wp-json\/wp\/v2\/media?parent=1949"}],"wp:term":[{"taxonomy":"product_cat","embeddable":true,"href":"https:\/\/alkaline.lv\/en\/wp-json\/wp\/v2\/product_cat?post=1949"},{"taxonomy":"product_tag","embeddable":true,"href":"https:\/\/alkaline.lv\/en\/wp-json\/wp\/v2\/product_tag?post=1949"}],"curies":[{"name":"wp","href":"https:\/\/api.w.org\/{rel}","templated":true}]}}