{"id":1956,"date":"2020-12-29T18:27:54","date_gmt":"2020-12-29T16:27:54","guid":{"rendered":"https:\/\/alkaline.lv\/?post_type=product&#038;p=1956"},"modified":"2024-01-18T20:28:39","modified_gmt":"2024-01-18T18:28:39","slug":"turetajs-roku-dvieliem-loksnes-katrin-hand-towel-m-melns","status":"publish","type":"product","link":"https:\/\/alkaline.lv\/en\/products\/turetajs-roku-dvieliem-loksnes-katrin-hand-towel-m-melns\/","title":{"rendered":"Tur\u0113t\u0101js roku dvie\u013ciem loksn\u0113s KATRIN Hand Towel M, melns"},"content":{"rendered":"<p>Pap\u012bra dvie\u013cu tur\u0113t\u0101js dvie\u013ciem loksn\u0113s.<\/p>\n<p>Plastmasas tur\u0113t\u0101js balt\u0101 kr\u0101s\u0101 M izm\u0113rs.<\/p>\n<p>Prec\u012bza un dro\u0161a loksnes nopl\u0113\u0161ana.<\/p>\n<p>Piem\u0113rots KATRIN C-Fold, Non stop, One stop, Zig Zag dvie\u013ciem ar maksim\u0101lo platumu 240mm.<\/p>\n<p>Tur\u0113t\u0101ja izm\u0113rs 301x450x146 mm.<\/p>\n","protected":false},"excerpt":{"rendered":"<div class=\"item_meta\"><\/div>\n<div><\/div>\n","protected":false},"featured_media":70358,"template":"","meta":{"inline_featured_image":false},"product_cat":[102],"product_tag":[],"class_list":{"0":"post-1956","1":"product","2":"type-product","3":"status-publish","4":"has-post-thumbnail","6":"product_cat-roku-salvesu-turetaji","8":"first","9":"instock","10":"taxable","11":"shipping-taxable","12":"purchasable","13":"product-type-simple","14":"add-to-wishlist-after_add_to_cart"},"_links":{"self":[{"href":"https:\/\/alkaline.lv\/en\/wp-json\/wp\/v2\/product\/1956"}],"collection":[{"href":"https:\/\/alkaline.lv\/en\/wp-json\/wp\/v2\/product"}],"about":[{"href":"https:\/\/alkaline.lv\/en\/wp-json\/wp\/v2\/types\/product"}],"wp:featuredmedia":[{"embeddable":true,"href":"https:\/\/alkaline.lv\/en\/wp-json\/wp\/v2\/media\/70358"}],"wp:attachment":[{"href":"https:\/\/alkaline.lv\/en\/wp-json\/wp\/v2\/media?parent=1956"}],"wp:term":[{"taxonomy":"product_cat","embeddable":true,"href":"https:\/\/alkaline.lv\/en\/wp-json\/wp\/v2\/product_cat?post=1956"},{"taxonomy":"product_tag","embeddable":true,"href":"https:\/\/alkaline.lv\/en\/wp-json\/wp\/v2\/product_tag?post=1956"}],"curies":[{"name":"wp","href":"https:\/\/api.w.org\/{rel}","templated":true}]}}