{"id":1962,"date":"2020-12-29T18:54:27","date_gmt":"2020-12-29T16:54:27","guid":{"rendered":"https:\/\/alkaline.lv\/?post_type=product&#038;p=1962"},"modified":"2022-11-02T19:14:51","modified_gmt":"2022-11-02T17:14:51","slug":"metala-dvielu-turetajs-katrin-m-terauda-metala-sledzams","status":"publish","type":"product","link":"https:\/\/alkaline.lv\/en\/products\/metala-dvielu-turetajs-katrin-m-terauda-metala-sledzams\/","title":{"rendered":"Met\u0101la dvie\u013cu tur\u0113t\u0101js KATRIN M,  t\u0113rauda met\u0101la, sl\u0113dzams"},"content":{"rendered":"<p><span class=\"productDescription\">KATRIN dvie\u013cu tur\u0113t\u0101js M, t\u0113rauda met\u0101la, sl\u0113dzams, t\u0113rauda, dvie\u013ciem loksn\u0113s.<\/span><\/p>\n<p>Katrin tur\u0113t\u0101ji un padev\u0113ji ir ide\u0101li piem\u0113roti pielietojumam telp\u0101s, kur\u0101s apmekl\u0113t\u0101ju skaits ir liels un t\u0101s darbojas paaugstin\u0101tas slodzes re\u017e\u012bm\u0101.<\/p>\n<ul>\n<li>Viegli un \u0113rti lietojami, ra\u017eoti no ner\u016bs\u0113jo\u0161\u0101 t\u0113rauda.<\/li>\n<li>Iztur\u012bgi pret fizisku slodzi un temperat\u016bras mai\u0146\u0101m.<\/li>\n<li>Viena atsl\u0113ga visiem met\u0101la\/ner\u016bs\u0113jo\u0161\u0101 t\u0113rauda tur\u0113t\u0101jiem.<\/li>\n<li>Dizains un kr\u0101sa ieder\u0113sies jebkur\u0101 interjer\u0101.<\/li>\n<li>Pla\u0161am pielietojumam &#8211; medic\u012bnas iest\u0101des, sporta klubi, viesn\u012bcas un \u0113din\u0101\u0161anas iest\u0101des utt.<\/li>\n<\/ul>\n<p>Tur\u0113t\u0101ja izm\u0113rs 275x330x132 mm.<\/p>\n<p>&nbsp;<\/p>\n<p>&nbsp;<\/p>\n","protected":false},"excerpt":{"rendered":"<div class=\"item_meta\"><\/div>\n<div><\/div>\n","protected":false},"featured_media":2037,"template":"","meta":{"inline_featured_image":false},"product_cat":[102],"product_tag":[],"class_list":{"0":"post-1962","1":"product","2":"type-product","3":"status-publish","4":"has-post-thumbnail","6":"product_cat-roku-salvesu-turetaji","8":"first","9":"instock","10":"taxable","11":"shipping-taxable","12":"purchasable","13":"product-type-simple","14":"add-to-wishlist-after_add_to_cart"},"_links":{"self":[{"href":"https:\/\/alkaline.lv\/en\/wp-json\/wp\/v2\/product\/1962"}],"collection":[{"href":"https:\/\/alkaline.lv\/en\/wp-json\/wp\/v2\/product"}],"about":[{"href":"https:\/\/alkaline.lv\/en\/wp-json\/wp\/v2\/types\/product"}],"wp:featuredmedia":[{"embeddable":true,"href":"https:\/\/alkaline.lv\/en\/wp-json\/wp\/v2\/media\/2037"}],"wp:attachment":[{"href":"https:\/\/alkaline.lv\/en\/wp-json\/wp\/v2\/media?parent=1962"}],"wp:term":[{"taxonomy":"product_cat","embeddable":true,"href":"https:\/\/alkaline.lv\/en\/wp-json\/wp\/v2\/product_cat?post=1962"},{"taxonomy":"product_tag","embeddable":true,"href":"https:\/\/alkaline.lv\/en\/wp-json\/wp\/v2\/product_tag?post=1962"}],"curies":[{"name":"wp","href":"https:\/\/api.w.org\/{rel}","templated":true}]}}