{"id":1969,"date":"2020-12-29T19:18:59","date_gmt":"2020-12-29T17:18:59","guid":{"rendered":"https:\/\/alkaline.lv\/?post_type=product&#038;p=1969"},"modified":"2022-11-02T19:35:03","modified_gmt":"2022-11-02T17:35:03","slug":"nerusejosa-terauda-dozators-skidrajam-un-putu-ziepem-katrin-1000-ml-sledzams","status":"publish","type":"product","link":"https:\/\/alkaline.lv\/en\/products\/nerusejosa-terauda-dozators-skidrajam-un-putu-ziepem-katrin-1000-ml-sledzams\/","title":{"rendered":"Ner\u016bs\u0113jo\u0161\u0101 t\u0113rauda dozators \u0161\u0137idraj\u0101m un putu ziep\u0113m KATRIN, 1000 ml, sl\u0113dzams"},"content":{"rendered":"<p>Tilpums &#8211; 1000 ml<\/p>\n<p>Viegli un \u0113rti lietojami, ra\u017eoti no ner\u016bs\u0113jo\u0161\u0101 t\u0113rauda.<\/p>\n<p>Iztur\u012bgi pret fizisku slodzi un temperat\u016bras mai\u0146\u0101m.<\/p>\n<p>Viena atsl\u0113ga visiem met\u0101la\/ner\u016bs\u0113jo\u0161\u0101 t\u0113rauda tur\u0113t\u0101jiem.<\/p>\n<p>Dizains un kr\u0101sa ieder\u0113sies jebkur\u0101 interjer\u0101.<\/p>\n<p>Pla\u0161am pielietojumam &#8211; medic\u012bnas iest\u0101des, sporta klubi, viesn\u012bcas un \u0113din\u0101\u0161anas iest\u0101des utt.<\/p>\n","protected":false},"excerpt":{"rendered":"<div class=\"item_meta\"><\/div>\n<div><\/div>\n","protected":false},"featured_media":2036,"template":"","meta":{"inline_featured_image":false},"product_cat":[103],"product_tag":[],"class_list":{"0":"post-1969","1":"product","2":"type-product","3":"status-publish","4":"has-post-thumbnail","6":"product_cat-ziepju-turetaji","8":"first","9":"instock","10":"taxable","11":"shipping-taxable","12":"purchasable","13":"product-type-simple","14":"add-to-wishlist-after_add_to_cart"},"_links":{"self":[{"href":"https:\/\/alkaline.lv\/en\/wp-json\/wp\/v2\/product\/1969"}],"collection":[{"href":"https:\/\/alkaline.lv\/en\/wp-json\/wp\/v2\/product"}],"about":[{"href":"https:\/\/alkaline.lv\/en\/wp-json\/wp\/v2\/types\/product"}],"wp:featuredmedia":[{"embeddable":true,"href":"https:\/\/alkaline.lv\/en\/wp-json\/wp\/v2\/media\/2036"}],"wp:attachment":[{"href":"https:\/\/alkaline.lv\/en\/wp-json\/wp\/v2\/media?parent=1969"}],"wp:term":[{"taxonomy":"product_cat","embeddable":true,"href":"https:\/\/alkaline.lv\/en\/wp-json\/wp\/v2\/product_cat?post=1969"},{"taxonomy":"product_tag","embeddable":true,"href":"https:\/\/alkaline.lv\/en\/wp-json\/wp\/v2\/product_tag?post=1969"}],"curies":[{"name":"wp","href":"https:\/\/api.w.org\/{rel}","templated":true}]}}