{"id":1979,"date":"2020-12-29T19:38:24","date_gmt":"2020-12-29T17:38:24","guid":{"rendered":"https:\/\/alkaline.lv\/?post_type=product&#038;p=1979"},"modified":"2025-01-10T22:45:01","modified_gmt":"2025-01-10T20:45:01","slug":"dozators-ziepem-katrin-soap-1000-ml-balts","status":"publish","type":"product","link":"https:\/\/alkaline.lv\/en\/products\/dozators-ziepem-katrin-soap-1000-ml-balts\/","title":{"rendered":"Dozators ziep\u0113m KATRIN Soap, 1000 ml, balts"},"content":{"rendered":"<p>Tur\u0113t\u0101js \u0161\u0137idraj\u0101m un putu ziep\u0113m KATRIN bez uzpildes trauka.<\/p>\n<p>Melnas kr\u0101sas plastmasas tur\u0113t\u0101js, kam nospie\u017eam\u0101 virsma p\u0101rkl\u0101ta ar antibakteri\u0101lu materi\u0101lu.<\/p>\n<p>Viegli uzpild\u0101ms, izmantojot jaunu \u0161\u0137idro ziepju kasetnes sist\u0113mu.<\/p>\n<p>Padev\u0113ja darbin\u0101\u0161ana, uzspie\u017eot v\u0101kam jebkur\u0101 viet\u0101, t\u0101 atvieglojot lieto\u0161anu, nor\u0101de ar\u012b Braila rakst\u0101.<\/p>\n<p>Izm\u0113rs: 290x125x100mm.<\/p>\n<p><strong>Tilpums: 1000 ml.<\/strong><\/p>\n","protected":false},"excerpt":{"rendered":"<div class=\"item_meta\"><\/div>\n<div><\/div>\n","protected":false},"featured_media":70331,"template":"","meta":{"inline_featured_image":false},"product_cat":[103],"product_tag":[],"class_list":{"0":"post-1979","1":"product","2":"type-product","3":"status-publish","4":"has-post-thumbnail","6":"product_cat-ziepju-turetaji","8":"first","9":"instock","10":"taxable","11":"shipping-taxable","12":"purchasable","13":"product-type-simple","14":"add-to-wishlist-after_add_to_cart"},"_links":{"self":[{"href":"https:\/\/alkaline.lv\/en\/wp-json\/wp\/v2\/product\/1979"}],"collection":[{"href":"https:\/\/alkaline.lv\/en\/wp-json\/wp\/v2\/product"}],"about":[{"href":"https:\/\/alkaline.lv\/en\/wp-json\/wp\/v2\/types\/product"}],"wp:featuredmedia":[{"embeddable":true,"href":"https:\/\/alkaline.lv\/en\/wp-json\/wp\/v2\/media\/70331"}],"wp:attachment":[{"href":"https:\/\/alkaline.lv\/en\/wp-json\/wp\/v2\/media?parent=1979"}],"wp:term":[{"taxonomy":"product_cat","embeddable":true,"href":"https:\/\/alkaline.lv\/en\/wp-json\/wp\/v2\/product_cat?post=1979"},{"taxonomy":"product_tag","embeddable":true,"href":"https:\/\/alkaline.lv\/en\/wp-json\/wp\/v2\/product_tag?post=1979"}],"curies":[{"name":"wp","href":"https:\/\/api.w.org\/{rel}","templated":true}]}}