{"id":1991,"date":"2020-12-29T20:24:19","date_gmt":"2020-12-29T18:24:19","guid":{"rendered":"https:\/\/alkaline.lv\/?post_type=product&#038;p=1991"},"modified":"2022-11-02T18:37:16","modified_gmt":"2022-11-02T16:37:16","slug":"balts-metala-turetajs-tualetes-papiram-rullos-katrin-gigantbox-l-sledzams","status":"publish","type":"product","link":"https:\/\/alkaline.lv\/en\/products\/balts-metala-turetajs-tualetes-papiram-rullos-katrin-gigantbox-l-sledzams\/","title":{"rendered":"Balts met\u0101la tur\u0113t\u0101js tualetes pap\u012bram ru\u013c\u013cos KATRIN Gigantbox L, sl\u0113dzams"},"content":{"rendered":"<ul>\n<li>Ru\u013c\u013ca diametrs &#8211; l\u012bdz 32 cm<\/li>\n<li>Viegli un \u0113rti lietojami, ra\u017eoti no met\u0101la.<\/li>\n<li>Iztur\u012bgi pret fizisku slodzi un temperat\u016bras mai\u0146\u0101m.<\/li>\n<li>Viena atsl\u0113ga visiem met\u0101la\/ner\u016bs\u0113jo\u0161\u0101 t\u0113rauda tur\u0113t\u0101jiem.<\/li>\n<li>Dizains un kr\u0101sa ieder\u0113sies jebkur\u0101 interjer\u0101.<\/li>\n<li>Pla\u0161am pielietojumam &#8211; medic\u012bnas iest\u0101des, sporta klubi, viesn\u012bcas un \u0113din\u0101\u0161anas iest\u0101des utt.<\/li>\n<\/ul>\n","protected":false},"excerpt":{"rendered":"<div class=\"item_meta\"><\/div>\n<div><\/div>\n","protected":false},"featured_media":2034,"template":"","meta":{"inline_featured_image":false},"product_cat":[110],"product_tag":[],"class_list":{"0":"post-1991","1":"product","2":"type-product","3":"status-publish","4":"has-post-thumbnail","6":"product_cat-tualetes-papira-turetaji","8":"first","9":"instock","10":"taxable","11":"shipping-taxable","12":"purchasable","13":"product-type-simple","14":"add-to-wishlist-after_add_to_cart"},"_links":{"self":[{"href":"https:\/\/alkaline.lv\/en\/wp-json\/wp\/v2\/product\/1991"}],"collection":[{"href":"https:\/\/alkaline.lv\/en\/wp-json\/wp\/v2\/product"}],"about":[{"href":"https:\/\/alkaline.lv\/en\/wp-json\/wp\/v2\/types\/product"}],"wp:featuredmedia":[{"embeddable":true,"href":"https:\/\/alkaline.lv\/en\/wp-json\/wp\/v2\/media\/2034"}],"wp:attachment":[{"href":"https:\/\/alkaline.lv\/en\/wp-json\/wp\/v2\/media?parent=1991"}],"wp:term":[{"taxonomy":"product_cat","embeddable":true,"href":"https:\/\/alkaline.lv\/en\/wp-json\/wp\/v2\/product_cat?post=1991"},{"taxonomy":"product_tag","embeddable":true,"href":"https:\/\/alkaline.lv\/en\/wp-json\/wp\/v2\/product_tag?post=1991"}],"curies":[{"name":"wp","href":"https:\/\/api.w.org\/{rel}","templated":true}]}}