{"id":2001,"date":"2020-12-29T20:45:59","date_gmt":"2020-12-29T18:45:59","guid":{"rendered":"https:\/\/alkaline.lv\/?post_type=product&#038;p=2001"},"modified":"2024-01-17T18:27:26","modified_gmt":"2024-01-17T16:27:26","slug":"turetajs-tualetes-papiram-rullos-katrin-gigant-l-toilet-roll-melns","status":"publish","type":"product","link":"https:\/\/alkaline.lv\/en\/products\/turetajs-tualetes-papiram-rullos-katrin-gigant-l-toilet-roll-melns\/","title":{"rendered":"Tur\u0113t\u0101js tualetes pap\u012bram ru\u013c\u013cos KATRIN Gigant L Toilet Roll, melns"},"content":{"rendered":"<p>KATRIN Inclusive Gigant L tualetes pap\u012bra padev\u0113js piem\u0113rots Gigant s\u0113rijas L un M izm\u0113ra tualetes pap\u012bra ru\u013c\u013ciem.<\/p>\n<p>Izgatavots no iztur\u012bgas, melnas kr\u0101sas plastmasas.<\/p>\n<p>Sl\u0113dzeni var izmantot ar vai bez atsl\u0113gas.<\/p>\n<p>\u0112rti un viegli nopl\u0113\u0161ams pap\u012brs uz vis\u0101m pus\u0113m.<\/p>\n<p>Jauns, elast\u012bgs pap\u012bra ru\u013c\u013ca bremz\u0113\u0161anas meh\u0101nisms lab\u0101kai pap\u012bra padevei.<\/p>\n<p>Svars: 1.257kg. Izm\u0113rs: 356x342x149mm.<\/p>\n","protected":false},"excerpt":{"rendered":"<div class=\"item_meta\"><\/div>\n<div><\/div>\n","protected":false},"featured_media":70338,"template":"","meta":{"inline_featured_image":false},"product_cat":[110],"product_tag":[],"class_list":{"0":"post-2001","1":"product","2":"type-product","3":"status-publish","4":"has-post-thumbnail","6":"product_cat-tualetes-papira-turetaji","8":"first","9":"instock","10":"taxable","11":"shipping-taxable","12":"purchasable","13":"product-type-simple","14":"add-to-wishlist-after_add_to_cart"},"_links":{"self":[{"href":"https:\/\/alkaline.lv\/en\/wp-json\/wp\/v2\/product\/2001","targetHints":{"allow":["GET"]}}],"collection":[{"href":"https:\/\/alkaline.lv\/en\/wp-json\/wp\/v2\/product"}],"about":[{"href":"https:\/\/alkaline.lv\/en\/wp-json\/wp\/v2\/types\/product"}],"wp:featuredmedia":[{"embeddable":true,"href":"https:\/\/alkaline.lv\/en\/wp-json\/wp\/v2\/media\/70338"}],"wp:attachment":[{"href":"https:\/\/alkaline.lv\/en\/wp-json\/wp\/v2\/media?parent=2001"}],"wp:term":[{"taxonomy":"product_cat","embeddable":true,"href":"https:\/\/alkaline.lv\/en\/wp-json\/wp\/v2\/product_cat?post=2001"},{"taxonomy":"product_tag","embeddable":true,"href":"https:\/\/alkaline.lv\/en\/wp-json\/wp\/v2\/product_tag?post=2001"}],"curies":[{"name":"wp","href":"https:\/\/api.w.org\/{rel}","templated":true}]}}