{"id":2053,"date":"2021-01-28T16:05:07","date_gmt":"2021-01-28T14:05:07","guid":{"rendered":"https:\/\/alkaline.lv\/?post_type=product&#038;p=2053"},"modified":"2025-09-09T13:03:43","modified_gmt":"2025-09-09T10:03:43","slug":"dezinfekcijas-un-tirisanas-lidzeklis-virsmam-oxivir-plus","status":"publish","type":"product","link":"https:\/\/alkaline.lv\/en\/products\/dezinfekcijas-un-tirisanas-lidzeklis-virsmam-oxivir-plus\/","title":{"rendered":"Dezinfekcijas un t\u012br\u012b\u0161anas l\u012bdzeklis virsm\u0101m OXIVIR PLUS 5L"},"content":{"rendered":"<p>Oxivir Plus ir sp\u0113c\u012bgs dezinfekcijas l\u012bdzeklis &#8211; bakteric\u012bds, viruc\u012bds un fungic\u012bds.<\/p>\n<p>L\u012bdzek\u013ca unik\u0101lais sast\u0101vs veidots uz inovat\u012bvas Akseler\u0113t\u0101 \u016bde\u0146ra\u017ea peroks\u012bda tehnolo\u0123ijas b\u0101zes, kas efekt\u012bvi izn\u012bcina patog\u0113nus, piem\u0113ram, MRSA (pret meticil\u012bnu rezistentais Staphylococcus aureus), Hepat\u012btu C un Norov\u012brusu.<\/p>\n<p>\u012apa\u0161\u012bbas:<\/p>\n<p>&#8211; sp\u0113c\u012bgs dezinfekcijas l\u012bdzeklis;<\/p>\n<p>&#8211; teicams t\u012br\u012b\u0161anas l\u012bdzeklis;<\/p>\n<p>&#8211; piem\u0113rots mazg\u0101jam\u0101m virsm\u0101m.<\/p>\n<ul>\n<li>Virsmu dezinfekcija &#8220;not\u012briet virsmas&#8221; =\u00a0 (1%)10 ml + 990 ml \u016bdens. R\u016bp\u012bgi noslaukiet virsmu ar darba \u0161\u0137\u012bdum\u0101 samitrin\u0101tu dr\u0101nu.<\/li>\n<li>Virsmu dezinfekcija &#8220;net\u012bras virsmas&#8221; = (3,5%) 35 ml + 965 ml \u016bdens. R\u016bp\u012bgi noslaukiet virsmu ar \u0161\u0137\u012bdum\u0101 samitrin\u0101tu dr\u0101nu.<\/li>\n<li>\u012apa\u0161a traipu dezinfekcija\u00a0\u00a0= (3,5%) 35 ml + 965 ml \u016bdens. \u00a0Uzkl\u0101jiet \u0161\u0137\u012bdumu uz traipa un to not\u012briet.<\/li>\n<li>Tekstilmateri\u0101lu virsmu dezinfic\u0113jo\u0161a t\u012br\u012b\u0161ana\u00a0\u00a0= (3,5%) 35 ml + 965 ml \u016bdens. \u00a0Not\u012briet \u00a0net\u012brumus vai izdal\u012bjumus.\u00a0R\u016bp\u012bgi noslaukiet virsmu ar \u0161\u0137\u012bdum\u0101 samitrin\u0101tu dr\u0101nu.<\/li>\n<\/ul>\n<p><b><strong>Lietojiet bioc\u012bdus uzman\u012bgi!<\/strong><\/b><\/p>\n<p>Vienm\u0113r pirms lieto\u0161anas izlasiet eti\u0137eti un inform\u0101ciju par produktu!<\/p>\n<p><b><strong>Lieto\u0161ana:\u00a0<\/strong><\/b>Iev\u0113rojiet ra\u017eot\u0101ju doz\u0113\u0161anas un uzglab\u0101\u0161anas Ieteikumus, k\u0101 nor\u0101d\u012bts uz mazg\u0101\u0161anas l\u012bdzek\u013ca iepakojuma<\/p>\n<p>Tilpums &#8211; 5L<\/p>\n","protected":false},"excerpt":{"rendered":"<div class=\"item_meta\"><\/div>\n<div><\/div>\n","protected":false},"featured_media":2055,"template":"","meta":{"inline_featured_image":false},"product_cat":[73],"product_tag":[],"class_list":{"0":"post-2053","1":"product","2":"type-product","3":"status-publish","4":"has-post-thumbnail","6":"product_cat-dezinfekcijas-lidzekli","8":"first","9":"instock","10":"taxable","11":"shipping-taxable","12":"purchasable","13":"product-type-simple","14":"add-to-wishlist-after_add_to_cart"},"_links":{"self":[{"href":"https:\/\/alkaline.lv\/en\/wp-json\/wp\/v2\/product\/2053"}],"collection":[{"href":"https:\/\/alkaline.lv\/en\/wp-json\/wp\/v2\/product"}],"about":[{"href":"https:\/\/alkaline.lv\/en\/wp-json\/wp\/v2\/types\/product"}],"wp:featuredmedia":[{"embeddable":true,"href":"https:\/\/alkaline.lv\/en\/wp-json\/wp\/v2\/media\/2055"}],"wp:attachment":[{"href":"https:\/\/alkaline.lv\/en\/wp-json\/wp\/v2\/media?parent=2053"}],"wp:term":[{"taxonomy":"product_cat","embeddable":true,"href":"https:\/\/alkaline.lv\/en\/wp-json\/wp\/v2\/product_cat?post=2053"},{"taxonomy":"product_tag","embeddable":true,"href":"https:\/\/alkaline.lv\/en\/wp-json\/wp\/v2\/product_tag?post=2053"}],"curies":[{"name":"wp","href":"https:\/\/api.w.org\/{rel}","templated":true}]}}