{"id":2059,"date":"2021-01-30T12:17:04","date_gmt":"2021-01-30T10:17:04","guid":{"rendered":"https:\/\/alkaline.lv\/?post_type=product&#038;p=2059"},"modified":"2024-01-25T15:13:13","modified_gmt":"2024-01-25T13:13:13","slug":"suma-alcohol-wipes-dezinfekcijas-salvetes-150","status":"publish","type":"product","link":"https:\/\/alkaline.lv\/en\/products\/suma-alcohol-wipes-dezinfekcijas-salvetes-150\/","title":{"rendered":"Dezinfekcijas salvetes virsm\u0101m SUMA ALCOHOL WIPES (150 salvetes)"},"content":{"rendered":"<p><strong>SUMA alcohol wipes dezinfekcijas salvetes virsm\u0101m (150 salvetes)<\/strong><\/p>\n<div>\n<p>Suma Alcohol Wipes salvetes ir gatavas lieto\u0161anai, t\u0101s ir piem\u0113rotas visu cietu virsmu, piem\u0113ram, darba virsmu, apr\u012bkojuma, piederumu un rokturu dezinfekcijai.<\/p>\n<p><strong>\u012apa\u0161\u012bbas<\/strong><\/p>\n<p>Suma Alcohol Wipes ir ide\u0101li piem\u0113rotas visu virsmu, kam ir saskare ar p\u0101rtikas produktiem, dezinfekcijai, un t\u0101s var izmantot k\u0101 papildus uzkop\u0161anas un dezinfekcijas l\u012bdzekli. To sast\u0101vs ir uz etanola b\u0101zes, kas nodro\u0161ina \u0101tru un efekt\u012bvu dezinfekciju. Salvetes ir piem\u0113rotas, lai dezinfic\u0113tu virsmas un piederumus (grie\u0161anas d\u0113l\u012b\u0161us, piederumus, termometrus, galdus un citu virtuves apr\u012bkojumu), kam ir saskare ar p\u0101rtikas produktiem un ir notur\u012bgas pret spirtu. T\u0101s ir efekt\u012bvas pret pla\u0161a spektra mikroorganismiem.<\/p>\n<p><strong>Priek\u0161roc\u012bbas<\/strong><\/p>\n<p>\u2022 Viegli lietot<\/p>\n<p>\u2022 Nek\u0101das izsmidzin\u0101\u0161anas, dro\u0161i lietot<\/p>\n<p>\u2022 Efekt\u012bvas pret pla\u0161a spektra mikroorganismiem<\/p>\n<p>\u2022 \u0100tri no\u017e\u016bst, netrauc\u0113jot darba re\u017e\u012bmam<\/p>\n<p><strong>Lieto\u0161anas instrukcija<\/strong><\/p>\n<p>Net\u012bras virsmas vispirms t\u012br\u012bt ar Diversey uzkop\u0161anas l\u012bdzekli un skalot ar \u016bdeni.<\/p>\n<p>1. Atv\u0113rt iepakojumu, iz\u0146emt vienu salveti un aizv\u0113rt iepakojumu.<\/p>\n<p>2. Slauc\u012bt virsmu; p\u0101rliecin\u0101ties, ka visa virsma ir apstr\u0101d\u0101ta.<\/p>\n<p>3. Atst\u0101t uz 5 min\u016bt\u0113m un \u013caut no\u017e\u016bt.<\/p>\n<p><strong>Tehniskie dati<\/strong><\/p>\n<p>Izskats Impregn\u0113tas, neaustas salvetes pH 1%<\/p>\n<p>Uzliesmo\u0161anas temperat\u016bra 12<\/p>\n<p>Augst\u0101k min\u0113tie dati ir tipiski produkcijai un nevar tikt uzskat\u012bti par produkta specifik\u0101ciju.<\/p>\n<p>Inform\u0101cija par dro\u0161u lieto\u0161anu un uzglab\u0101\u0161anu<\/p>\n<p>Pilnu inform\u0101ciju par produkta lieto\u0161anu un izn\u012bcin\u0101\u0161anu skat\u012bt produkta dro\u0161\u012bbas datu lap\u0101. Uzglab\u0101t sl\u0113gt\u0101 ori\u0123in\u0101laj\u0101 iepakojum\u0101. Izvair\u012bties<\/p>\n<p>ekstr\u0113m\u0101m temperat\u016br\u0101m.<\/p>\n<p><strong>Produkta savietojam\u012bba<\/strong><\/p>\n<p>Lietojot atbilsto\u0161i nor\u0101d\u012bjumiem, Suma Alcohol Wipes salvetes ir piem\u0113rotas virtuv\u0113 sastopamo materi\u0101lu dezinfekcijai.<\/p>\n<p><strong>Mikrobiolo\u0123iskie dati<\/strong><\/p>\n<p>Atbilst EN1270 un EN1650: 15 sekundes saskares laiks, t\u012bri apst\u0101k\u013ci. Produktam ir pretv\u012brusu iedarb\u012bba (Polio-, Adeno- un pe\u013cu norov\u012bruss) saska\u0146\u0101 ar EN14476, neat\u0161\u0137aid\u012bts, 60 sekundes saskares laiks. Visi EN testi ir pieejami p\u0113c piepras\u012bjuma.<\/p>\n<p><strong>Lieto\u0161ana:<\/strong><\/p>\n<p>Iev\u0113rojiet ra\u017eot\u0101ju doz\u0113\u0161anas un uzglab\u0101\u0161anas Ieteikumus, k\u0101 nor\u0101d\u012bts uz mazg\u0101\u0161anas l\u012bdzek\u013ca iepakojuma<\/p>\n<\/div>\n","protected":false},"excerpt":{"rendered":"<div class=\"item_meta\"><\/div>\n<div><\/div>\n","protected":false},"featured_media":2063,"template":"","meta":{"inline_featured_image":false},"product_cat":[73],"product_tag":[],"class_list":{"0":"post-2059","1":"product","2":"type-product","3":"status-publish","4":"has-post-thumbnail","6":"product_cat-dezinfekcijas-lidzekli","8":"first","9":"instock","10":"taxable","11":"shipping-taxable","12":"purchasable","13":"product-type-simple","14":"add-to-wishlist-after_add_to_cart"},"_links":{"self":[{"href":"https:\/\/alkaline.lv\/en\/wp-json\/wp\/v2\/product\/2059"}],"collection":[{"href":"https:\/\/alkaline.lv\/en\/wp-json\/wp\/v2\/product"}],"about":[{"href":"https:\/\/alkaline.lv\/en\/wp-json\/wp\/v2\/types\/product"}],"wp:featuredmedia":[{"embeddable":true,"href":"https:\/\/alkaline.lv\/en\/wp-json\/wp\/v2\/media\/2063"}],"wp:attachment":[{"href":"https:\/\/alkaline.lv\/en\/wp-json\/wp\/v2\/media?parent=2059"}],"wp:term":[{"taxonomy":"product_cat","embeddable":true,"href":"https:\/\/alkaline.lv\/en\/wp-json\/wp\/v2\/product_cat?post=2059"},{"taxonomy":"product_tag","embeddable":true,"href":"https:\/\/alkaline.lv\/en\/wp-json\/wp\/v2\/product_tag?post=2059"}],"curies":[{"name":"wp","href":"https:\/\/api.w.org\/{rel}","templated":true}]}}