{"id":2064,"date":"2021-01-30T12:27:39","date_gmt":"2021-01-30T10:27:39","guid":{"rendered":"https:\/\/alkaline.lv\/?post_type=product&#038;p=2064"},"modified":"2024-08-20T10:22:11","modified_gmt":"2024-08-20T07:22:11","slug":"koncentretas-hlora-tabletes-virsmu-dezinficesanai-suma-tab-d4-tab-300-gab","status":"publish","type":"product","link":"https:\/\/alkaline.lv\/en\/products\/koncentretas-hlora-tabletes-virsmu-dezinficesanai-suma-tab-d4-tab-300-gab\/","title":{"rendered":"Hlora tabletes virsmu dezinfic\u0113\u0161anai Suma Tab D4 tab 300 gab."},"content":{"rendered":"<p><strong>Koncentr\u0113tas hlora tabletes virsmu dezinfic\u0113\u0161anai Suma Tab D4 tab 300 gab<\/strong><\/p>\n<div>\n<p>Suma Tab D4 tab ir koncentr\u0113tas dezinfekcijas tabletes visu virsmu dezinfekcijai, ieskaitot virsmas, kas non\u0101k saskar\u0113 ar p\u0101rtiku, olu dezinfekcijai k\u0101 ar\u012b higi\u0113niskai d\u0101rze\u0146u skalo\u0161anai.<\/p>\n<p><strong>\u012apa\u0161\u012bbas<\/strong><\/p>\n<p>Suma Tab D4 tab ir koncentr\u0113tas dezinfekcijas tabletes, kas ir \u013coti efekt\u012bvs dezinfekcijas l\u012bdzeklis virsmu dezinfic\u0113\u0161anai. Piem\u0113rotas virsmu, kas non\u0101k saskar\u0113 ar p\u0101rtiku, dezinfic\u0113\u0161anai. Suma Tab D4 tab ir stabiliz\u0113ta hlora tablete, kas viegli \u0161\u0137\u012bst \u016bden\u012b un ir efekt\u012bva pret pla\u0161u mikroorganismu spektru visu ciet\u012bbas pak\u0101pju \u016bden\u012b.<\/p>\n<p>Viena tablete, iz\u0161\u0137\u012bdin\u0101ta 10 L \u016bdens, nodro\u0161ina 150 ppm akt\u012bv\u0101 hlora.<\/p>\n<p>Suma Tab D4 tab tabletes piem\u0113rotas olu dezinfekcijai un higi\u0113niskai d\u0101rze\u0146u, piem\u0113ram, sal\u0101tu un tom\u0101tu skalo\u0161anai.<\/p>\n<p><strong>Priek\u0161roc\u012bbas<\/strong><\/p>\n<p>&#8211; efekt\u012bvas pret pla\u0161u mikroorganismu spektru, paaugstina higi\u0113nas dro\u0161\u012bbu;<\/p>\n<p>&#8211; efekt\u012bvas zem\u0101 temperat\u016br\u0101 un nepiecie\u0161ams \u012bss saskares laiks;<\/p>\n<p>&#8211; dro\u0161as lieto\u0161anai vis\u0101m virsm\u0101m, ar\u012b alum\u012bnijam;<\/p>\n<p>&#8211; efekt\u012bvas d\u0101rze\u0146u higi\u0113niskai skalo\u0161anai.<\/p>\n<p><strong>Lieto\u0161ana<\/strong><\/p>\n<p>Net\u012bras virsmas pirms dezinfic\u0113\u0161anas not\u012br\u012bt ar Diversey t\u012br\u012b\u0161anas l\u012bdzekli un noskalot ar t\u012bru \u016bdeni.<\/p>\n<p>Visp\u0101r\u012bg\u0101 dezinfekcija<\/p>\n<p>1. sagatavot \u0161\u0137\u012bdumu: 1 tablete\/5L remdena \u016bdens<\/p>\n<p>2. uzkl\u0101t \u0161\u0137\u012bdumu uz virsmas ar dr\u0101nu, birsti vai mopu<\/p>\n<p>3. Atst\u0101t \u0438iedarboties 5 min\u016btes<\/p>\n<p>4. Virsmas, kas non\u0101k saskar\u0113 ar p\u0101rtiku, noskalot ar t\u012bru \u016bdeni un atst\u0101t no\u017e\u016bt<\/p>\n<p>Higi\u0113niska olu un d\u0101rze\u0146u skalo\u0161ana<\/p>\n<p>1. noskalot olas vai d\u0101rze\u0146us ar t\u012bru \u016bdeni<\/p>\n<p>2. sagatavot \u0161\u0137\u012bdumu: 1 tablete\/20 L \u016bdens d\u0101rze\u0146iem un 1 tablete\/5 L \u016bdens ol\u0101m<\/p>\n<p>3. iem\u0113rkt d\u0101rze\u0146us vai olas \u0161\u0137\u012bdum\u0101 vismaz 5 min\u016btes<\/p>\n<p>4. noskalot ar t\u012bru \u016bdeni<\/p>\n<p><strong>Mikrobiolo\u0123iskie dati<\/strong><\/p>\n<p>Suma Tab D4 Tab atbilst normai EN 1276 koncentr\u0101cij\u0101 1 tablete\/10L (150 ppm akt\u012bvais hlors) ciet\u0101 \u016bden\u012b (300 ppm k\u0101 CaCO3) t\u012bros apst\u0101k\u013cos (0.03% bovine albumin), 5 min\u016btes saskares laiks.<\/p>\n<p>Suma Tab D4 Tab atbilst normai EN 13697 koncentr\u0101cij\u0101 2 tabletes\/5L cieta \u016bdens (300 ppm k\u0101 CaCO3), 5 min\u016btes saskares laiks<\/p>\n<p><strong>Lieto\u0161ana:\u00a0<\/strong>Iev\u0113rojiet ra\u017eot\u0101ju doz\u0113\u0161anas un uzglab\u0101\u0161anas Ieteikumus, k\u0101 nor\u0101d\u012bts uz mazg\u0101\u0161anas l\u012bdzek\u013ca iepakojuma<\/p>\n<\/div>\n","protected":false},"excerpt":{"rendered":"<p>Koncentr\u0113tas hlora tabletes virsmu dezinfic\u0113\u0161anai Suma Tab D4 tab 300 gab Suma Tab D4 tab ir koncentr\u0113tas dezinfekcijas tabletes visu virsmu dezinfekcijai, ieskaitot virsmas, kas non\u0101k saskar\u0113 ar p\u0101rtiku, olu dezinfekcijai k\u0101 ar\u012b higi\u0113niskai d\u0101rze\u0146u skalo\u0161anai. \u012apa\u0161\u012bbas Suma Tab D4 tab ir koncentr\u0113tas dezinfekcijas tabletes, kas ir \u013coti efekt\u012bvs dezinfekcijas l\u012bdzeklis virsmu dezinfic\u0113\u0161anai. Piem\u0113rotas virsmu, [&hellip;]<\/p>\n","protected":false},"featured_media":2065,"template":"","meta":{"inline_featured_image":false},"product_cat":[73],"product_tag":[],"class_list":{"0":"post-2064","1":"product","2":"type-product","3":"status-publish","4":"has-post-thumbnail","6":"product_cat-dezinfekcijas-lidzekli","8":"first","9":"instock","10":"taxable","11":"shipping-taxable","12":"purchasable","13":"product-type-simple","14":"add-to-wishlist-after_add_to_cart"},"_links":{"self":[{"href":"https:\/\/alkaline.lv\/en\/wp-json\/wp\/v2\/product\/2064"}],"collection":[{"href":"https:\/\/alkaline.lv\/en\/wp-json\/wp\/v2\/product"}],"about":[{"href":"https:\/\/alkaline.lv\/en\/wp-json\/wp\/v2\/types\/product"}],"wp:featuredmedia":[{"embeddable":true,"href":"https:\/\/alkaline.lv\/en\/wp-json\/wp\/v2\/media\/2065"}],"wp:attachment":[{"href":"https:\/\/alkaline.lv\/en\/wp-json\/wp\/v2\/media?parent=2064"}],"wp:term":[{"taxonomy":"product_cat","embeddable":true,"href":"https:\/\/alkaline.lv\/en\/wp-json\/wp\/v2\/product_cat?post=2064"},{"taxonomy":"product_tag","embeddable":true,"href":"https:\/\/alkaline.lv\/en\/wp-json\/wp\/v2\/product_tag?post=2064"}],"curies":[{"name":"wp","href":"https:\/\/api.w.org\/{rel}","templated":true}]}}