{"id":2068,"date":"2021-02-02T22:27:39","date_gmt":"2021-02-02T20:27:39","guid":{"rendered":"https:\/\/alkaline.lv\/?post_type=product&#038;p=2068"},"modified":"2022-11-20T21:42:19","modified_gmt":"2022-11-20T19:42:19","slug":"trauku-svammes-10gb-8x5x2-7cm","status":"publish","type":"product","link":"https:\/\/alkaline.lv\/en\/products\/trauku-svammes-10gb-8x5x2-7cm\/","title":{"rendered":"Trauku \u0161vammes 10gb. 8x5x2.7cm"},"content":{"rendered":"<div class=\"item_meta\">\n<div class=\"prodview-info-about\">&#8220;TORO&#8221;<\/div>\n<div class=\"prodview-info-about\">\u0160vamm\u012btes izm\u0113rs:5x8x2.7cm<\/div>\n<div class=\"prodview-info-about\">Iesai\u0146ojum\u0101: 10 gab<\/div>\n<div class=\"prodview-info-about\">Ra\u017eots: \u010cehij\u0101<\/div>\n<\/div>\n","protected":false},"excerpt":{"rendered":"<div class=\"item_meta\"><\/div>\n<div><\/div>\n","protected":false},"featured_media":2099,"template":"","meta":{"inline_featured_image":false},"product_cat":[114,232],"product_tag":[],"class_list":{"0":"post-2068","1":"product","2":"type-product","3":"status-publish","4":"has-post-thumbnail","6":"product_cat-sukli-un-abrazivi","7":"product_cat-sukli","9":"first","10":"instock","11":"taxable","12":"shipping-taxable","13":"purchasable","14":"product-type-simple","15":"add-to-wishlist-after_add_to_cart"},"_links":{"self":[{"href":"https:\/\/alkaline.lv\/en\/wp-json\/wp\/v2\/product\/2068"}],"collection":[{"href":"https:\/\/alkaline.lv\/en\/wp-json\/wp\/v2\/product"}],"about":[{"href":"https:\/\/alkaline.lv\/en\/wp-json\/wp\/v2\/types\/product"}],"wp:featuredmedia":[{"embeddable":true,"href":"https:\/\/alkaline.lv\/en\/wp-json\/wp\/v2\/media\/2099"}],"wp:attachment":[{"href":"https:\/\/alkaline.lv\/en\/wp-json\/wp\/v2\/media?parent=2068"}],"wp:term":[{"taxonomy":"product_cat","embeddable":true,"href":"https:\/\/alkaline.lv\/en\/wp-json\/wp\/v2\/product_cat?post=2068"},{"taxonomy":"product_tag","embeddable":true,"href":"https:\/\/alkaline.lv\/en\/wp-json\/wp\/v2\/product_tag?post=2068"}],"curies":[{"name":"wp","href":"https:\/\/api.w.org\/{rel}","templated":true}]}}