{"id":2083,"date":"2021-02-02T22:50:47","date_gmt":"2021-02-02T20:50:47","guid":{"rendered":"https:\/\/alkaline.lv\/?post_type=product&#038;p=2083"},"modified":"2022-11-20T21:46:31","modified_gmt":"2022-11-20T19:46:31","slug":"trauku-svammes-2gb-fruit-arom-citrons","status":"publish","type":"product","link":"https:\/\/alkaline.lv\/en\/products\/trauku-svammes-2gb-fruit-arom-citrons\/","title":{"rendered":"Trauku \u0161vammes 2gb. Fruit arom. citrons"},"content":{"rendered":"<div class=\"item_meta\">\n<div class=\"prodview-info-about\">\n<div class=\"prodview-info-about\">\n<div class=\"prodview-info-about\">Aromatiz\u0113tas trauku \u0161vammes 2 gab.<br \/>\n\u0160vamm\u012btes izm\u0113rs: \u00d89.3&#215;3.2cm<br \/>\nMateri\u0101ls: neilona iztur\u012bgs abraz\u012bvs, poliesters<br \/>\nArom\u0101ts: citrons<\/div>\n<div class=\"prodview-info-about\">Iesai\u0146ojum\u0101: 2 gab.<br \/>\nIesai\u0146ojuma izm\u0113rs: 19&#215;3.5x h9.5<br \/>\nRa\u017eots: Serbij\u0101<\/div>\n<\/div>\n<\/div>\n<\/div>\n","protected":false},"excerpt":{"rendered":"<div class=\"item_meta\"><\/div>\n<div><\/div>\n","protected":false},"featured_media":2084,"template":"","meta":{"inline_featured_image":false},"product_cat":[114,232],"product_tag":[],"class_list":{"0":"post-2083","1":"product","2":"type-product","3":"status-publish","4":"has-post-thumbnail","6":"product_cat-sukli-un-abrazivi","7":"product_cat-sukli","9":"first","10":"instock","11":"taxable","12":"shipping-taxable","13":"purchasable","14":"product-type-simple","15":"add-to-wishlist-after_add_to_cart"},"_links":{"self":[{"href":"https:\/\/alkaline.lv\/en\/wp-json\/wp\/v2\/product\/2083"}],"collection":[{"href":"https:\/\/alkaline.lv\/en\/wp-json\/wp\/v2\/product"}],"about":[{"href":"https:\/\/alkaline.lv\/en\/wp-json\/wp\/v2\/types\/product"}],"wp:featuredmedia":[{"embeddable":true,"href":"https:\/\/alkaline.lv\/en\/wp-json\/wp\/v2\/media\/2084"}],"wp:attachment":[{"href":"https:\/\/alkaline.lv\/en\/wp-json\/wp\/v2\/media?parent=2083"}],"wp:term":[{"taxonomy":"product_cat","embeddable":true,"href":"https:\/\/alkaline.lv\/en\/wp-json\/wp\/v2\/product_cat?post=2083"},{"taxonomy":"product_tag","embeddable":true,"href":"https:\/\/alkaline.lv\/en\/wp-json\/wp\/v2\/product_tag?post=2083"}],"curies":[{"name":"wp","href":"https:\/\/api.w.org\/{rel}","templated":true}]}}