{"id":2107,"date":"2021-02-05T19:36:01","date_gmt":"2021-02-05T17:36:01","guid":{"rendered":"https:\/\/alkaline.lv\/?post_type=product&#038;p=2107"},"modified":"2022-11-21T15:21:35","modified_gmt":"2022-11-21T13:21:35","slug":"tehniska-sals-50kg","status":"publish","type":"product","link":"https:\/\/alkaline.lv\/en\/products\/tehniska-sals-50kg\/","title":{"rendered":"Tehnisk\u0101 s\u0101ls 50kg"},"content":{"rendered":"<div class=\"item_meta\">\n<div class=\"prodview-info-about\">\n<div class=\"prodview-info-about\">\n<div class=\"prodview-info-about\">\n<div class=\"prodview-info-about\">\n<div class=\"prodview-info-about\">\n<div class=\"prodview-info-about\">\n<div class=\"prodview-info-about\">\n<div class=\"prodview-info-about\">Tehnisk\u0101 s\u0101ls ielas kais\u012b\u0161anai 50 kg\/ mais\u0101.<\/div>\n<div class=\"prodview-info-about\">NaCl 97-99%; ne\u0161\u0137\u012bsto\u0161o da\u013ci\u0146u max daudzums 0,1 &#8211; 0,4%<\/div>\n<\/div>\n<\/div>\n<\/div>\n<\/div>\n<\/div>\n<\/div>\n<\/div>\n<\/div>\n","protected":false},"excerpt":{"rendered":"<div class=\"item_meta\"><\/div>\n<div><\/div>\n","protected":false},"featured_media":2108,"template":"","meta":{"inline_featured_image":false},"product_cat":[152],"product_tag":[],"class_list":{"0":"post-2107","1":"product","2":"type-product","3":"status-publish","4":"has-post-thumbnail","6":"product_cat-ziemas-sezonai-uzkopsanas-inventars","8":"first","9":"instock","10":"taxable","11":"shipping-taxable","12":"purchasable","13":"product-type-simple","14":"add-to-wishlist-after_add_to_cart"},"_links":{"self":[{"href":"https:\/\/alkaline.lv\/en\/wp-json\/wp\/v2\/product\/2107"}],"collection":[{"href":"https:\/\/alkaline.lv\/en\/wp-json\/wp\/v2\/product"}],"about":[{"href":"https:\/\/alkaline.lv\/en\/wp-json\/wp\/v2\/types\/product"}],"wp:featuredmedia":[{"embeddable":true,"href":"https:\/\/alkaline.lv\/en\/wp-json\/wp\/v2\/media\/2108"}],"wp:attachment":[{"href":"https:\/\/alkaline.lv\/en\/wp-json\/wp\/v2\/media?parent=2107"}],"wp:term":[{"taxonomy":"product_cat","embeddable":true,"href":"https:\/\/alkaline.lv\/en\/wp-json\/wp\/v2\/product_cat?post=2107"},{"taxonomy":"product_tag","embeddable":true,"href":"https:\/\/alkaline.lv\/en\/wp-json\/wp\/v2\/product_tag?post=2107"}],"curies":[{"name":"wp","href":"https:\/\/api.w.org\/{rel}","templated":true}]}}