{"id":2122,"date":"2021-02-10T08:45:48","date_gmt":"2021-02-10T06:45:48","guid":{"rendered":"https:\/\/alkaline.lv\/?post_type=product&#038;p=2122"},"modified":"2022-10-27T16:05:00","modified_gmt":"2022-10-27T13:05:00","slug":"koka-gridu-vasks-taski-jontec-liquidwax-5-litri","status":"publish","type":"product","link":"https:\/\/alkaline.lv\/en\/products\/koka-gridu-vasks-taski-jontec-liquidwax-5-litri\/","title":{"rendered":"Koka gr\u012bdu vasks TASKI JONTEC LIQUIDWAX, 5 litri"},"content":{"rendered":"<header class=\"section-header clearfix\">\n<h2 class=\"h2 fl\"><span style=\"font-size: 16px;\">Vasks uz \u0161\u0137\u012bdin\u0101t\u0101ja b\u0101zes apstr\u0101d\u0101tu, e\u013c\u013cotu un neapstr\u0101d\u0101tu koka un kor\u0137a gr\u012bdu t\u012br\u012b\u0161anai un kop\u0161anai.<\/span><\/h2>\n<\/header>\n<div class=\"simple-content\">\n<p><strong>\u012apa\u0161\u012bbas<\/strong><\/p>\n<ul>\n<li>Labi sabalans\u0113ts t\u012br\u012b\u0161anas\/kop\u0161anas l\u012bdzeklis uz cieto vasku un \u0161\u0137\u012bdin\u0101t\u0101ju b\u0101zes.<\/li>\n<li>Loti efekt\u012bvs pret \u0161\u0137\u012bdin\u0101t\u0101ju saturo\u0161iem net\u012brumiem.<\/li>\n<li>Pul\u0113jama aizsargk\u0101rta.<\/li>\n<\/ul>\n<p><strong>Priek\u0161roc\u012bbas<\/strong><\/p>\n<ul>\n<li>Aizsarg\u0101 \u0161uvju vietas pret mitrumu (\u012bpa\u0161i lakotam parketam) un nodil\u0161anu.<\/li>\n<li>\u0160v\u012bkas, bitumu, e\u013c\u013cu un taukus var efekt\u012bvi not\u012br\u012bt, izmantojot izsmidzin\u0101\u0161anas metodi.<\/li>\n<li>Nodro\u0161ina pievilc\u012bgu sp\u012bdumu.<\/li>\n<\/ul>\n<p><strong>Lieto\u0161anas nor\u0101des<\/strong><\/p>\n<p>Doz\u0113\u0161ana: L\u012bdzeklis ir gatavs lieto\u0161anai.<\/p>\n<p>Vaska no\u0146em\u0161ana: izsmidzin\u0101t Jontec Solve l\u012bdzekli un att\u012br\u012bt gr\u012bdu, izmantojot viendiska uzkop\u0161anas iek\u0101rtu, kas apr\u012bkota ar zilo ripu.<\/p>\n<p><strong>Lieto\u0161ana:\u00a0<\/strong>Iev\u0113rojiet ra\u017eot\u0101ju doz\u0113\u0161anas un uzglab\u0101\u0161anas Ieteikumus, k\u0101 nor\u0101d\u012bts uz mazg\u0101\u0161anas l\u012bdzek\u013ca iepakojuma<\/p>\n<\/div>\n<p><strong>Tilpums: 5L<\/strong><\/p>\n<p>&nbsp;<\/p>\n","protected":false},"excerpt":{"rendered":"<div class=\"item_meta\"><\/div>\n<div><\/div>\n","protected":false},"featured_media":2123,"template":"","meta":{"inline_featured_image":false},"product_cat":[76],"product_tag":[],"class_list":{"0":"post-2122","1":"product","2":"type-product","3":"status-publish","4":"has-post-thumbnail","6":"product_cat-gridu-vaskosanai-un-atjaunosanai","8":"first","9":"instock","10":"taxable","11":"shipping-taxable","12":"purchasable","13":"product-type-simple","14":"add-to-wishlist-after_add_to_cart"},"_links":{"self":[{"href":"https:\/\/alkaline.lv\/en\/wp-json\/wp\/v2\/product\/2122"}],"collection":[{"href":"https:\/\/alkaline.lv\/en\/wp-json\/wp\/v2\/product"}],"about":[{"href":"https:\/\/alkaline.lv\/en\/wp-json\/wp\/v2\/types\/product"}],"wp:featuredmedia":[{"embeddable":true,"href":"https:\/\/alkaline.lv\/en\/wp-json\/wp\/v2\/media\/2123"}],"wp:attachment":[{"href":"https:\/\/alkaline.lv\/en\/wp-json\/wp\/v2\/media?parent=2122"}],"wp:term":[{"taxonomy":"product_cat","embeddable":true,"href":"https:\/\/alkaline.lv\/en\/wp-json\/wp\/v2\/product_cat?post=2122"},{"taxonomy":"product_tag","embeddable":true,"href":"https:\/\/alkaline.lv\/en\/wp-json\/wp\/v2\/product_tag?post=2122"}],"curies":[{"name":"wp","href":"https:\/\/api.w.org\/{rel}","templated":true}]}}