{"id":2153,"date":"2021-02-10T11:45:01","date_gmt":"2021-02-10T09:45:01","guid":{"rendered":"https:\/\/alkaline.lv\/?post_type=product&#038;p=2153"},"modified":"2023-08-23T13:38:50","modified_gmt":"2023-08-23T10:38:50","slug":"universals-tirisanas-lidzeklis-taski-sprint-200-1l","status":"publish","type":"product","link":"https:\/\/alkaline.lv\/en\/products\/universals-tirisanas-lidzeklis-taski-sprint-200-1l\/","title":{"rendered":"Univers\u0101ls t\u012br\u012b\u0161anas l\u012bdzeklis TASKI SPRINT 200, 1L"},"content":{"rendered":"<p>Univers\u0101ls ikdienas t\u012br\u012b\u0161anas l\u012bdzeklis uz spirta b\u0101zes visu \u016bdens notur\u012bgu cietu virsmu t\u012br\u012b\u0161anai.<br \/>\n<strong>\u012apa\u0161\u012bbas:<\/strong><br \/>\n\u2022 pH-neitr\u0101ls<br \/>\n\u2022 svaigs arom\u0101ts<br \/>\n\u2022 \u0101tri iedarbojas<br \/>\n\u2022 b\u0101z\u0113ts uz efekt\u012bvu spirta un virsmakt\u012bvo vielu savienojumu<br \/>\n\u2022 viegla un dro\u0161a lieto\u0161ana<br \/>\n\u2022 pat\u012bkams, svaigs arom\u0101ts<br \/>\n\u2022 \u0101tri no\u017e\u016bst, neatst\u0101jot \u0161v\u012bkas<br \/>\n\u2022 pateicoties lieliskajam t\u012br\u012b\u0161anas sniegumam zem\u0101 koncentr\u0101cij\u0101, \u013coti ekonomisks<br \/>\n\u2022 piem\u0113rots lieto\u0161anai ar slapjo mopu uzkop\u0161anas metodi<\/p>\n<p><strong>Doz\u0113\u0161ana:<\/strong><\/p>\n<p>Minim\u0101la doz\u0113\u0161ana: 50ml\/10L \u016bdens (0.5% \/ 1:200). Liela net\u012brumu daudzuma gad\u012bjum\u0101 doz\u0113\u0161anu palielin\u0101t.<\/p>\n<p>Izsmidzin\u0101\u0161anas metode: 40ml\/500ml \u016bdens (8%)<\/p>\n<p><strong>pH: 7.0 \u2013 7.5<\/strong><\/p>\n<p><strong>Tilpums: 1<\/strong><strong>L<\/strong><\/p>\n<p>&nbsp;<\/p>\n","protected":false},"excerpt":{"rendered":"<p>Univers\u0101ls ikdienas t\u012br\u012b\u0161anas l\u012bdzeklis uz spirta b\u0101zes visu \u016bdens notur\u012bgu cietu virsmu t\u012br\u012b\u0161anai. \u012apa\u0161\u012bbas: \u2022 pH-neitr\u0101ls \u2022 svaigs arom\u0101ts \u2022 \u0101tri iedarbojas \u2022 b\u0101z\u0113ts uz efekt\u012bvu spirta un virsmakt\u012bvo vielu savienojumu \u2022 viegla un dro\u0161a lieto\u0161ana \u2022 pat\u012bkams, svaigs arom\u0101ts \u2022 \u0101tri no\u017e\u016bst, neatst\u0101jot \u0161v\u012bkas \u2022 pateicoties lieliskajam t\u012br\u012b\u0161anas sniegumam zem\u0101 koncentr\u0101cij\u0101, \u013coti ekonomisks \u2022 [&hellip;]<\/p>\n","protected":false},"featured_media":2155,"template":"","meta":{"inline_featured_image":false},"product_cat":[1776,1775],"product_tag":[],"class_list":{"0":"post-2153","1":"product","2":"type-product","3":"status-publish","4":"has-post-thumbnail","6":"product_cat-gridu-ikdienas-uzkopsanai","7":"product_cat-virsmu-ikdienas-uzkopsanai","9":"first","10":"instock","11":"taxable","12":"shipping-taxable","13":"purchasable","14":"product-type-simple","15":"add-to-wishlist-after_add_to_cart"},"_links":{"self":[{"href":"https:\/\/alkaline.lv\/en\/wp-json\/wp\/v2\/product\/2153"}],"collection":[{"href":"https:\/\/alkaline.lv\/en\/wp-json\/wp\/v2\/product"}],"about":[{"href":"https:\/\/alkaline.lv\/en\/wp-json\/wp\/v2\/types\/product"}],"wp:featuredmedia":[{"embeddable":true,"href":"https:\/\/alkaline.lv\/en\/wp-json\/wp\/v2\/media\/2155"}],"wp:attachment":[{"href":"https:\/\/alkaline.lv\/en\/wp-json\/wp\/v2\/media?parent=2153"}],"wp:term":[{"taxonomy":"product_cat","embeddable":true,"href":"https:\/\/alkaline.lv\/en\/wp-json\/wp\/v2\/product_cat?post=2153"},{"taxonomy":"product_tag","embeddable":true,"href":"https:\/\/alkaline.lv\/en\/wp-json\/wp\/v2\/product_tag?post=2153"}],"curies":[{"name":"wp","href":"https:\/\/api.w.org\/{rel}","templated":true}]}}