{"id":2163,"date":"2021-02-10T12:39:48","date_gmt":"2021-02-10T10:39:48","guid":{"rendered":"https:\/\/alkaline.lv\/?post_type=product&#038;p=2163"},"modified":"2022-10-24T19:21:57","modified_gmt":"2022-10-24T16:21:57","slug":"generaltirisanas-lidzeklis-gridam-taski-jontec-forward-5l","status":"publish","type":"product","link":"https:\/\/alkaline.lv\/en\/products\/generaltirisanas-lidzeklis-gridam-taski-jontec-forward-5l\/","title":{"rendered":"\u0122ener\u0101lt\u012br\u012b\u0161anas l\u012bdzeklis gr\u012bd\u0101m Taski Jontec Forward, 5L"},"content":{"rendered":"<p><strong>\u0122ener\u0101lt\u012br\u012b\u0161anas l\u012bdzeklis gr\u012bd\u0101m Taski Jontec Forward 5L &#8211;\u00a0koncentr\u0101ts<\/strong><\/p>\n<p>Taski Jontec Forward ir s\u0101rmains, mazputojo\u0161s gr\u012bdu t\u012br\u012b\u0161anas l\u012bdzeklis.<\/p>\n<p>T\u012bra gr\u016bti t\u012br\u0101mus net\u012brumus, traipus un taukus no vis\u0101m \u016bdens notur\u012bg\u0101m, neapstr\u0101d\u0101t\u0101m (iz\u0146emot neapstr\u0101d\u0101tu koku) ciet\u0101m gr\u012bd\u0101m. Piem\u0113rots ar\u012b vaska no\u0146em\u0161anai.<\/p>\n<ul>\n<li>\u0100tri iedarb\u012bgs.<\/li>\n<li>Ar svaigu arom\u0101tu.<\/li>\n<li>Efekt\u012bvi t\u012bra un no\u0146em net\u012brumus, taukus un kop\u0161anas l\u012bdzek\u013cu rad\u012bto k\u0101rtu.<\/li>\n<li>Ide\u0101li piem\u0113rots lieto\u0161anai gr\u012bdu uzkop\u0161anas iek\u0101rt\u0101s.<\/li>\n<li>Lielisks vaska no\u0146\u0113m\u0113js, nodro\u0161ina lielisku vaska sa\u0137eri ar virsmu.<\/li>\n<\/ul>\n<p>Doz\u0113\u0161ana: Minim\u0101l\u0101 doz\u0113\u0161ana: 50ml\/10L \u016bdens (0.5% \/ 1:200)<\/p>\n<p>Palielin\u0101t doz\u0113\u0161anu atbilsto\u0161i net\u012brumu daudzumam l\u012bdz pat 5% \u0161\u0137\u012bdumam.<\/p>\n<p>Uzkop\u0161anas iek\u0101rtai: 50-200ml\/10L \u016bdens (0.5-2%).<\/p>\n<p>Vaska no\u0146em\u0161anai: 200 ml\/10L \u016bdens (2%).<\/p>\n<p><strong>pH 11<\/strong><\/p>\n<p><strong>Tilpums: 5L<\/strong><\/p>\n<p>&nbsp;<\/p>\n","protected":false},"excerpt":{"rendered":"<div class=\"item_meta\"><\/div>\n<div><\/div>\n","protected":false},"featured_media":2164,"template":"","meta":{"inline_featured_image":false},"product_cat":[126],"product_tag":[],"class_list":{"0":"post-2163","1":"product","2":"type-product","3":"status-publish","4":"has-post-thumbnail","6":"product_cat-generaltirisanai","8":"first","9":"instock","10":"taxable","11":"shipping-taxable","12":"purchasable","13":"product-type-simple","14":"add-to-wishlist-after_add_to_cart"},"_links":{"self":[{"href":"https:\/\/alkaline.lv\/en\/wp-json\/wp\/v2\/product\/2163"}],"collection":[{"href":"https:\/\/alkaline.lv\/en\/wp-json\/wp\/v2\/product"}],"about":[{"href":"https:\/\/alkaline.lv\/en\/wp-json\/wp\/v2\/types\/product"}],"wp:featuredmedia":[{"embeddable":true,"href":"https:\/\/alkaline.lv\/en\/wp-json\/wp\/v2\/media\/2164"}],"wp:attachment":[{"href":"https:\/\/alkaline.lv\/en\/wp-json\/wp\/v2\/media?parent=2163"}],"wp:term":[{"taxonomy":"product_cat","embeddable":true,"href":"https:\/\/alkaline.lv\/en\/wp-json\/wp\/v2\/product_cat?post=2163"},{"taxonomy":"product_tag","embeddable":true,"href":"https:\/\/alkaline.lv\/en\/wp-json\/wp\/v2\/product_tag?post=2163"}],"curies":[{"name":"wp","href":"https:\/\/api.w.org\/{rel}","templated":true}]}}