{"id":2197,"date":"2021-02-12T15:31:50","date_gmt":"2021-02-12T13:31:50","guid":{"rendered":"https:\/\/alkaline.lv\/?post_type=product&#038;p=2197"},"modified":"2023-08-29T10:57:39","modified_gmt":"2023-08-29T07:57:39","slug":"puteklu-sucejs-taski-aero-15-plus-euro","status":"publish","type":"product","link":"https:\/\/alkaline.lv\/en\/products\/puteklu-sucejs-taski-aero-15-plus-euro\/","title":{"rendered":"Putek\u013cu s\u016bc\u0113js TASKI AERO 15 PLUS EURO"},"content":{"rendered":"<p><strong>Putek\u013cu s\u016bc\u0113js TASKI AERO 15 PLUS EURO<\/strong><\/p>\n<p>\u2022 Uzlabotas funkcijas unik\u0101l\u0101 kombin\u0101cij\u0101;<\/p>\n<p>\u2022 Ilgtsp\u0113j\u012bga augstas efektivit\u0101tes koncepcija ar \u00abEco\u00bb funkciju;<\/p>\n<p>\u2022 \u012apa\u0161i klusa TASKI \u00ab\u010dukstu\u00bb tehnolo\u0123ija;<\/p>\n<p>\u2022 Rad\u012bts un p\u0101rbaud\u012bts saska\u0146\u0101 ar darb\u012bbas paraugpraksi.<\/p>\n<p>TASKI AERO 15 PLUS joproj\u0101m par labu cenu<\/p>\n<p>TASKI AERO 8 un AERO 15 PLUS putek\u013cu s\u016bc\u0113j\u0101 jaun\u0101k\u0101s tehnolo\u0123ijas apvienotas ar \u012bpa\u0161i efekt\u012bvu motoru. Pateicoties patent\u0113tajai &#8220;\u010dukstu&#8221; tehnolo\u0123ijai, putek\u013cu s\u016bc\u0113js darbojas \u012bpa\u0161i klusi. Tehnolo\u0123iju un funkcion\u0101la dizaina simbioze PLUS s\u0113rijai nodro\u0161ina vieglu lieto\u0161anu apvienojum\u0101 ar unik\u0101lu funkciju kl\u0101stu. V\u0113l \u2013 deta\u013cu, piem\u0113ram, kabe\u013ca un filtru nomai\u0146a ir \u013coti vienk\u0101r\u0161a, un to var izdar\u012bt pats lietot\u0101js da\u017eu sekun\u017eu laik\u0101, un tam nav nepiecie\u0161ami papildus instrumenti.<\/p>\n<p><strong>Uzlabotas funkcijas unik\u0101l\u0101 kombin\u0101cij\u0101<\/strong><\/p>\n<p>TASKI AERO PLUS kl\u0101sts pied\u0101v\u0101 unik\u0101lu funkciju kombin\u0101ciju nevainojamai efektivit\u0101tei un vieglai lieto\u0161anai. Integr\u0113t\u0101 kabe\u013ca tinuma, pilna putek\u013cu maisa indikatora un \u00abeco\u00bb re\u017e\u012bma apvienojums garant\u0113 \u012bpa\u0161i produkt\u012bvu un izcilu uzkop\u0161anu jebkur\u0101 viet\u0101 un laik\u0101.\u00a0 Visas \u0161\u012bs funkcijas ir balst\u012btas uz izm\u0113\u0123in\u0101t\u0101m un p\u0101rbaud\u012bt\u0101m tehnolo\u0123ij\u0101m.<\/p>\n<p><strong>Ilgtsp\u0113j\u012bga augstas efektivit\u0101tes koncepcija ar \u00abEco\u00bb funkciju<\/strong><\/p>\n<p>Jaunie TASKI AERO putek\u013cu s\u016bc\u0113ji ir \u013coti efekt\u012bvi, tajos ir jaun\u0101ko tehnolo\u0123iju s\u016bk\u0161anas motors ar 585W jaudu, kas\u00a0 nodro\u0161ina t\u0101du pa\u0161u uzkop\u0161anas sniegumu k\u0101 putek\u013cu s\u016bc\u0113ji ar 900W vai liel\u0101ku jaudu. Turkl\u0101t TASKI AERO\u00a0 PLUS ir \u00abeco\u00bb poga, kas samazina ener\u0123ijas pat\u0113ri\u0146u l\u012bdz 295W. T\u0101d\u0113j\u0101di putek\u013cu s\u016bc\u0113js iev\u0113rojami ietaupa ener\u0123iju un samazina CO2 emisiju, bet nepasliktinot uzkop\u0161anas rezult\u0101tu.<\/p>\n<p><strong>\u012apa\u0161i klusa TASKI \u00ab\u010dukstu\u00bb tehnolo\u0123ija<\/strong><\/p>\n<p>Pateicoties novatoriskajai un patent\u0113tajai TASKI \u00ab\u010dukstu\u00bb tehnolo\u0123ijas sist\u0113mai, TASKI AERO ir \u012bpa\u0161i kluss. \u0160is zemais trok\u0161\u0146u l\u012bmenis noz\u012bm\u0113, ka to var\u00a0 darbin\u0101t jebkur\u0101 telp\u0101 jebkur\u0101 diennakts laik\u0101. &#8220;Eco&#8221; re\u017e\u012bma poga samazina trok\u0161\u0146u emisiju l\u012bdz minimumam, t\u0101d\u0113j\u0101di uzst\u0101dot jaunus profesion\u0101las uzkop\u0161anas standartus.<\/p>\n<p><strong>Rad\u012bts un p\u0101rbaud\u012bts saska\u0146\u0101 ar darb\u012bbas paraugpraksi<\/strong><\/p>\n<p>Produkts ir rad\u012bts jebkuru telpu \u013coti bie\u017eai profesion\u0101lai uzkop\u0161anai. Katrs produkta aspekts ir balst\u012bts uz nep\u0101rtrauktu klientu un darb\u012bbas att\u012bst\u012bbu, lai nodro\u0161in\u0101tu vislab\u0101ko efektivit\u0101ti. TASKI AERO PLUS ir nep\u0101rsp\u0113jams dizaina ergonomikas zi\u0146\u0101, standarta apr\u012bkojum\u0101 ietilpst ped\u0101\u013ca sl\u0113dzis, divas novieto\u0161anas poz\u012bcijas un un augstas kvalit\u0101tes un lietot\u0101jam draudz\u012bgs piederumu komplekts.<br \/>\n<strong>Lokan\u0101s s\u016bk\u0161anas caurules garums<\/strong> 2.2 m<\/p>\n<p><strong>Svars<\/strong> 8 kg<\/p>\n<p><strong>Tvertnes tilpums<\/strong> 15 l<\/p>\n<div class=\"simple-content\">\n<div>\n<p><strong>Trok\u0161\u0146a l\u012bmenis <\/strong>66 dB<\/p>\n<p><strong>Jauda<\/strong> 585 w (900w)<\/p>\n<p><strong>Vakumms<\/strong> 17.41 kPa<\/p>\n<p><strong>Gaisa pl\u016bsma<\/strong> 33 litri\/sek.<\/p>\n<p><strong>Vada garums<\/strong> 12.5 m<\/p>\n<p><strong>Volt\u0101\u017ea<\/strong> 220\/240 v<\/p>\n<p><strong>Izm\u0113rs<\/strong> 42.6 X 31 X 42.5 cm<\/p>\n<\/div>\n<\/div>\n<div class=\"auto_descriptions simple-content\">\n<div class=\"dtbl\">\n<div class=\"dtblc text_side\">\n<h3 class=\"h2 fl product-details-h2\">CE mar\u0137\u0113jums<\/h3>\n<\/div>\n<\/div>\n<p>&nbsp;<\/p>\n<p>CE mar\u0137\u0113jums ir izstr\u0101d\u0101juma ra\u017eot\u0101ja pazi\u0146ojums, ka produkts atbilst tam piem\u0113rojam\u0101m Eiropas Komisijas direkt\u012bvu pras\u012bb\u0101m.<\/p>\n<\/div>\n","protected":false},"excerpt":{"rendered":"<div class=\"item_meta\"><\/div>\n<div><\/div>\n","protected":false},"featured_media":2198,"template":"","meta":{"inline_featured_image":false},"product_cat":[130],"product_tag":[],"class_list":{"0":"post-2197","1":"product","2":"type-product","3":"status-publish","4":"has-post-thumbnail","6":"product_cat-puteklu-suceji","8":"first","9":"instock","10":"taxable","11":"shipping-taxable","12":"purchasable","13":"product-type-simple","14":"add-to-wishlist-after_add_to_cart"},"_links":{"self":[{"href":"https:\/\/alkaline.lv\/en\/wp-json\/wp\/v2\/product\/2197","targetHints":{"allow":["GET"]}}],"collection":[{"href":"https:\/\/alkaline.lv\/en\/wp-json\/wp\/v2\/product"}],"about":[{"href":"https:\/\/alkaline.lv\/en\/wp-json\/wp\/v2\/types\/product"}],"wp:featuredmedia":[{"embeddable":true,"href":"https:\/\/alkaline.lv\/en\/wp-json\/wp\/v2\/media\/2198"}],"wp:attachment":[{"href":"https:\/\/alkaline.lv\/en\/wp-json\/wp\/v2\/media?parent=2197"}],"wp:term":[{"taxonomy":"product_cat","embeddable":true,"href":"https:\/\/alkaline.lv\/en\/wp-json\/wp\/v2\/product_cat?post=2197"},{"taxonomy":"product_tag","embeddable":true,"href":"https:\/\/alkaline.lv\/en\/wp-json\/wp\/v2\/product_tag?post=2197"}],"curies":[{"name":"wp","href":"https:\/\/api.w.org\/{rel}","templated":true}]}}