{"id":2214,"date":"2021-02-12T18:31:03","date_gmt":"2021-02-12T16:31:03","guid":{"rendered":"https:\/\/alkaline.lv\/?post_type=product&#038;p=2214"},"modified":"2022-10-25T14:42:46","modified_gmt":"2022-10-25T11:42:46","slug":"skabes-nonemsanas-lidzeklis-kalku-nogulsnem-taski-sani-calc-5l-koncentrats","status":"publish","type":"product","link":"https:\/\/alkaline.lv\/en\/products\/skabes-nonemsanas-lidzeklis-kalku-nogulsnem-taski-sani-calc-5l-koncentrats\/","title":{"rendered":"Sanit\u0101ro telpu t\u012br\u012b\u0161anas l\u012bdzeklis TASKI JONTEC SANI CALC, 5L koncentr\u0101ts"},"content":{"rendered":"<p>Sp\u0113c\u012bgs atka\u013c\u0137o\u0161anas l\u012bdzeklis sk\u0101bju notur\u012bg\u0101m ciet\u0101m virsm\u0101m. \u0100tri \u0161\u0137\u012bdina ka\u013c\u0137a nos\u0113dumus, likvid\u0113 r\u016bsu.<br \/>\n\u2022 Uz fosforsk\u0101bes b\u0101zes.<br \/>\n\u2022 Ar pat\u012bkamu arom\u0101tu.<br \/>\n\u2022 \u0100tri iedarbojas.<br \/>\n\u2022 Sp\u0113c\u012bgas atka\u013c\u0137o\u0161anas \u012bpa\u0161\u012bbas. \u0100tri not\u012bra pat gr\u016bti t\u012br\u0101mus ka\u013c\u0137a nos\u0113dumus.<br \/>\n\u2022 Maigs atka\u013c\u0137ojam\u0101m virsm\u0101m.<br \/>\n\u2022 Perfekti piem\u0113rots efekt\u012bvai gr\u012bdu, sienu un citu mazg\u0101\u0161an\u0101s telpu virsmu atka\u013c\u0137o\u0161anai.<br \/>\n\u2022 Piem\u0113rots baseina telpu t\u012br\u012b\u0161anai, k\u0101 ar\u012b \u0123ener\u0101lt\u012br\u012b\u0161anai p\u0113c remonta.<\/p>\n<p><strong>pH 1<\/strong><\/p>\n<p><strong>Tilpums: 5 L<\/strong><\/p>\n","protected":false},"excerpt":{"rendered":"<div class=\"item_meta\"><\/div>\n<div><\/div>\n","protected":false},"featured_media":2215,"template":"","meta":{"inline_featured_image":false},"product_cat":[78],"product_tag":[],"class_list":{"0":"post-2214","1":"product","2":"type-product","3":"status-publish","4":"has-post-thumbnail","6":"product_cat-sanitaro-telpu-tirisanai","8":"first","9":"instock","10":"taxable","11":"shipping-taxable","12":"purchasable","13":"product-type-simple","14":"add-to-wishlist-after_add_to_cart"},"_links":{"self":[{"href":"https:\/\/alkaline.lv\/en\/wp-json\/wp\/v2\/product\/2214"}],"collection":[{"href":"https:\/\/alkaline.lv\/en\/wp-json\/wp\/v2\/product"}],"about":[{"href":"https:\/\/alkaline.lv\/en\/wp-json\/wp\/v2\/types\/product"}],"wp:featuredmedia":[{"embeddable":true,"href":"https:\/\/alkaline.lv\/en\/wp-json\/wp\/v2\/media\/2215"}],"wp:attachment":[{"href":"https:\/\/alkaline.lv\/en\/wp-json\/wp\/v2\/media?parent=2214"}],"wp:term":[{"taxonomy":"product_cat","embeddable":true,"href":"https:\/\/alkaline.lv\/en\/wp-json\/wp\/v2\/product_cat?post=2214"},{"taxonomy":"product_tag","embeddable":true,"href":"https:\/\/alkaline.lv\/en\/wp-json\/wp\/v2\/product_tag?post=2214"}],"curies":[{"name":"wp","href":"https:\/\/api.w.org\/{rel}","templated":true}]}}