{"id":2216,"date":"2021-02-12T18:50:38","date_gmt":"2021-02-12T16:50:38","guid":{"rendered":"https:\/\/alkaline.lv\/?post_type=product&#038;p=2216"},"modified":"2023-12-15T14:08:53","modified_gmt":"2023-12-15T12:08:53","slug":"gaisa-atsvaidzinatajs-good-sense-fresh-750ml","status":"publish","type":"product","link":"https:\/\/alkaline.lv\/en\/products\/gaisa-atsvaidzinatajs-good-sense-fresh-750ml\/","title":{"rendered":"Gaisa atsvaidzin\u0101t\u0101js GOOD SENSE FRESH, 750ml"},"content":{"rendered":"<div class=\"simple-content\">\n<div>\n<p><strong>Univers\u0101ls smakas no\u0146em\u0161anas l\u012bdzeklis (ar aerosolu) Good Sense Fresh 750ml<\/strong><\/p>\n<p>Izsmidzin\u0101ms gaisa atsvaidzin\u0101\u0161anas un smaku neitraliz\u0113\u0161anas l\u012bdzeklis telp\u0101m un tekstila izstr\u0101d\u0101jumiem (aizkariem, m\u0113bel\u0113m).<\/p>\n<p>L\u012bdzeklis izstr\u0101d\u0101ts ar\u00a0<strong>ONT (smaku neitraliz\u0113\u0161anas tehnolo\u0123ija)\u00a0<\/strong>tehnolo\u0123iju, pateicoties kurai tiek neitraliz\u0113tas nepat\u012bkamas smakas un telp\u0101 nodro\u0161in\u0101ts ilgnotur\u012bgs un pat\u012bkams arom\u0101ts.<\/p>\n<p>\u012apa\u0161\u012bbas:<\/p>\n<p>&#8211; \u0101tri iedarb\u012bgs un ilgnotur\u012bgs arom\u0101ts;<\/p>\n<p>&#8211; efekt\u012bvs pret da\u017e\u0101d\u0101m smak\u0101m \u2013 tabaka, \u0113diens, ur\u012bns u.c.;<\/p>\n<p>&#8211; dro\u0161s lieto\u0161anai kr\u0101sainiem, mazg\u0101jamiem tekstila izstr\u0101d\u0101jumiem;<\/p>\n<p>&#8211; piem\u0113rots ikdienas lieto\u0161anai;<\/p>\n<p>&#8211; piem\u0113rots lieto\u0161anai visa veida telp\u0101s un liel\u0101kajai da\u013cai tekstila izstr\u0101d\u0101jumu.<\/p>\n<\/div>\n<\/div>\n<div class=\"auto_descriptions simple-content\">\n<div class=\"dtbl\">\n<div class=\"dtblc text_side\">\n<h3 class=\"h2 fl product-details-h2\">Br\u012bdin\u0101jums! Trauks zem spiediena.<\/h3>\n<p>Sarg\u0101t no saules gaismas un nepak\u013caut temperat\u016brai, kas p\u0101rsniedz 50\u00b0C. Nedurt un nededzin\u0101t pat tad, kad ir tuk\u0161s. Neizsmidziniet uz atkl\u0101tas liesmas vai uz citiem uzkars\u0113tiem materi\u0101liem. Sarg\u0101t no uguns avotiem &#8211; tuvum\u0101 nedr\u012bkst sm\u0113\u0137\u0113t. Uzgl\u0101b\u0101t b\u0113rniem nepieejam\u0101 viet\u0101.<\/p>\n<\/div>\n<\/div>\n<\/div>\n<p><strong>Tilpums: 750 ml<\/strong><\/p>\n","protected":false},"excerpt":{"rendered":"<p>Univers\u0101ls smakas no\u0146em\u0161anas l\u012bdzeklis (ar aerosolu) Good Sense Fresh 750ml Izsmidzin\u0101ms gaisa atsvaidzin\u0101\u0161anas un smaku neitraliz\u0113\u0161anas l\u012bdzeklis telp\u0101m un tekstila izstr\u0101d\u0101jumiem (aizkariem, m\u0113bel\u0113m). L\u012bdzeklis izstr\u0101d\u0101ts ar\u00a0ONT (smaku neitraliz\u0113\u0161anas tehnolo\u0123ija)\u00a0tehnolo\u0123iju, pateicoties kurai tiek neitraliz\u0113tas nepat\u012bkamas smakas un telp\u0101 nodro\u0161in\u0101ts ilgnotur\u012bgs un pat\u012bkams arom\u0101ts. \u012apa\u0161\u012bbas: &#8211; \u0101tri iedarb\u012bgs un ilgnotur\u012bgs arom\u0101ts; &#8211; efekt\u012bvs pret da\u017e\u0101d\u0101m smak\u0101m \u2013 [&hellip;]<\/p>\n","protected":false},"featured_media":2217,"template":"","meta":{"inline_featured_image":false},"product_cat":[81],"product_tag":[],"class_list":{"0":"post-2216","1":"product","2":"type-product","3":"status-publish","4":"has-post-thumbnail","6":"product_cat-gaisa-atsvaidzinataji-un-smaku-neitralizetaji","8":"first","9":"instock","10":"taxable","11":"shipping-taxable","12":"purchasable","13":"product-type-simple","14":"add-to-wishlist-after_add_to_cart"},"_links":{"self":[{"href":"https:\/\/alkaline.lv\/en\/wp-json\/wp\/v2\/product\/2216"}],"collection":[{"href":"https:\/\/alkaline.lv\/en\/wp-json\/wp\/v2\/product"}],"about":[{"href":"https:\/\/alkaline.lv\/en\/wp-json\/wp\/v2\/types\/product"}],"wp:featuredmedia":[{"embeddable":true,"href":"https:\/\/alkaline.lv\/en\/wp-json\/wp\/v2\/media\/2217"}],"wp:attachment":[{"href":"https:\/\/alkaline.lv\/en\/wp-json\/wp\/v2\/media?parent=2216"}],"wp:term":[{"taxonomy":"product_cat","embeddable":true,"href":"https:\/\/alkaline.lv\/en\/wp-json\/wp\/v2\/product_cat?post=2216"},{"taxonomy":"product_tag","embeddable":true,"href":"https:\/\/alkaline.lv\/en\/wp-json\/wp\/v2\/product_tag?post=2216"}],"curies":[{"name":"wp","href":"https:\/\/api.w.org\/{rel}","templated":true}]}}