{"id":2235,"date":"2021-02-24T19:14:55","date_gmt":"2021-02-24T17:14:55","guid":{"rendered":"https:\/\/alkaline.lv\/?post_type=product&#038;p=2235"},"modified":"2022-12-22T17:38:42","modified_gmt":"2022-12-22T15:38:42","slug":"skidras-ziepes-rokam-katrin-classic-handwash-sunny-garden-1000-ml","status":"publish","type":"product","link":"https:\/\/alkaline.lv\/en\/products\/skidras-ziepes-rokam-katrin-classic-handwash-sunny-garden-1000-ml\/","title":{"rendered":"\u0160\u0137idr\u0101s ziepes rok\u0101m Katrin Classic Handwash, sunny garden, 1000 ml"},"content":{"rendered":"<div class=\"simple-content\">\n<ul id=\"ProductDescription_PropertyList\" class=\"properties\">\n<li>Katr\u012bna &#8220;Saulainais d\u0101rzs&#8221; p\u0101rveido mazg\u0101\u0161anas telpu par br\u012bni\u0161\u0137\u012bgi smar\u017e\u012bgu ziedu p\u013cavu un katram mazg\u0101\u0161anas telpas lietot\u0101jam sniedz pat\u012bkami svaigu roku mazg\u0101\u0161anas pieredzi.<\/li>\n<li>Efekt\u012bvas, maigas un videi draudz\u012bgas \u0161\u0137idr\u0101s ziepes, kas ir \u013coti laipnas \u0101dai<\/li>\n<li>1000 ml &#8211; pietiek ar 1667 porcij\u0101m<\/li>\n<li>Atst\u0101j greznu t\u012bru, mitrin\u0101tu roku saj\u016btu<\/li>\n<li>Satur maigas sast\u0101vda\u013cas jut\u012bgai \u0101dai, kas padara \u0161\u012bs ziepes \u012bpa\u0161i piem\u0113rotas bie\u017eai lieto\u0161anai<\/li>\n<li>Visas sast\u0101vda\u013cas ir r\u016bp\u012bgi izv\u0113l\u0113tas, \u0146emot v\u0113r\u0101 to kvalit\u0101ti un konkr\u0113to pielietojumu, k\u0101 ar\u012b minim\u0101lo kait\u0113jumu videi<\/li>\n<li>Sertific\u0113ts ar Nordic Swan Eco Label<\/li>\n<li>Sertific\u0113ts saska\u0146\u0101 ar ES Ziedu ekomar\u0137\u0113jumu<\/li>\n<li>Dermatolo\u0123iski p\u0101rbaud\u012bts un apstiprin\u0101ts<\/li>\n<\/ul>\n<\/div>\n<p><strong>Tilpums: 1000 ml<\/strong><\/p>\n","protected":false},"excerpt":{"rendered":"<div class=\"item_meta\"><\/div>\n<div><\/div>\n","protected":false},"featured_media":45200,"template":"","meta":{"inline_featured_image":false},"product_cat":[1761],"product_tag":[],"class_list":{"0":"post-2235","1":"product","2":"type-product","3":"status-publish","4":"has-post-thumbnail","6":"product_cat-ziepju-uzpildes-specialajiem-turetajiem","8":"first","9":"instock","10":"taxable","11":"shipping-taxable","12":"purchasable","13":"product-type-simple","14":"add-to-wishlist-after_add_to_cart"},"_links":{"self":[{"href":"https:\/\/alkaline.lv\/en\/wp-json\/wp\/v2\/product\/2235"}],"collection":[{"href":"https:\/\/alkaline.lv\/en\/wp-json\/wp\/v2\/product"}],"about":[{"href":"https:\/\/alkaline.lv\/en\/wp-json\/wp\/v2\/types\/product"}],"wp:featuredmedia":[{"embeddable":true,"href":"https:\/\/alkaline.lv\/en\/wp-json\/wp\/v2\/media\/45200"}],"wp:attachment":[{"href":"https:\/\/alkaline.lv\/en\/wp-json\/wp\/v2\/media?parent=2235"}],"wp:term":[{"taxonomy":"product_cat","embeddable":true,"href":"https:\/\/alkaline.lv\/en\/wp-json\/wp\/v2\/product_cat?post=2235"},{"taxonomy":"product_tag","embeddable":true,"href":"https:\/\/alkaline.lv\/en\/wp-json\/wp\/v2\/product_tag?post=2235"}],"curies":[{"name":"wp","href":"https:\/\/api.w.org\/{rel}","templated":true}]}}