{"id":2238,"date":"2021-02-24T19:28:42","date_gmt":"2021-02-24T17:28:42","guid":{"rendered":"https:\/\/alkaline.lv\/?post_type=product&#038;p=2238"},"modified":"2022-12-22T17:34:05","modified_gmt":"2022-12-22T15:34:05","slug":"putu-ziepes-rokam-katrin-foamsoap-sunny-garden-500-ml","status":"publish","type":"product","link":"https:\/\/alkaline.lv\/en\/products\/putu-ziepes-rokam-katrin-foamsoap-sunny-garden-500-ml\/","title":{"rendered":"Putu ziepes rok\u0101m Katrin Foamsoap, Saulainais d\u0101rzs, 500 ml"},"content":{"rendered":"<div class=\"simple-content\">\n<ul id=\"ProductDescription_PropertyList\" class=\"properties\">\n<li>Katr\u012bna &#8220;Saulainais d\u0101rzs&#8221; p\u0101rveido mazg\u0101\u0161anas telpu par br\u012bni\u0161\u0137\u012bgi smar\u017e\u012bgu ziedu p\u013cavu un ikvienam mazg\u0101\u0161anas telpas lietot\u0101jam sniedz pat\u012bkami svaigu roku mazg\u0101\u0161anas pieredzi.<\/li>\n<li>Efekt\u012bvas, maigas un videi draudz\u012bgas putu ziepes, kas ir \u013coti laipnas \u0101dai<\/li>\n<li>500 ml &#8211; pietiek ar 1250 porcij\u0101m<\/li>\n<li>Bag\u0101t\u012bgas, stabilas putas, kas nodro\u0161ina maigu putu saj\u016btu un ir viegli izplat\u0101mas uz rok\u0101m<\/li>\n<li>Atst\u0101j rokas m\u012bkstas un mitrin\u0101tas<\/li>\n<li>Satur maigas sast\u0101vda\u013cas jut\u012bgai \u0101dai, kas padara \u0161\u012bs ziepes \u012bpa\u0161i piem\u0113rotas bie\u017eai lieto\u0161anai<\/li>\n<li>Visas sast\u0101vda\u013cas ir r\u016bp\u012bgi izv\u0113l\u0113tas, \u0146emot v\u0113r\u0101 to kvalit\u0101ti un konkr\u0113to pielietojumu, k\u0101 ar\u012b to zemo ietekmi uz vidi<\/li>\n<li>Sertific\u0113ts ar Nordic Swan Eco Label<\/li>\n<li>Sertific\u0113ts saska\u0146\u0101 ar ES Ziedu ekomar\u0137\u0113jumu<\/li>\n<li>Dermatolo\u0123iski p\u0101rbaud\u012bts un apstiprin\u0101ts<\/li>\n<\/ul>\n<\/div>\n<p><strong>Tilpums: 500 ml<\/strong><\/p>\n","protected":false},"excerpt":{"rendered":"<p>Katr\u012bna &#8220;Saulainais d\u0101rzs&#8221; p\u0101rveido mazg\u0101\u0161anas telpu par br\u012bni\u0161\u0137\u012bgi smar\u017e\u012bgu ziedu p\u013cavu un ikvienam mazg\u0101\u0161anas telpas lietot\u0101jam sniedz pat\u012bkami svaigu roku mazg\u0101\u0161anas pieredzi. Efekt\u012bvas, maigas un videi draudz\u012bgas putu ziepes, kas ir \u013coti laipnas \u0101dai 500 ml &#8211; pietiek ar 1250 porcij\u0101m Bag\u0101t\u012bgas, stabilas putas, kas nodro\u0161ina maigu putu saj\u016btu un ir viegli izplat\u0101mas uz rok\u0101m [&hellip;]<\/p>\n","protected":false},"featured_media":45198,"template":"","meta":{"inline_featured_image":false},"product_cat":[1761],"product_tag":[],"class_list":{"0":"post-2238","1":"product","2":"type-product","3":"status-publish","4":"has-post-thumbnail","6":"product_cat-ziepju-uzpildes-specialajiem-turetajiem","8":"first","9":"instock","10":"taxable","11":"shipping-taxable","12":"purchasable","13":"product-type-simple","14":"add-to-wishlist-after_add_to_cart"},"_links":{"self":[{"href":"https:\/\/alkaline.lv\/en\/wp-json\/wp\/v2\/product\/2238"}],"collection":[{"href":"https:\/\/alkaline.lv\/en\/wp-json\/wp\/v2\/product"}],"about":[{"href":"https:\/\/alkaline.lv\/en\/wp-json\/wp\/v2\/types\/product"}],"wp:featuredmedia":[{"embeddable":true,"href":"https:\/\/alkaline.lv\/en\/wp-json\/wp\/v2\/media\/45198"}],"wp:attachment":[{"href":"https:\/\/alkaline.lv\/en\/wp-json\/wp\/v2\/media?parent=2238"}],"wp:term":[{"taxonomy":"product_cat","embeddable":true,"href":"https:\/\/alkaline.lv\/en\/wp-json\/wp\/v2\/product_cat?post=2238"},{"taxonomy":"product_tag","embeddable":true,"href":"https:\/\/alkaline.lv\/en\/wp-json\/wp\/v2\/product_tag?post=2238"}],"curies":[{"name":"wp","href":"https:\/\/api.w.org\/{rel}","templated":true}]}}