{"id":2245,"date":"2021-02-24T19:46:18","date_gmt":"2021-02-24T17:46:18","guid":{"rendered":"https:\/\/alkaline.lv\/?post_type=product&#038;p=2245"},"modified":"2022-12-22T17:37:55","modified_gmt":"2022-12-22T15:37:55","slug":"roku-dezinfekcijas-lidzeklis-katrin-hand-sanitizing-gel-1000-ml","status":"publish","type":"product","link":"https:\/\/alkaline.lv\/en\/products\/roku-dezinfekcijas-lidzeklis-katrin-hand-sanitizing-gel-1000-ml\/","title":{"rendered":"Roku dezinfekcijas l\u012bdzeklis Katrin hand sanitizing gel, 1000 ml"},"content":{"rendered":"<div class=\"simple-content\">\n<ul id=\"ProductDescription_PropertyList\" class=\"properties\">\n<li>Viegls, \u0101dai draudz\u012bgs roku dezinfekcijas l\u012bdzeklis<\/li>\n<li>\u0100tri izplat\u0101s uz \u0101das, atst\u0101jot \u0101du t\u012bru<\/li>\n<li>\u013boti efekt\u012bva un \u0101tri iedarbojama<\/li>\n<li>Pabeidz higi\u0113nu p\u0113c roku mazg\u0101\u0161anas un \u017e\u0101v\u0113\u0161anas<\/li>\n<li>Atbilst EN 1500 standartu pras\u012bb\u0101m<\/li>\n<li>VAH \/ DGHM ir uzskait\u012bti<\/li>\n<li>80,8% alkohola<\/li>\n<li>Dermatolo\u0123iski p\u0101rbaud\u012bts un apstiprin\u0101ts<\/li>\n<li>Der\u0113s visiem 1000 ml Katrin dozatoriem<\/li>\n<li>Efekt\u012bvs pret jaunu koronav\u012brusu (SARS-CoV-2).<\/li>\n<\/ul>\n<\/div>\n<p><strong>Tilpums: 1000 ml<\/strong><\/p>\n","protected":false},"excerpt":{"rendered":"<div class=\"item_meta\"><\/div>\n<div><\/div>\n","protected":false},"featured_media":2246,"template":"","meta":{"inline_featured_image":false},"product_cat":[1761,118],"product_tag":[],"class_list":{"0":"post-2245","1":"product","2":"type-product","3":"status-publish","4":"has-post-thumbnail","6":"product_cat-ziepju-uzpildes-specialajiem-turetajiem","7":"product_cat-roku-dezinfekcijas-lidzekli","9":"first","10":"instock","11":"taxable","12":"shipping-taxable","13":"purchasable","14":"product-type-simple","15":"add-to-wishlist-after_add_to_cart"},"_links":{"self":[{"href":"https:\/\/alkaline.lv\/en\/wp-json\/wp\/v2\/product\/2245"}],"collection":[{"href":"https:\/\/alkaline.lv\/en\/wp-json\/wp\/v2\/product"}],"about":[{"href":"https:\/\/alkaline.lv\/en\/wp-json\/wp\/v2\/types\/product"}],"wp:featuredmedia":[{"embeddable":true,"href":"https:\/\/alkaline.lv\/en\/wp-json\/wp\/v2\/media\/2246"}],"wp:attachment":[{"href":"https:\/\/alkaline.lv\/en\/wp-json\/wp\/v2\/media?parent=2245"}],"wp:term":[{"taxonomy":"product_cat","embeddable":true,"href":"https:\/\/alkaline.lv\/en\/wp-json\/wp\/v2\/product_cat?post=2245"},{"taxonomy":"product_tag","embeddable":true,"href":"https:\/\/alkaline.lv\/en\/wp-json\/wp\/v2\/product_tag?post=2245"}],"curies":[{"name":"wp","href":"https:\/\/api.w.org\/{rel}","templated":true}]}}