{"id":2271,"date":"2021-03-01T18:32:09","date_gmt":"2021-03-01T16:32:09","guid":{"rendered":"https:\/\/alkaline.lv\/?post_type=product&#038;p=2271"},"modified":"2024-01-29T11:28:49","modified_gmt":"2024-01-29T09:28:49","slug":"roku-salvetes-katrin-plus-celuloze-v-fold-2-slani200-loksnes-20-pac-iepak","status":"publish","type":"product","link":"https:\/\/alkaline.lv\/en\/products\/roku-salvetes-katrin-plus-celuloze-v-fold-2-slani200-loksnes-20-pac-iepak\/","title":{"rendered":"Roku salvetes Katrin Classic balts, V- Fold, 2 sl\u0101\u0146i,200 loksnes, 20 pac.\/iepak."},"content":{"rendered":"<ul>\n<li>2 sl\u0101\u0146i<\/li>\n<li>Balts<\/li>\n<li>Loksnes izm\u0113rs saloc\u012bt\u0101 veid\u0101: 224 x 115 mm<\/li>\n<li>Loksnes izm\u0113rs nesaloc\u012bt\u0101 veid\u0101: 224 x 230 mm<\/li>\n<li>200 x loksnes paci\u0146\u0101<\/li>\n<li>20 paci\u0146as iepakojum\u0101<\/li>\n<li>40 iepakojumi palet\u0113.<\/li>\n<\/ul>\n<p><strong>Vide<\/strong><\/p>\n<p><img decoding=\"async\" src=\"https:\/\/www.antalis.lv\/mediashare\/g4media\/images\/picto\/PICT_ENVIR_189.jpg\" \/><img decoding=\"async\" src=\"https:\/\/www.antalis.lv\/mediashare\/g4media\/images\/picto\/PICT_ENVIR_030.jpg\" \/><img decoding=\"async\" src=\"https:\/\/www.antalis.lv\/mediashare\/g4media\/images\/picto\/PICT_ENVIR_4003.jpg\" \/><img decoding=\"async\" src=\"https:\/\/www.antalis.lv\/mediashare\/g4media\/images\/picto\/PICT_ENVIR_4029.jpg\" \/><img decoding=\"async\" src=\"https:\/\/www.antalis.lv\/mediashare\/g4media\/images\/picto\/PICT_ENVIR_4008.jpg\" \/><img decoding=\"async\" src=\"https:\/\/www.antalis.lv\/mediashare\/g4media\/images\/picto\/PICT_ENVIR_4032.jpg\" \/><img decoding=\"async\" src=\"https:\/\/www.antalis.lv\/mediashare\/g4media\/images\/picto\/PICT_ENVIR_4035.jpg\" \/><\/p>\n<p><strong>Garantijas<\/strong><\/p>\n<p><img decoding=\"async\" src=\"https:\/\/www.antalis.lv\/mediashare\/g4media\/images\/picto\/PICT_APPLIC_GUAR_3018.jpg\" \/><\/p>\n","protected":false},"excerpt":{"rendered":"<div class=\"item_meta\"><\/div>\n<div><\/div>\n","protected":false},"featured_media":45029,"template":"","meta":{"inline_featured_image":false},"product_cat":[134],"product_tag":[],"class_list":{"0":"post-2271","1":"product","2":"type-product","3":"status-publish","4":"has-post-thumbnail","6":"product_cat-platas-salvetes","8":"first","9":"instock","10":"taxable","11":"shipping-taxable","12":"purchasable","13":"product-type-simple","14":"add-to-wishlist-after_add_to_cart"},"_links":{"self":[{"href":"https:\/\/alkaline.lv\/en\/wp-json\/wp\/v2\/product\/2271"}],"collection":[{"href":"https:\/\/alkaline.lv\/en\/wp-json\/wp\/v2\/product"}],"about":[{"href":"https:\/\/alkaline.lv\/en\/wp-json\/wp\/v2\/types\/product"}],"wp:featuredmedia":[{"embeddable":true,"href":"https:\/\/alkaline.lv\/en\/wp-json\/wp\/v2\/media\/45029"}],"wp:attachment":[{"href":"https:\/\/alkaline.lv\/en\/wp-json\/wp\/v2\/media?parent=2271"}],"wp:term":[{"taxonomy":"product_cat","embeddable":true,"href":"https:\/\/alkaline.lv\/en\/wp-json\/wp\/v2\/product_cat?post=2271"},{"taxonomy":"product_tag","embeddable":true,"href":"https:\/\/alkaline.lv\/en\/wp-json\/wp\/v2\/product_tag?post=2271"}],"curies":[{"name":"wp","href":"https:\/\/api.w.org\/{rel}","templated":true}]}}