{"id":2297,"date":"2021-03-02T18:31:07","date_gmt":"2021-03-02T16:31:07","guid":{"rendered":"https:\/\/alkaline.lv\/?post_type=product&#038;p=2297"},"modified":"2022-10-11T18:40:42","modified_gmt":"2022-10-11T15:40:42","slug":"papira-dvielis-rullos-katrin-classic-balts2-slani-60-m-perforets-12-rulli-iepak","status":"publish","type":"product","link":"https:\/\/alkaline.lv\/en\/products\/papira-dvielis-rullos-katrin-classic-balts2-slani-60-m-perforets-12-rulli-iepak\/","title":{"rendered":"Pap\u012bra dvielis ru\u013c\u013cos KATRIN Classic Balts,2 sl\u0101\u0146i, 60 m, perfor\u0113ts, 12 ru\u013c\u013ci\/iepak."},"content":{"rendered":"<ul>\n<li>2 sl\u0101\u0146i<\/li>\n<li>Balts, perfor\u0113ts<\/li>\n<li>Ru\u013c\u013ca garums: 60 m<\/li>\n<li>Ru\u013c\u013ca diametrs: 14 cm<\/li>\n<li>Loksnes izm\u0113rs: 230 x 205 mm<\/li>\n<li>261 loksnes rull\u012b<\/li>\n<li>12 ru\u013c\u013ci iepakojum\u0101<\/li>\n<li>40 iepakojumi palet\u0113<\/li>\n<\/ul>\n<p><strong>Vide<\/strong><\/p>\n<p><img decoding=\"async\" src=\"https:\/\/www.antalis.lv\/mediashare\/g4media\/images\/picto\/PICT_ENVIR_189.jpg\" \/><img decoding=\"async\" src=\"https:\/\/www.antalis.lv\/mediashare\/g4media\/images\/picto\/PICT_ENVIR_030.jpg\" \/><img decoding=\"async\" src=\"https:\/\/www.antalis.lv\/mediashare\/g4media\/images\/picto\/PICT_ENVIR_4003.jpg\" \/><img decoding=\"async\" src=\"https:\/\/www.antalis.lv\/mediashare\/g4media\/images\/picto\/PICT_ENVIR_4029.jpg\" \/><img decoding=\"async\" src=\"https:\/\/www.antalis.lv\/mediashare\/g4media\/images\/picto\/PICT_ENVIR_4008.jpg\" \/><img decoding=\"async\" src=\"https:\/\/www.antalis.lv\/mediashare\/g4media\/images\/picto\/PICT_ENVIR_4032.jpg\" \/><img decoding=\"async\" src=\"https:\/\/www.antalis.lv\/mediashare\/g4media\/images\/picto\/PICT_ENVIR_4035.jpg\" \/><\/p>\n<p><strong>Garantijas<\/strong><\/p>\n<p><img decoding=\"async\" src=\"https:\/\/www.antalis.lv\/mediashare\/g4media\/images\/picto\/PICT_APPLIC_GUAR_3018.jpg\" \/><\/p>\n","protected":false},"excerpt":{"rendered":"<div class=\"item_meta\"><\/div>\n<div><\/div>\n","protected":false},"featured_media":44737,"template":"","meta":{"inline_featured_image":false},"product_cat":[91],"product_tag":[],"class_list":{"0":"post-2297","1":"product","2":"type-product","3":"status-publish","4":"has-post-thumbnail","6":"product_cat-roku-dvieli","8":"first","9":"instock","10":"taxable","11":"shipping-taxable","12":"purchasable","13":"product-type-simple","14":"add-to-wishlist-after_add_to_cart"},"_links":{"self":[{"href":"https:\/\/alkaline.lv\/en\/wp-json\/wp\/v2\/product\/2297","targetHints":{"allow":["GET"]}}],"collection":[{"href":"https:\/\/alkaline.lv\/en\/wp-json\/wp\/v2\/product"}],"about":[{"href":"https:\/\/alkaline.lv\/en\/wp-json\/wp\/v2\/types\/product"}],"wp:featuredmedia":[{"embeddable":true,"href":"https:\/\/alkaline.lv\/en\/wp-json\/wp\/v2\/media\/44737"}],"wp:attachment":[{"href":"https:\/\/alkaline.lv\/en\/wp-json\/wp\/v2\/media?parent=2297"}],"wp:term":[{"taxonomy":"product_cat","embeddable":true,"href":"https:\/\/alkaline.lv\/en\/wp-json\/wp\/v2\/product_cat?post=2297"},{"taxonomy":"product_tag","embeddable":true,"href":"https:\/\/alkaline.lv\/en\/wp-json\/wp\/v2\/product_tag?post=2297"}],"curies":[{"name":"wp","href":"https:\/\/api.w.org\/{rel}","templated":true}]}}