{"id":2309,"date":"2021-03-02T18:55:47","date_gmt":"2021-03-02T16:55:47","guid":{"rendered":"https:\/\/alkaline.lv\/?post_type=product&#038;p=2309"},"modified":"2023-11-06T14:35:21","modified_gmt":"2023-11-06T12:35:21","slug":"papira-dvielis-rullos-vajda-papir-balts1-slanis-300-m-perforets-6-rulli-iepakojuma","status":"publish","type":"product","link":"https:\/\/alkaline.lv\/en\/products\/papira-dvielis-rullos-vajda-papir-balts1-slanis-300-m-perforets-6-rulli-iepakojuma\/","title":{"rendered":"Pap\u012bra dvielis ru\u013c\u013cos CLEANLINE Balts,1 sl\u0101nis, 280 m, perfor\u0113ts, bez serdes,  6 ru\u013c\u013ci\/iepak."},"content":{"rendered":"<ul>\n<li>1 sl\u0101nis<\/li>\n<li>Balts, perfor\u0113ts<\/li>\n<li>Ru\u013c\u013ca garums: 280 m<\/li>\n<li>Ru\u013c\u013ca diametrs: 20 cm<\/li>\n<li>Loksnes izm\u0113rs: 205 mm<\/li>\n<li>900 loksnes rull\u012b<\/li>\n<li>6 ru\u013c\u013ci iepakojum\u0101<\/li>\n<li>44 iepakojumi palet\u0113<\/li>\n<\/ul>\n<p><strong>Vide<\/strong><\/p>\n<p><img decoding=\"async\" class=\"alignnone\" src=\"https:\/\/www.satino-by-wepa.com\/fileadmin\/content\/products\/images\/certificates\/fsc--mix.png\" alt=\"FSC\u00ae-Mix\" width=\"58\" height=\"87\" \/><img decoding=\"async\" class=\"\" src=\"https:\/\/www.antalis.lv\/mediashare\/g4media\/images\/picto\/PICT_ENVIR_030.jpg\" width=\"62\" height=\"60\" \/><\/p>\n<p>&nbsp;<\/p>\n<p>&nbsp;<\/p>\n","protected":false},"excerpt":{"rendered":"<div class=\"item_meta\"><\/div>\n<div><\/div>\n","protected":false},"featured_media":2387,"template":"","meta":{"inline_featured_image":false},"product_cat":[91],"product_tag":[],"class_list":{"0":"post-2309","1":"product","2":"type-product","3":"status-publish","4":"has-post-thumbnail","6":"product_cat-roku-dvieli","8":"first","9":"instock","10":"taxable","11":"shipping-taxable","12":"purchasable","13":"product-type-simple","14":"add-to-wishlist-after_add_to_cart"},"_links":{"self":[{"href":"https:\/\/alkaline.lv\/en\/wp-json\/wp\/v2\/product\/2309","targetHints":{"allow":["GET"]}}],"collection":[{"href":"https:\/\/alkaline.lv\/en\/wp-json\/wp\/v2\/product"}],"about":[{"href":"https:\/\/alkaline.lv\/en\/wp-json\/wp\/v2\/types\/product"}],"wp:featuredmedia":[{"embeddable":true,"href":"https:\/\/alkaline.lv\/en\/wp-json\/wp\/v2\/media\/2387"}],"wp:attachment":[{"href":"https:\/\/alkaline.lv\/en\/wp-json\/wp\/v2\/media?parent=2309"}],"wp:term":[{"taxonomy":"product_cat","embeddable":true,"href":"https:\/\/alkaline.lv\/en\/wp-json\/wp\/v2\/product_cat?post=2309"},{"taxonomy":"product_tag","embeddable":true,"href":"https:\/\/alkaline.lv\/en\/wp-json\/wp\/v2\/product_tag?post=2309"}],"curies":[{"name":"wp","href":"https:\/\/api.w.org\/{rel}","templated":true}]}}