{"id":2311,"date":"2021-03-02T19:02:39","date_gmt":"2021-03-02T17:02:39","guid":{"rendered":"https:\/\/alkaline.lv\/?post_type=product&#038;p=2311"},"modified":"2024-02-21T14:38:07","modified_gmt":"2024-02-21T12:38:07","slug":"papira-dvielis-rullos-vajda-papir-balts1-slanis-108-m-perforets-12-rulli-iepak","status":"publish","type":"product","link":"https:\/\/alkaline.lv\/en\/products\/papira-dvielis-rullos-vajda-papir-balts1-slanis-108-m-perforets-12-rulli-iepak\/","title":{"rendered":"Pap\u012bra dvielis ru\u013c\u013cos CLEANLINE balts,1 sl\u0101nis, 108 m, bez serdes, 12 ru\u013c\u013ci\/iepak."},"content":{"rendered":"<ul>\n<li>1 sl\u0101nis<\/li>\n<li>Balts, perfor\u0113ts<\/li>\n<li>Ru\u013c\u013ca garums: 108 m<\/li>\n<li>Ru\u013c\u013ca diametrs: 12 cm<\/li>\n<li>Loksnes izm\u0113rs: 205 x 240 mm<\/li>\n<li>450 loksnes rull\u012b<\/li>\n<li>12 ru\u013c\u013ci iepakojum\u0101<\/li>\n<li>44 iepakojumi palet\u0113<\/li>\n<\/ul>\n<p><strong>Vide<\/strong><\/p>\n<p><img decoding=\"async\" class=\"alignnone\" src=\"https:\/\/www.satino-by-wepa.com\/fileadmin\/content\/products\/images\/certificates\/fsc--mix.png\" alt=\"FSC\u00ae-Mix\" width=\"58\" height=\"87\" \/><img decoding=\"async\" class=\"\" src=\"https:\/\/www.antalis.lv\/mediashare\/g4media\/images\/picto\/PICT_ENVIR_030.jpg\" width=\"62\" height=\"60\" \/><\/p>\n<p>&nbsp;<\/p>\n","protected":false},"excerpt":{"rendered":"<div class=\"item_meta\"><\/div>\n<div><\/div>\n","protected":false},"featured_media":2388,"template":"","meta":{"inline_featured_image":false},"product_cat":[91],"product_tag":[],"class_list":{"0":"post-2311","1":"product","2":"type-product","3":"status-publish","4":"has-post-thumbnail","6":"product_cat-roku-dvieli","8":"first","9":"instock","10":"taxable","11":"shipping-taxable","12":"purchasable","13":"product-type-simple","14":"add-to-wishlist-after_add_to_cart"},"_links":{"self":[{"href":"https:\/\/alkaline.lv\/en\/wp-json\/wp\/v2\/product\/2311","targetHints":{"allow":["GET"]}}],"collection":[{"href":"https:\/\/alkaline.lv\/en\/wp-json\/wp\/v2\/product"}],"about":[{"href":"https:\/\/alkaline.lv\/en\/wp-json\/wp\/v2\/types\/product"}],"wp:featuredmedia":[{"embeddable":true,"href":"https:\/\/alkaline.lv\/en\/wp-json\/wp\/v2\/media\/2388"}],"wp:attachment":[{"href":"https:\/\/alkaline.lv\/en\/wp-json\/wp\/v2\/media?parent=2311"}],"wp:term":[{"taxonomy":"product_cat","embeddable":true,"href":"https:\/\/alkaline.lv\/en\/wp-json\/wp\/v2\/product_cat?post=2311"},{"taxonomy":"product_tag","embeddable":true,"href":"https:\/\/alkaline.lv\/en\/wp-json\/wp\/v2\/product_tag?post=2311"}],"curies":[{"name":"wp","href":"https:\/\/api.w.org\/{rel}","templated":true}]}}