{"id":2360,"date":"2021-03-05T18:49:59","date_gmt":"2021-03-05T16:49:59","guid":{"rendered":"https:\/\/alkaline.lv\/?post_type=product&#038;p=2360"},"modified":"2024-02-21T15:22:44","modified_gmt":"2024-02-21T13:22:44","slug":"industrialais-papira-dvielis-rullos-katrin-basic-xl-zils-2-slani-190-m-perforets-2-rulli-iepak","status":"publish","type":"product","link":"https:\/\/alkaline.lv\/en\/products\/industrialais-papira-dvielis-rullos-katrin-basic-xl-zils-2-slani-190-m-perforets-2-rulli-iepak\/","title":{"rendered":"Industri\u0101lais pap\u012bra dvielis ru\u013c\u013cos KATRIN Basic XL Zils , 2 sl\u0101\u0146i, 187.5 m, perfor\u0113ts, 2 ru\u013c\u013ci\/iepak"},"content":{"rendered":"<div class=\"item_meta\">\n<div class=\"prodview-info-about\">\n<div class=\"prodview-info-about\">\n<div class=\"prodview-info-about\">\n<div class=\"prodview-info-about\">\n<div class=\"prodview-info-about\">\n<div class=\"prodview-info-about\">\n<div class=\"prodview-info-about\">\n<div class=\"prodview-info-about\">\n<div class=\"prodview-info-about\">\n<ul>\n<li>2 sl\u0101\u0146i<\/li>\n<li>Zils, perfor\u0113ts<\/li>\n<li>Ru\u013c\u013ca garums: 187.5 m<\/li>\n<li>Ru\u013c\u013ca diametrs: 28 cm<\/li>\n<li>Loksnes izm\u0113rs: 250 x 270 mm<\/li>\n<li>750 loksnes rull\u012b<\/li>\n<li>2 ru\u013c\u013ci iepakojum\u0101<\/li>\n<li>42 iepakojumi palet\u0113<\/li>\n<li>\u012apa\u0161i labi piem\u0113rots viskoziem \u0161\u0137idrumiem, piem\u0113ram, e\u013c\u013cai un taukiem<\/li>\n<li>Apstiprin\u0101ts \u012bslaic\u012bgai saskarei ar p\u0101rtiku.<\/li>\n<\/ul>\n<p><strong>Vide<\/strong><\/p>\n<p><img decoding=\"async\" src=\"https:\/\/www.antalis.lv\/mediashare\/g4media\/images\/picto\/PICT_ENVIR_189.jpg\" \/><img decoding=\"async\" src=\"https:\/\/www.antalis.lv\/mediashare\/g4media\/images\/picto\/PICT_ENVIR_4008.jpg\" \/><img decoding=\"async\" src=\"https:\/\/www.antalis.lv\/mediashare\/g4media\/images\/picto\/PICT_ENVIR_4032.jpg\" \/><img decoding=\"async\" src=\"https:\/\/www.antalis.lv\/mediashare\/g4media\/images\/picto\/PICT_ENVIR_4035.jpg\" \/><\/p>\n<p><strong>Garantijas<\/strong><\/p>\n<p><img decoding=\"async\" src=\"https:\/\/www.antalis.lv\/mediashare\/g4media\/images\/picto\/PICT_APPLIC_GUAR_3018.jpg\" \/><\/p>\n<\/div>\n<\/div>\n<\/div>\n<\/div>\n<\/div>\n<\/div>\n<\/div>\n<\/div>\n<\/div>\n<\/div>\n","protected":false},"excerpt":{"rendered":"<div class=\"item_meta\"><\/div>\n<div><\/div>\n","protected":false},"featured_media":71535,"template":"","meta":{"inline_featured_image":false},"product_cat":[96],"product_tag":[],"class_list":{"0":"post-2360","1":"product","2":"type-product","3":"status-publish","4":"has-post-thumbnail","6":"product_cat-industrialais-papirs","8":"first","9":"instock","10":"taxable","11":"shipping-taxable","12":"purchasable","13":"product-type-simple","14":"add-to-wishlist-after_add_to_cart"},"_links":{"self":[{"href":"https:\/\/alkaline.lv\/en\/wp-json\/wp\/v2\/product\/2360"}],"collection":[{"href":"https:\/\/alkaline.lv\/en\/wp-json\/wp\/v2\/product"}],"about":[{"href":"https:\/\/alkaline.lv\/en\/wp-json\/wp\/v2\/types\/product"}],"wp:featuredmedia":[{"embeddable":true,"href":"https:\/\/alkaline.lv\/en\/wp-json\/wp\/v2\/media\/71535"}],"wp:attachment":[{"href":"https:\/\/alkaline.lv\/en\/wp-json\/wp\/v2\/media?parent=2360"}],"wp:term":[{"taxonomy":"product_cat","embeddable":true,"href":"https:\/\/alkaline.lv\/en\/wp-json\/wp\/v2\/product_cat?post=2360"},{"taxonomy":"product_tag","embeddable":true,"href":"https:\/\/alkaline.lv\/en\/wp-json\/wp\/v2\/product_tag?post=2360"}],"curies":[{"name":"wp","href":"https:\/\/api.w.org\/{rel}","templated":true}]}}