{"id":2406,"date":"2021-03-14T18:27:55","date_gmt":"2021-03-14T16:27:55","guid":{"rendered":"https:\/\/alkaline.lv\/?post_type=product&#038;p=2406"},"modified":"2025-01-07T14:47:15","modified_gmt":"2025-01-07T12:47:15","slug":"atkritumu-maisi-spino-25l-48x60cm-melni-hdpe-rulli-20gab","status":"publish","type":"product","link":"https:\/\/alkaline.lv\/en\/products\/atkritumu-maisi-spino-25l-48x60cm-melni-hdpe-rulli-20gab\/","title":{"rendered":"Atkritumu maisi Spino, 25L,HDPE, (48x60cm) 12my, 20gb\/rul. melns"},"content":{"rendered":"<div class=\"item_meta\">\n<div class=\"prodview-info-about\">\n<div class=\"prodview-info-about\">\n<div class=\"prodview-info-about\">\n<div class=\"prodview-info-about\">\n<div class=\"prodview-info-about\">\n<div class=\"prodview-info-about\">\n<div class=\"prodview-info-about\">\n<div class=\"prodview-info-about\">\n<div class=\"prodview-info-about\">\n<div class=\"product-description\">\n<div>\n<p>Melni atkritumu maisi SPINO, piem\u0113roti sadz\u012bves atkritumiem.<\/p>\n<p>Rull\u012b 20 gabali, ar perfor\u0101ciju, viegli nopl\u0113\u0161ami. Izgatavoti no<\/p>\n<\/div>\n<div class=\"product-description\">\n<p>augsta bl\u012bvuma polietil\u0113na (HDPE).<\/p>\n<h2 id=\"product-info\">Produkta specifik\u0101cija<\/h2>\n<table>\n<tbody>\n<tr>\n<td class=\"width\">Platums<\/td>\n<td>48cm<\/td>\n<\/tr>\n<tr>\n<td class=\"height\">Augstums<\/td>\n<td>60cm<\/td>\n<\/tr>\n<tr>\n<td class=\"volume\">Tilpums<\/td>\n<td>25l<\/td>\n<\/tr>\n<tr>\n<td class=\"color\">Kr\u0101sa<\/td>\n<td>Melna<\/td>\n<\/tr>\n<tr>\n<td class=\"material\">Materi\u0101ls<\/td>\n<td>HDPE<\/td>\n<\/tr>\n<tr>\n<td class=\"qty_in_roll\">Skaits rull\u012b<\/td>\n<td>20<\/td>\n<\/tr>\n<tr>\n<td class=\"qty_in_box\">Daudz. kast\u0113<\/td>\n<td>50<\/td>\n<\/tr>\n<\/tbody>\n<\/table>\n<\/div>\n<\/div>\n<\/div>\n<\/div>\n<\/div>\n<\/div>\n<\/div>\n<\/div>\n<\/div>\n<\/div>\n<\/div>\n<\/div>\n","protected":false},"excerpt":{"rendered":"<p>Melni atkritumu maisi SPINO, piem\u0113roti sadz\u012bves atkritumiem. Rull\u012b 20 gabali, ar perfor\u0101ciju, viegli nopl\u0113\u0161ami. Izgatavoti no augsta bl\u012bvuma polietil\u0113na (HDPE). Produkta specifik\u0101cija Platums 48cm Augstums 60cm Tilpums 25l Kr\u0101sa Melna Materi\u0101ls HDPE Skaits rull\u012b 20 Daudz. kast\u0113 50<\/p>\n","protected":false},"featured_media":2407,"template":"","meta":{"inline_featured_image":false},"product_cat":[139],"product_tag":[],"class_list":{"0":"post-2406","1":"product","2":"type-product","3":"status-publish","4":"has-post-thumbnail","6":"product_cat-atkritumu-maisi-hdpe-15-100l-planie","8":"first","9":"instock","10":"taxable","11":"shipping-taxable","12":"purchasable","13":"product-type-simple","14":"add-to-wishlist-after_add_to_cart"},"_links":{"self":[{"href":"https:\/\/alkaline.lv\/en\/wp-json\/wp\/v2\/product\/2406"}],"collection":[{"href":"https:\/\/alkaline.lv\/en\/wp-json\/wp\/v2\/product"}],"about":[{"href":"https:\/\/alkaline.lv\/en\/wp-json\/wp\/v2\/types\/product"}],"wp:featuredmedia":[{"embeddable":true,"href":"https:\/\/alkaline.lv\/en\/wp-json\/wp\/v2\/media\/2407"}],"wp:attachment":[{"href":"https:\/\/alkaline.lv\/en\/wp-json\/wp\/v2\/media?parent=2406"}],"wp:term":[{"taxonomy":"product_cat","embeddable":true,"href":"https:\/\/alkaline.lv\/en\/wp-json\/wp\/v2\/product_cat?post=2406"},{"taxonomy":"product_tag","embeddable":true,"href":"https:\/\/alkaline.lv\/en\/wp-json\/wp\/v2\/product_tag?post=2406"}],"curies":[{"name":"wp","href":"https:\/\/api.w.org\/{rel}","templated":true}]}}