{"id":2412,"date":"2021-03-16T18:15:24","date_gmt":"2021-03-16T16:15:24","guid":{"rendered":"https:\/\/alkaline.lv\/?post_type=product&#038;p=2412"},"modified":"2022-12-05T10:03:15","modified_gmt":"2022-12-05T08:03:15","slug":"atkritumu-maisi-extra-biezi-40l-60x85cm-melni-ldpe-rulli-25gab","status":"publish","type":"product","link":"https:\/\/alkaline.lv\/en\/products\/atkritumu-maisi-extra-biezi-40l-60x85cm-melni-ldpe-rulli-25gab\/","title":{"rendered":"Atkritumu maisi, Extra biezi 40L, (60x85cm), 30my, 25gb\/rul., LDPE, melns"},"content":{"rendered":"<div class=\"item_meta\">\n<div class=\"prodview-info-about\">\n<div class=\"prodview-info-about\">\n<div class=\"prodview-info-about\">\n<div class=\"prodview-info-about\">\n<div class=\"prodview-info-about\">\n<div class=\"prodview-info-about\">\n<div class=\"prodview-info-about\">\n<div class=\"prodview-info-about\">\n<div class=\"prodview-info-about\">\n<div class=\"product-description\">\n<div class=\"product-description\">Melni atkritumu maisi, piem\u0113roti sadz\u012bves atkritumiem. Rull\u012b 25<br \/>\ngabali, ar perfor\u0101ciju, viegli nopl\u0113\u0161ami. Izgatavoti no zema<br \/>\nbl\u012bvuma polietil\u0113na (LDPE).<\/div>\n<div class=\"product-specification\">\n<h2 id=\"product-info\">Produkta specifik\u0101cija<\/h2>\n<table>\n<tbody>\n<tr>\n<td class=\"width\">Platums<\/td>\n<td>60cm<\/td>\n<\/tr>\n<tr>\n<td class=\"height\">Augstums<\/td>\n<td>85cm<\/td>\n<\/tr>\n<tr>\n<td class=\"volume\">Tilpums<\/td>\n<td>40l<\/td>\n<\/tr>\n<tr>\n<td class=\"color\">Kr\u0101sa<\/td>\n<td>Melna<\/td>\n<\/tr>\n<tr>\n<td class=\"material\">Materi\u0101ls<\/td>\n<td>LDPE<\/td>\n<\/tr>\n<tr>\n<td class=\"qty_in_roll\">Skaits rull\u012b<\/td>\n<td>25<\/td>\n<\/tr>\n<tr>\n<td class=\"qty_in_box\">Daudz. kast\u0113<\/td>\n<td>10<\/td>\n<\/tr>\n<\/tbody>\n<\/table>\n<\/div>\n<\/div>\n<\/div>\n<\/div>\n<\/div>\n<\/div>\n<\/div>\n<\/div>\n<\/div>\n<\/div>\n<\/div>\n<\/div>\n","protected":false},"excerpt":{"rendered":"<div class=\"item_meta\"><\/div>\n<div><\/div>\n","protected":false},"featured_media":2410,"template":"","meta":{"inline_featured_image":false},"product_cat":[142],"product_tag":[],"class_list":{"0":"post-2412","1":"product","2":"type-product","3":"status-publish","4":"has-post-thumbnail","6":"product_cat-atkritumu-maisi-ldpe-30-350l-extra-biezi","8":"first","9":"instock","10":"taxable","11":"shipping-taxable","12":"purchasable","13":"product-type-simple","14":"add-to-wishlist-after_add_to_cart"},"_links":{"self":[{"href":"https:\/\/alkaline.lv\/en\/wp-json\/wp\/v2\/product\/2412"}],"collection":[{"href":"https:\/\/alkaline.lv\/en\/wp-json\/wp\/v2\/product"}],"about":[{"href":"https:\/\/alkaline.lv\/en\/wp-json\/wp\/v2\/types\/product"}],"wp:featuredmedia":[{"embeddable":true,"href":"https:\/\/alkaline.lv\/en\/wp-json\/wp\/v2\/media\/2410"}],"wp:attachment":[{"href":"https:\/\/alkaline.lv\/en\/wp-json\/wp\/v2\/media?parent=2412"}],"wp:term":[{"taxonomy":"product_cat","embeddable":true,"href":"https:\/\/alkaline.lv\/en\/wp-json\/wp\/v2\/product_cat?post=2412"},{"taxonomy":"product_tag","embeddable":true,"href":"https:\/\/alkaline.lv\/en\/wp-json\/wp\/v2\/product_tag?post=2412"}],"curies":[{"name":"wp","href":"https:\/\/api.w.org\/{rel}","templated":true}]}}