{"id":2420,"date":"2021-03-18T12:38:18","date_gmt":"2021-03-18T10:38:18","guid":{"rendered":"https:\/\/alkaline.lv\/?post_type=product&#038;p=2420"},"modified":"2025-12-02T15:24:13","modified_gmt":"2025-12-02T13:24:13","slug":"atkritumu-maisi-extra-biezi-200l-75x135cm-80my-10gb-rul-ldpe-melni","status":"publish","type":"product","link":"https:\/\/alkaline.lv\/en\/products\/atkritumu-maisi-extra-biezi-200l-75x135cm-80my-10gb-rul-ldpe-melni\/","title":{"rendered":"Atkritumu maisi, Extra biezi, 200L, (75x135cm) 80my, 10gb\/rul., LDPE, melns"},"content":{"rendered":"<div class=\"item_meta\">\n<div class=\"prodview-info-about\">\n<div class=\"prodview-info-about\">\n<div class=\"prodview-info-about\">\n<div class=\"prodview-info-about\">\n<div class=\"prodview-info-about\">\n<div class=\"prodview-info-about\">\n<div class=\"prodview-info-about\">\n<div class=\"prodview-info-about\">\n<div class=\"prodview-info-about\">\n<p>Atkritumu maisi Extra biezi, paredz\u0113ti b\u016bvgru\u017eiem un citiem smagiem atkritumiem.<br \/>\nRull\u012b 10 gabali, ar perfor\u0101ciju, viegli nopl\u0113\u0161ami. Izgatavoti no zema bl\u012bvuma divsl\u0101\u0146u polietil\u0113na (LDPE).<\/p>\n<p><strong>Produkta specifik\u0101cija<\/strong><\/p>\n<table width=\"705\">\n<tbody>\n<tr>\n<td>Platums<\/td>\n<td>75cm<\/td>\n<\/tr>\n<tr>\n<td>Augstums<\/td>\n<td>135cm<\/td>\n<\/tr>\n<tr>\n<td>Tilpums<\/td>\n<td>200l<\/td>\n<\/tr>\n<tr>\n<td>Kr\u0101sa<\/td>\n<td>Melna<\/td>\n<\/tr>\n<tr>\n<td>Materi\u0101ls<\/td>\n<td>LDPE<\/td>\n<\/tr>\n<tr>\n<td>Skaits rull\u012b<\/td>\n<td>10<\/td>\n<\/tr>\n<tr>\n<td>Daudz. kast\u0113<\/td>\n<td>10<\/td>\n<\/tr>\n<\/tbody>\n<\/table>\n<\/div>\n<\/div>\n<\/div>\n<\/div>\n<\/div>\n<\/div>\n<\/div>\n<\/div>\n<\/div>\n<\/div>\n","protected":false},"excerpt":{"rendered":"<div class=\"item_meta\"><\/div>\n<div><\/div>\n","protected":false},"featured_media":2410,"template":"","meta":{"inline_featured_image":false},"product_cat":[142],"product_tag":[],"class_list":{"0":"post-2420","1":"product","2":"type-product","3":"status-publish","4":"has-post-thumbnail","6":"product_cat-atkritumu-maisi-ldpe-30-350l-extra-biezi","8":"first","9":"instock","10":"taxable","11":"shipping-taxable","12":"purchasable","13":"product-type-simple","14":"add-to-wishlist-after_add_to_cart"},"_links":{"self":[{"href":"https:\/\/alkaline.lv\/en\/wp-json\/wp\/v2\/product\/2420"}],"collection":[{"href":"https:\/\/alkaline.lv\/en\/wp-json\/wp\/v2\/product"}],"about":[{"href":"https:\/\/alkaline.lv\/en\/wp-json\/wp\/v2\/types\/product"}],"wp:featuredmedia":[{"embeddable":true,"href":"https:\/\/alkaline.lv\/en\/wp-json\/wp\/v2\/media\/2410"}],"wp:attachment":[{"href":"https:\/\/alkaline.lv\/en\/wp-json\/wp\/v2\/media?parent=2420"}],"wp:term":[{"taxonomy":"product_cat","embeddable":true,"href":"https:\/\/alkaline.lv\/en\/wp-json\/wp\/v2\/product_cat?post=2420"},{"taxonomy":"product_tag","embeddable":true,"href":"https:\/\/alkaline.lv\/en\/wp-json\/wp\/v2\/product_tag?post=2420"}],"curies":[{"name":"wp","href":"https:\/\/api.w.org\/{rel}","templated":true}]}}