{"id":2425,"date":"2021-03-18T12:49:16","date_gmt":"2021-03-18T10:49:16","guid":{"rendered":"https:\/\/alkaline.lv\/?post_type=product&#038;p=2425"},"modified":"2022-12-04T20:53:54","modified_gmt":"2022-12-04T18:53:54","slug":"atkritumu-maisi-extra-biezi-300l-120x135cm-50my-5gb-rul-ldpe-melni","status":"publish","type":"product","link":"https:\/\/alkaline.lv\/en\/products\/atkritumu-maisi-extra-biezi-300l-120x135cm-50my-5gb-rul-ldpe-melni\/","title":{"rendered":"Atkritumu maisi Spino, Extra biezi, 300L, (120x135cm) 50my, 5gb\/rul., LDPE, melns"},"content":{"rendered":"<div class=\"item_meta\">\n<div class=\"prodview-info-about\">\n<div class=\"prodview-info-about\">\n<div class=\"prodview-info-about\">\n<div class=\"prodview-info-about\">\n<div class=\"prodview-info-about\">\n<div class=\"prodview-info-about\">\n<p>Atkritumu maisi SPINO, \u012bpa\u0161i iztur\u012bgi, paredz\u0113ti b\u016bvgru\u017eiem un citiem smagiem atkritumiem.<br \/>\nRull\u012b 5 gabali, ar perfor\u0101ciju, viegli nopl\u0113\u0161ami. Izgatavoti no zema bl\u012bvuma divsl\u0101\u0146u polietil\u0113na (LDPE).<\/p>\n<h2><strong>Produkta specifik\u0101cija<\/strong><\/h2>\n<table width=\"705\">\n<tbody>\n<tr>\n<td>Platums<\/td>\n<td>120cm<\/td>\n<\/tr>\n<tr>\n<td>Augstums<\/td>\n<td>135cm<\/td>\n<\/tr>\n<tr>\n<td>Tilpums<\/td>\n<td>300l<\/td>\n<\/tr>\n<tr>\n<td>Kr\u0101sa<\/td>\n<td>Melna<\/td>\n<\/tr>\n<tr>\n<td>Materi\u0101ls<\/td>\n<td>LDPE<\/td>\n<\/tr>\n<tr>\n<td>Skaits rull\u012b<\/td>\n<td>5<\/td>\n<\/tr>\n<tr>\n<td>Daudz. kast\u0113<\/td>\n<td>10<\/td>\n<\/tr>\n<\/tbody>\n<\/table>\n<\/div>\n<\/div>\n<\/div>\n<\/div>\n<\/div>\n<\/div>\n<\/div>\n","protected":false},"excerpt":{"rendered":"<p>Atkritumu maisi SPINO, \u012bpa\u0161i iztur\u012bgi, paredz\u0113ti b\u016bvgru\u017eiem un citiem smagiem atkritumiem. Rull\u012b 5 gabali, ar perfor\u0101ciju, viegli nopl\u0113\u0161ami. Izgatavoti no zema bl\u012bvuma divsl\u0101\u0146u polietil\u0113na (LDPE). Produkta specifik\u0101cija Platums 120cm Augstums 135cm Tilpums 300l Kr\u0101sa Melna Materi\u0101ls LDPE Skaits rull\u012b 5 Daudz. kast\u0113 10<\/p>\n","protected":false},"featured_media":2426,"template":"","meta":{"inline_featured_image":false},"product_cat":[142],"product_tag":[],"class_list":{"0":"post-2425","1":"product","2":"type-product","3":"status-publish","4":"has-post-thumbnail","6":"product_cat-atkritumu-maisi-ldpe-30-350l-extra-biezi","8":"first","9":"instock","10":"taxable","11":"shipping-taxable","12":"purchasable","13":"product-type-simple","14":"add-to-wishlist-after_add_to_cart"},"_links":{"self":[{"href":"https:\/\/alkaline.lv\/en\/wp-json\/wp\/v2\/product\/2425"}],"collection":[{"href":"https:\/\/alkaline.lv\/en\/wp-json\/wp\/v2\/product"}],"about":[{"href":"https:\/\/alkaline.lv\/en\/wp-json\/wp\/v2\/types\/product"}],"wp:featuredmedia":[{"embeddable":true,"href":"https:\/\/alkaline.lv\/en\/wp-json\/wp\/v2\/media\/2426"}],"wp:attachment":[{"href":"https:\/\/alkaline.lv\/en\/wp-json\/wp\/v2\/media?parent=2425"}],"wp:term":[{"taxonomy":"product_cat","embeddable":true,"href":"https:\/\/alkaline.lv\/en\/wp-json\/wp\/v2\/product_cat?post=2425"},{"taxonomy":"product_tag","embeddable":true,"href":"https:\/\/alkaline.lv\/en\/wp-json\/wp\/v2\/product_tag?post=2425"}],"curies":[{"name":"wp","href":"https:\/\/api.w.org\/{rel}","templated":true}]}}