{"id":2450,"date":"2021-03-18T13:44:38","date_gmt":"2021-03-18T11:44:38","guid":{"rendered":"https:\/\/alkaline.lv\/?post_type=product&#038;p=2450"},"modified":"2022-12-04T20:33:47","modified_gmt":"2022-12-04T18:33:47","slug":"atkritumu-maisi-ulith-60lhdpe-63x74cm-5my-50gb-rul-caursp","status":"publish","type":"product","link":"https:\/\/alkaline.lv\/en\/products\/atkritumu-maisi-ulith-60lhdpe-63x74cm-5my-50gb-rul-caursp\/","title":{"rendered":"Atkritumu maisi Ulith, 60L, HDPE, (63x74cm) 5my, 50gb\/rul., caursp."},"content":{"rendered":"<p>Caursp\u012bd\u012bgi atkritumu maisi, piem\u0113roti sadz\u012bves atkritumiem.<br \/>\nPateicoties savai neuzkr\u012bto\u0161ajai kr\u0101sai tie ir \u012bpa\u0161i piem\u0113roti<br \/>\nlieto\u0161anai birojos, kabinetos un telp\u0101s, kur pap\u012brgrozi ir viegli<br \/>\npaman\u0101mi, ta\u010du tiem neb\u016btu v\u0113lams izcelties uz kop\u0113j\u0101<br \/>\ninterjera fona. Rull\u012b 50 gabali, ar perfor\u0101ciju, viegli nopl\u0113\u0161ami.<br \/>\nIzgatavoti no augsta bl\u012bvuma polietil\u0113na (HDPE).<\/p>\n<h2><strong>Produkta specifik\u0101cija<\/strong><\/h2>\n<table width=\"705\">\n<tbody>\n<tr>\n<td>Platums<\/td>\n<td>63cm<\/td>\n<\/tr>\n<tr>\n<td>Augstums<\/td>\n<td>74cm<\/td>\n<\/tr>\n<tr>\n<td>Tilpums<\/td>\n<td>60l<\/td>\n<\/tr>\n<tr>\n<td>Kr\u0101sa<\/td>\n<td>Caursp\u012bd\u012bga<\/td>\n<\/tr>\n<tr>\n<td>Materi\u0101ls<\/td>\n<td>HDPE<\/td>\n<\/tr>\n<tr>\n<td>Skaits rull\u012b<\/td>\n<td>50<\/td>\n<\/tr>\n<tr>\n<td>Daudz. kast\u0113<\/td>\n<td>40<\/td>\n<\/tr>\n<\/tbody>\n<\/table>\n","protected":false},"excerpt":{"rendered":"<p>Caursp\u012bd\u012bgi atkritumu maisi, piem\u0113roti sadz\u012bves atkritumiem. Pateicoties savai neuzkr\u012bto\u0161ajai kr\u0101sai tie ir \u012bpa\u0161i piem\u0113roti lieto\u0161anai birojos, kabinetos un telp\u0101s, kur pap\u012brgrozi ir viegli paman\u0101mi, ta\u010du tiem neb\u016btu v\u0113lams izcelties uz kop\u0113j\u0101 interjera fona. Rull\u012b 50 gabali, ar perfor\u0101ciju, viegli nopl\u0113\u0161ami. Izgatavoti no augsta bl\u012bvuma polietil\u0113na (HDPE). Produkta specifik\u0101cija Platums 63cm Augstums 74cm Tilpums 60l Kr\u0101sa [&hellip;]<\/p>\n","protected":false},"featured_media":2439,"template":"","meta":{"inline_featured_image":false},"product_cat":[139],"product_tag":[],"class_list":{"0":"post-2450","1":"product","2":"type-product","3":"status-publish","4":"has-post-thumbnail","6":"product_cat-atkritumu-maisi-hdpe-15-100l-planie","8":"first","9":"instock","10":"taxable","11":"shipping-taxable","12":"purchasable","13":"product-type-simple","14":"add-to-wishlist-after_add_to_cart"},"_links":{"self":[{"href":"https:\/\/alkaline.lv\/en\/wp-json\/wp\/v2\/product\/2450","targetHints":{"allow":["GET"]}}],"collection":[{"href":"https:\/\/alkaline.lv\/en\/wp-json\/wp\/v2\/product"}],"about":[{"href":"https:\/\/alkaline.lv\/en\/wp-json\/wp\/v2\/types\/product"}],"wp:featuredmedia":[{"embeddable":true,"href":"https:\/\/alkaline.lv\/en\/wp-json\/wp\/v2\/media\/2439"}],"wp:attachment":[{"href":"https:\/\/alkaline.lv\/en\/wp-json\/wp\/v2\/media?parent=2450"}],"wp:term":[{"taxonomy":"product_cat","embeddable":true,"href":"https:\/\/alkaline.lv\/en\/wp-json\/wp\/v2\/product_cat?post=2450"},{"taxonomy":"product_tag","embeddable":true,"href":"https:\/\/alkaline.lv\/en\/wp-json\/wp\/v2\/product_tag?post=2450"}],"curies":[{"name":"wp","href":"https:\/\/api.w.org\/{rel}","templated":true}]}}