{"id":2451,"date":"2021-03-18T13:47:52","date_gmt":"2021-03-18T11:47:52","guid":{"rendered":"https:\/\/alkaline.lv\/?post_type=product&#038;p=2451"},"modified":"2024-02-19T09:50:27","modified_gmt":"2024-02-19T07:50:27","slug":"atkritumu-maisi-spino-70lhdpe-68x86cm-12my-15gb-rul-melns","status":"publish","type":"product","link":"https:\/\/alkaline.lv\/en\/products\/atkritumu-maisi-spino-70lhdpe-68x86cm-12my-15gb-rul-melns\/","title":{"rendered":"Atkritumu maisi Spino, 70L,HDPE, (68x86cm) 12my, 15gb\/rul., melns"},"content":{"rendered":"<h2>Melni atkritumu maisi SPINO, piem\u0113roti sadz\u012bves atkritumiem.<br \/>\nRull\u012b 15 gabali, ar perfor\u0101ciju, viegli nopl\u0113\u0161ami. Izgatavoti no<br \/>\naugsta bl\u012bvuma polietil\u0113na (HDPE).<\/h2>\n<h2><strong>Produkta specifik\u0101cija<\/strong><\/h2>\n<table width=\"705\">\n<tbody>\n<tr>\n<td>Platums<\/td>\n<td>68cm<\/td>\n<\/tr>\n<tr>\n<td>Augstums<\/td>\n<td>86cm<\/td>\n<\/tr>\n<tr>\n<td>Tilpums<\/td>\n<td>70l<\/td>\n<\/tr>\n<tr>\n<td>Kr\u0101sa<\/td>\n<td>Melna<\/td>\n<\/tr>\n<tr>\n<td>Materi\u0101ls<\/td>\n<td>HDPE<\/td>\n<\/tr>\n<tr>\n<td>Skaits rull\u012b<\/td>\n<td>15<\/td>\n<\/tr>\n<tr>\n<td>Daudz. kast\u0113<\/td>\n<td>25<\/td>\n<\/tr>\n<\/tbody>\n<\/table>\n<p>&nbsp;<\/p>\n","protected":false},"excerpt":{"rendered":"<div class=\"item_meta\"><\/div>\n<div><\/div>\n","protected":false},"featured_media":2452,"template":"","meta":{"inline_featured_image":false},"product_cat":[139],"product_tag":[],"class_list":{"0":"post-2451","1":"product","2":"type-product","3":"status-publish","4":"has-post-thumbnail","6":"product_cat-atkritumu-maisi-hdpe-15-100l-planie","8":"first","9":"instock","10":"taxable","11":"shipping-taxable","12":"purchasable","13":"product-type-simple","14":"add-to-wishlist-after_add_to_cart"},"_links":{"self":[{"href":"https:\/\/alkaline.lv\/en\/wp-json\/wp\/v2\/product\/2451"}],"collection":[{"href":"https:\/\/alkaline.lv\/en\/wp-json\/wp\/v2\/product"}],"about":[{"href":"https:\/\/alkaline.lv\/en\/wp-json\/wp\/v2\/types\/product"}],"wp:featuredmedia":[{"embeddable":true,"href":"https:\/\/alkaline.lv\/en\/wp-json\/wp\/v2\/media\/2452"}],"wp:attachment":[{"href":"https:\/\/alkaline.lv\/en\/wp-json\/wp\/v2\/media?parent=2451"}],"wp:term":[{"taxonomy":"product_cat","embeddable":true,"href":"https:\/\/alkaline.lv\/en\/wp-json\/wp\/v2\/product_cat?post=2451"},{"taxonomy":"product_tag","embeddable":true,"href":"https:\/\/alkaline.lv\/en\/wp-json\/wp\/v2\/product_tag?post=2451"}],"curies":[{"name":"wp","href":"https:\/\/api.w.org\/{rel}","templated":true}]}}