{"id":25072,"date":"2022-05-31T19:17:06","date_gmt":"2022-05-31T16:17:06","guid":{"rendered":"https:\/\/alkaline.lv\/products\/malta-kafija-lavazza-club-bundza-250-g\/"},"modified":"2023-05-11T21:59:16","modified_gmt":"2023-05-11T18:59:16","slug":"malta-kafija-lavazza-club-bundza-250-g","status":"publish","type":"product","link":"https:\/\/alkaline.lv\/en\/products\/malta-kafija-lavazza-club-bundza-250-g\/","title":{"rendered":"Malt\u0101 kafija Lavazza Club, bund\u017e\u0101, 250g"},"content":{"rendered":"<p>Rad\u012bta no lab\u0101kaj\u0101m Lat\u012b\u0146amerikas arabika kafijas pupi\u0146\u0101m<br \/>\n100% Arabika<br \/>\nPies\u0101tin\u0101ts un izsmalcin\u0101ts arom\u0101ts<br \/>\nVid\u0113js grauzd\u0113jums<br \/>\nParedz\u0113ta visiem pagatavo\u0161anas veidiem<\/p>\n","protected":false},"excerpt":{"rendered":"<p>Rad\u012bta no lab\u0101kaj\u0101m Lat\u012b\u0146amerikas arabika kafijas pupi\u0146\u0101m 100% Arabika Pies\u0101tin\u0101ts un izsmalcin\u0101ts arom\u0101ts Vid\u0113js grauzd\u0113jums Paredz\u0113ta visiem pagatavo\u0161anas veidiem<\/p>\n","protected":false},"featured_media":49555,"template":"","meta":{"inline_featured_image":false},"product_cat":[1152],"product_tag":[],"class_list":{"0":"post-25072","1":"product","2":"type-product","3":"status-publish","4":"has-post-thumbnail","6":"product_cat-malta-kafija","8":"first","9":"instock","10":"taxable","11":"shipping-taxable","12":"purchasable","13":"product-type-simple","14":"add-to-wishlist-after_add_to_cart"},"_links":{"self":[{"href":"https:\/\/alkaline.lv\/en\/wp-json\/wp\/v2\/product\/25072"}],"collection":[{"href":"https:\/\/alkaline.lv\/en\/wp-json\/wp\/v2\/product"}],"about":[{"href":"https:\/\/alkaline.lv\/en\/wp-json\/wp\/v2\/types\/product"}],"wp:featuredmedia":[{"embeddable":true,"href":"https:\/\/alkaline.lv\/en\/wp-json\/wp\/v2\/media\/49555"}],"wp:attachment":[{"href":"https:\/\/alkaline.lv\/en\/wp-json\/wp\/v2\/media?parent=25072"}],"wp:term":[{"taxonomy":"product_cat","embeddable":true,"href":"https:\/\/alkaline.lv\/en\/wp-json\/wp\/v2\/product_cat?post=25072"},{"taxonomy":"product_tag","embeddable":true,"href":"https:\/\/alkaline.lv\/en\/wp-json\/wp\/v2\/product_tag?post=25072"}],"curies":[{"name":"wp","href":"https:\/\/api.w.org\/{rel}","templated":true}]}}