{"id":25115,"date":"2022-05-31T19:17:27","date_gmt":"2022-05-31T16:17:27","guid":{"rendered":"https:\/\/alkaline.lv\/products\/malta-kafija-lavazza-espresso-vakuuma-250-g\/"},"modified":"2023-05-11T07:30:14","modified_gmt":"2023-05-11T04:30:14","slug":"malta-kafija-lavazza-espresso-vakuuma-250-g","status":"publish","type":"product","link":"https:\/\/alkaline.lv\/en\/products\/malta-kafija-lavazza-espresso-vakuuma-250-g\/","title":{"rendered":"Malt\u0101 kafija Lavazza Espresso, vakuum\u0101, 250g"},"content":{"rendered":"<p>Klasisks it\u0101\u013cu espresso. Ide\u0101li piem\u0113rots tiem, kas iem\u012bl\u0113ju\u0161i stipru kafiju gan espresso, gan pagatavo\u0161an\u0101 kop\u0101 ar pienu<br \/>\n100% Arabika<br \/>\nIntens\u012bva un samtaina gar\u0161a<br \/>\nVid\u0113js grauzd\u0113jums<br \/>\nParedz\u0113ta visiem pagatavo\u0161anas veidiem<\/p>\n","protected":false},"excerpt":{"rendered":"<p>Klasisks it\u0101\u013cu espresso. Ide\u0101li piem\u0113rots tiem, kas iem\u012bl\u0113ju\u0161i stipru kafiju gan espresso, gan pagatavo\u0161an\u0101 kop\u0101 ar pienu 100% Arabika Intens\u012bva un samtaina gar\u0161a Vid\u0113js grauzd\u0113jums Paredz\u0113ta visiem pagatavo\u0161anas veidiem<\/p>\n","protected":false},"featured_media":25116,"template":"","meta":{"inline_featured_image":false},"product_cat":[1152],"product_tag":[],"class_list":{"0":"post-25115","1":"product","2":"type-product","3":"status-publish","4":"has-post-thumbnail","6":"product_cat-malta-kafija","8":"first","9":"instock","10":"taxable","11":"shipping-taxable","12":"purchasable","13":"product-type-simple","14":"add-to-wishlist-after_add_to_cart"},"_links":{"self":[{"href":"https:\/\/alkaline.lv\/en\/wp-json\/wp\/v2\/product\/25115","targetHints":{"allow":["GET"]}}],"collection":[{"href":"https:\/\/alkaline.lv\/en\/wp-json\/wp\/v2\/product"}],"about":[{"href":"https:\/\/alkaline.lv\/en\/wp-json\/wp\/v2\/types\/product"}],"wp:featuredmedia":[{"embeddable":true,"href":"https:\/\/alkaline.lv\/en\/wp-json\/wp\/v2\/media\/25116"}],"wp:attachment":[{"href":"https:\/\/alkaline.lv\/en\/wp-json\/wp\/v2\/media?parent=25115"}],"wp:term":[{"taxonomy":"product_cat","embeddable":true,"href":"https:\/\/alkaline.lv\/en\/wp-json\/wp\/v2\/product_cat?post=25115"},{"taxonomy":"product_tag","embeddable":true,"href":"https:\/\/alkaline.lv\/en\/wp-json\/wp\/v2\/product_tag?post=25115"}],"curies":[{"name":"wp","href":"https:\/\/api.w.org\/{rel}","templated":true}]}}