{"id":2557,"date":"2021-03-25T17:30:42","date_gmt":"2021-03-25T15:30:42","guid":{"rendered":"https:\/\/alkaline.lv\/?post_type=product&#038;p=2557"},"modified":"2023-02-01T14:24:24","modified_gmt":"2023-02-01T12:24:24","slug":"maisu-ratini-180-kg-2-pneimatiski-riteni","status":"publish","type":"product","link":"https:\/\/alkaline.lv\/en\/products\/maisu-ratini-180-kg-2-pneimatiski-riteni\/","title":{"rendered":"Maisu rati\u0146i 180 kg, 2 pneimatiski rite\u0146i"},"content":{"rendered":"<div class=\"item_meta\">\n<div class=\"prodview-info-about\">\n<div class=\"prodview-info-about\">\n<div class=\"prodview-info-about\">\n<div class=\"prodview-info-about\">\n<div class=\"prodview-info-about\">\n<div class=\"prodview-info-about\">\n<div class=\"prodview-info-about\">\n<div class=\"prodview-info-about\">\n<div class=\"row\">\n<div class=\"col-7\">\n<ul>\n<li>P\u0101rkl\u0101jums &#8211; pulverkr\u0101sots<\/li>\n<li>Rite\u0146u tips &#8211; pneimatisks<\/li>\n<li>Kravnes\u012bba &#8211; 180 kg<\/li>\n<\/ul>\n<\/div>\n<\/div>\n<\/div>\n<\/div>\n<\/div>\n<\/div>\n<\/div>\n<\/div>\n<\/div>\n<\/div>\n<\/div>\n","protected":false},"excerpt":{"rendered":"<div class=\"item_meta\"><\/div>\n<div><\/div>\n","protected":false},"featured_media":2558,"template":"","meta":{"inline_featured_image":false},"product_cat":[1762],"product_tag":[],"class_list":{"0":"post-2557","1":"product","2":"type-product","3":"status-publish","4":"has-post-thumbnail","6":"product_cat-kravu-ratini","8":"first","9":"instock","10":"taxable","11":"shipping-taxable","12":"purchasable","13":"product-type-simple","14":"add-to-wishlist-after_add_to_cart"},"_links":{"self":[{"href":"https:\/\/alkaline.lv\/en\/wp-json\/wp\/v2\/product\/2557","targetHints":{"allow":["GET"]}}],"collection":[{"href":"https:\/\/alkaline.lv\/en\/wp-json\/wp\/v2\/product"}],"about":[{"href":"https:\/\/alkaline.lv\/en\/wp-json\/wp\/v2\/types\/product"}],"wp:featuredmedia":[{"embeddable":true,"href":"https:\/\/alkaline.lv\/en\/wp-json\/wp\/v2\/media\/2558"}],"wp:attachment":[{"href":"https:\/\/alkaline.lv\/en\/wp-json\/wp\/v2\/media?parent=2557"}],"wp:term":[{"taxonomy":"product_cat","embeddable":true,"href":"https:\/\/alkaline.lv\/en\/wp-json\/wp\/v2\/product_cat?post=2557"},{"taxonomy":"product_tag","embeddable":true,"href":"https:\/\/alkaline.lv\/en\/wp-json\/wp\/v2\/product_tag?post=2557"}],"curies":[{"name":"wp","href":"https:\/\/api.w.org\/{rel}","templated":true}]}}