{"id":2595,"date":"2021-03-25T18:32:09","date_gmt":"2021-03-25T16:32:09","guid":{"rendered":"https:\/\/alkaline.lv\/?post_type=product&#038;p=2595"},"modified":"2022-11-18T18:48:30","modified_gmt":"2022-11-18T16:48:30","slug":"kerra-cargo-renovation-110l-zala-pneimatisks-ritenis","status":"publish","type":"product","link":"https:\/\/alkaline.lv\/en\/products\/kerra-cargo-renovation-110l-zala-pneimatisks-ritenis\/","title":{"rendered":"\u0136erra CARGO RENOVATION 110l, za\u013ca, pneimatisks ritenis"},"content":{"rendered":"<div class=\"item_meta\">\n<div class=\"prodview-info-about\">\n<div class=\"prodview-info-about\">\n<div class=\"prodview-info-about\">\n<div class=\"prodview-info-about\">\n<div class=\"prodview-info-about\">\n<div class=\"prodview-info-about\">\n<div class=\"prodview-info-about\">\n<div class=\"prodview-info-about\">\n<div class=\"row\">\n<div class=\"col-7\">\n<ul>\n<li>Tilpums &#8211; 110l<\/li>\n<li>P\u0101rkl\u0101jums &#8211; pulverkr\u0101sots<\/li>\n<li>Rite\u0146u tips &#8211; pneimatisks<\/li>\n<li>Kravnes\u012bba &#8211; 250 kg<\/li>\n<\/ul>\n<\/div>\n<\/div>\n<\/div>\n<\/div>\n<\/div>\n<\/div>\n<\/div>\n<\/div>\n<\/div>\n<\/div>\n<\/div>\n","protected":false},"excerpt":{"rendered":"<div class=\"item_meta\"><\/div>\n<div><\/div>\n","protected":false},"featured_media":2596,"template":"","meta":{"inline_featured_image":false},"product_cat":[150],"product_tag":[],"class_list":{"0":"post-2595","1":"product","2":"type-product","3":"status-publish","4":"has-post-thumbnail","6":"product_cat-kerras-darza-inventars","8":"first","9":"instock","10":"taxable","11":"shipping-taxable","12":"purchasable","13":"product-type-simple","14":"add-to-wishlist-after_add_to_cart"},"_links":{"self":[{"href":"https:\/\/alkaline.lv\/en\/wp-json\/wp\/v2\/product\/2595"}],"collection":[{"href":"https:\/\/alkaline.lv\/en\/wp-json\/wp\/v2\/product"}],"about":[{"href":"https:\/\/alkaline.lv\/en\/wp-json\/wp\/v2\/types\/product"}],"wp:featuredmedia":[{"embeddable":true,"href":"https:\/\/alkaline.lv\/en\/wp-json\/wp\/v2\/media\/2596"}],"wp:attachment":[{"href":"https:\/\/alkaline.lv\/en\/wp-json\/wp\/v2\/media?parent=2595"}],"wp:term":[{"taxonomy":"product_cat","embeddable":true,"href":"https:\/\/alkaline.lv\/en\/wp-json\/wp\/v2\/product_cat?post=2595"},{"taxonomy":"product_tag","embeddable":true,"href":"https:\/\/alkaline.lv\/en\/wp-json\/wp\/v2\/product_tag?post=2595"}],"curies":[{"name":"wp","href":"https:\/\/api.w.org\/{rel}","templated":true}]}}