{"id":26095,"date":"2022-05-31T19:28:01","date_gmt":"2022-05-31T16:28:01","guid":{"rendered":"https:\/\/alkaline.lv\/products\/skistosa-kafija-nescafe-classic-crema-stikla-burcina-100-g\/"},"modified":"2022-07-12T13:15:30","modified_gmt":"2022-07-12T10:15:30","slug":"skistosa-kafija-nescafe-classic-crema-stikla-burcina-100-g","status":"publish","type":"product","link":"https:\/\/alkaline.lv\/en\/products\/skistosa-kafija-nescafe-classic-crema-stikla-burcina-100-g\/","title":{"rendered":"\u0160\u0137\u012bsto\u0161\u0101 kafija NESCAFE CLASSIC Crema, stikla burci\u0146\u0101, 100 g"},"content":{"rendered":"<p>NESCAFE Classic Crema \u0161\u0137\u012bsto\u0161\u0101 kafija (stikls)100g<\/p>\n","protected":false},"excerpt":{"rendered":"<p>NESCAFE Classic Crema \u0161\u0137\u012bsto\u0161\u0101 kafija (stikls)100g<\/p>\n","protected":false},"featured_media":26096,"template":"","meta":{"inline_featured_image":false},"product_cat":[1147,1153],"product_tag":[],"class_list":{"0":"post-26095","1":"product","2":"type-product","3":"status-publish","4":"has-post-thumbnail","6":"product_cat-kafija","7":"product_cat-skistosa-kafija","9":"first","10":"instock","11":"purchasable","12":"product-type-simple","13":"add-to-wishlist-after_add_to_cart"},"_links":{"self":[{"href":"https:\/\/alkaline.lv\/en\/wp-json\/wp\/v2\/product\/26095"}],"collection":[{"href":"https:\/\/alkaline.lv\/en\/wp-json\/wp\/v2\/product"}],"about":[{"href":"https:\/\/alkaline.lv\/en\/wp-json\/wp\/v2\/types\/product"}],"wp:featuredmedia":[{"embeddable":true,"href":"https:\/\/alkaline.lv\/en\/wp-json\/wp\/v2\/media\/26096"}],"wp:attachment":[{"href":"https:\/\/alkaline.lv\/en\/wp-json\/wp\/v2\/media?parent=26095"}],"wp:term":[{"taxonomy":"product_cat","embeddable":true,"href":"https:\/\/alkaline.lv\/en\/wp-json\/wp\/v2\/product_cat?post=26095"},{"taxonomy":"product_tag","embeddable":true,"href":"https:\/\/alkaline.lv\/en\/wp-json\/wp\/v2\/product_tag?post=26095"}],"curies":[{"name":"wp","href":"https:\/\/api.w.org\/{rel}","templated":true}]}}